{"id":5381,"date":"2020-12-19T18:45:36","date_gmt":"2020-12-19T18:45:36","guid":{"rendered":"http:\/\/janczochralski.com\/?page_id=5381"},"modified":"2025-09-27T10:30:16","modified_gmt":"2025-09-27T10:30:16","slug":"ksiazki","status":"publish","type":"page","link":"http:\/\/janczochralski.com\/en\/ksiazki\/","title":{"rendered":"Books"},"content":{"rendered":"<div class=\"gb-container gb-container-92611472\"><div class=\"gb-inside-container\">\n<div class=\"gb-container gb-container-f10c4e56\"><div class=\"gb-inside-container\">\n\n<h2 class=\"gb-headline gb-headline-081e007c gb-headline-text\">Recommended English books about Prof. Jan Czochralski \ud83c\uddec\ud83c\udde7<\/h2>\n\n\n<div class=\"gb-grid-wrapper gb-grid-wrapper-ac135592\">\n<div class=\"gb-grid-column gb-grid-column-eda4a2c5\"><div class=\"gb-container gb-container-eda4a2c5\"><div class=\"gb-inside-container\">\n\n<h3 class=\"gb-headline gb-headline-64ed3410\"><span class=\"gb-icon\"><svg aria-hidden=\"true\" height=\"1em\" width=\"1em\" viewBox=\"0 0 448 512\" xmlns=\"http:\/\/www.w3.org\/2000\/svg\"><path fill=\"currentColor\" d=\"M448 360V24c0-13.3-10.7-24-24-24H96C43 0 0 43 0 96v320c0 53 43 96 96 96h328c13.3 0 24-10.7 24-24v-16c0-7.5-3.5-14.3-8.9-18.7-4.2-15.4-4.2-59.3 0-74.7 5.4-4.3 8.9-11.1 8.9-18.6zM128 134c0-3.3 2.7-6 6-6h212c3.3 0 6 2.7 6 6v20c0 3.3-2.7 6-6 6H134c-3.3 0-6-2.7-6-6v-20zm0 64c0-3.3 2.7-6 6-6h212c3.3 0 6 2.7 6 6v20c0 3.3-2.7 6-6 6H134c-3.3 0-6-2.7-6-6v-20zm253.4 250H96c-17.7 0-32-14.3-32-32 0-17.6 14.4-32 32-32h285.4c-1.9 17.1-1.9 46.9 0 64z\"><\/path><\/svg><\/span><span class=\"gb-headline-text\">Jan Czochralski. Restored<\/span><\/h3>\n\n\n\n<p>The English-language version of the book previously published under the title &#8220;<em>Powr\u00f3t. Rzecz o Janie Czochralskim&#8221;<\/em>. The publication presents not only the life of Jan Czochralski and the role of his most significant discovery (the so-called Czochralski method for producing single crystals) in the development of our silicon crystal-based civilization, but also includes an extensive bibliography and a complete list of his publications and patents. It is also a story of the repeated efforts to restore the scientist&#8217;s good name and the latest discoveries made in Polish (AK documents), Czech, and German archives (a film from 1927).<\/p>\n\n\n\n<h4 class=\"gb-headline gb-headline-0c2d52c8 gb-headline-text\"><span style=\"text-decoration: underline;\">Information<\/span><\/h4>\n\n\n\n<p>Author: Pawe\u0142 E. Tomaszewski<br>Publisher: Oficyna Wydawnicza ATUT<br>Language: angielski<br>Publication Year: 2013<br>Pages: 298<br>Cover type: hardcover<\/p>\n\n\n\n<div class=\"wp-block-buttons is-layout-flex wp-block-buttons-is-layout-flex\">\n<div class=\"wp-block-button\"><a class=\"wp-block-button__link wp-element-button\" href=\"https:\/\/www.atutoficyna.pl\/szukaj?func=productPage&amp;wid=57&amp;pid=1380&amp;cid=0&amp;prid=\" target=\"_blank\" rel=\"noreferrer noopener\">Link to the bookstore<\/a><\/div>\n<\/div>\n\n<\/div><\/div><\/div>\n\n<div class=\"gb-grid-column gb-grid-column-7acb3459\"><div class=\"gb-container gb-container-7acb3459\"><div class=\"gb-inside-container\">\n\n<figure class=\"wp-block-image size-full is-resized\"><img loading=\"lazy\" decoding=\"async\" width=\"540\" height=\"770\" src=\"http:\/\/janczochralski.com\/wp-content\/uploads\/2025\/09\/RESTORED_Czochralski_powrot_ang.jpg\" alt=\"\" class=\"wp-image-7058\" style=\"width:270px\" srcset=\"http:\/\/janczochralski.com\/wp-content\/uploads\/2025\/09\/RESTORED_Czochralski_powrot_ang.jpg 540w, http:\/\/janczochralski.com\/wp-content\/uploads\/2025\/09\/RESTORED_Czochralski_powrot_ang-210x300.jpg 210w\" sizes=\"auto, (max-width: 540px) 100vw, 540px\" \/><\/figure>\n\n<\/div><\/div><\/div>\n<\/div>\n<\/div><\/div>\n\n\n<hr class=\"wp-block-separator has-text-color has-accent-color has-alpha-channel-opacity has-accent-background-color has-background aligncenter is-style-dots\"\/>\n\n\n<div class=\"gb-container gb-container-f840f24d\"><div class=\"gb-inside-container\">\n<div class=\"gb-grid-wrapper gb-grid-wrapper-76c379ff\">\n<div class=\"gb-grid-column gb-grid-column-3c405a99\"><div class=\"gb-container gb-container-3c405a99\"><div class=\"gb-inside-container\">\n\n<h3 class=\"gb-headline gb-headline-788436b8\"><span class=\"gb-icon\"><svg aria-hidden=\"true\" height=\"1em\" width=\"1em\" viewBox=\"0 0 448 512\" xmlns=\"http:\/\/www.w3.org\/2000\/svg\"><path fill=\"currentColor\" d=\"M448 360V24c0-13.3-10.7-24-24-24H96C43 0 0 43 0 96v320c0 53 43 96 96 96h328c13.3 0 24-10.7 24-24v-16c0-7.5-3.5-14.3-8.9-18.7-4.2-15.4-4.2-59.3 0-74.7 5.4-4.3 8.9-11.1 8.9-18.6zM128 134c0-3.3 2.7-6 6-6h212c3.3 0 6 2.7 6 6v20c0 3.3-2.7 6-6 6H134c-3.3 0-6-2.7-6-6v-20zm0 64c0-3.3 2.7-6 6-6h212c3.3 0 6 2.7 6 6v20c0 3.3-2.7 6-6 6H134c-3.3 0-6-2.7-6-6v-20zm253.4 250H96c-17.7 0-32-14.3-32-32 0-17.6 14.4-32 32-32h285.4c-1.9 17.1-1.9 46.9 0 64z\"><\/path><\/svg><\/span><span class=\"gb-headline-text\">Jan Czochralski i jego metoda \/ <br>Jan Czochralski and his method<\/span><\/h3>\n\n\n\n<p>The book was published on the occasion of the 50th anniversary of the death of this outstanding Polish scientist of the first half of the 20th century. He was a renowned metallurgist, chemist, and materials expert.<\/p>\n\n\n\n<p>He developed a series of new research methods, patents, etc. Today, in the midst of the electronic revolution, Professor Czochralski is primarily known for his famous and widely used crystal growth method, called the &#8220;Czochralski method,&#8221; published 85 years ago.<\/p>\n\n\n\n<h4 class=\"gb-headline gb-headline-08773fb1 gb-headline-text\"><span style=\"text-decoration: underline;\">Information<\/span>:<\/h4>\n\n\n\n<p>Author: Pawe\u0142 E. Tomaszewski<br>Publisher: Oficyna Wydawnicza ATUT<br>Language: polish<br>Publication Year: 2012<br>Pages: 308<br>Cover type: softcover<\/p>\n\n\n\n<div class=\"wp-block-buttons is-layout-flex wp-block-buttons-is-layout-flex\">\n<div class=\"wp-block-button\"><a class=\"wp-block-button__link wp-element-button\" href=\"https:\/\/www.atutoficyna.pl\/szukaj?func=productPage&amp;wid=57&amp;pid=1023&amp;cid=0&amp;prid=\" target=\"_blank\" rel=\"noreferrer noopener\">Link to the bookstore<\/a><\/div>\n<\/div>\n\n<\/div><\/div><\/div>\n\n<div class=\"gb-grid-column gb-grid-column-523fec6f\"><div class=\"gb-container gb-container-523fec6f\">\n\n<figure class=\"wp-block-image size-large is-resized is-style-default\"><img loading=\"lazy\" decoding=\"async\" width=\"549\" height=\"770\" src=\"http:\/\/janczochralski.com\/wp-content\/uploads\/2020\/12\/jan_czochralski_i_jego_metoda.jpg\" alt=\"\" class=\"wp-image-4662\" style=\"aspect-ratio:0.71280276816609;width:270px\" srcset=\"http:\/\/janczochralski.com\/wp-content\/uploads\/2020\/12\/jan_czochralski_i_jego_metoda.jpg 549w, http:\/\/janczochralski.com\/wp-content\/uploads\/2020\/12\/jan_czochralski_i_jego_metoda-214x300.jpg 214w\" sizes=\"auto, (max-width: 549px) 100vw, 549px\" \/><\/figure>\n\n<\/div><\/div>\n<\/div>\n<\/div><\/div>\n\n<div class=\"gb-container gb-container-fc7fac73\">\n<div class=\"gb-container gb-container-6975a3dc\">\n\n<h2 class=\"gb-headline gb-headline-91845337 gb-headline-text\">Recommended Polish books about Prof. Jan Czochralski \ud83c\uddf5\ud83c\uddf1<\/h2>\n\n\n<div class=\"gb-grid-wrapper gb-grid-wrapper-6fb93e32\">\n<div class=\"gb-grid-column gb-grid-column-32e5e33e\"><div class=\"gb-container gb-container-32e5e33e\"><div class=\"gb-inside-container\">\n\n<h3 class=\"gb-headline gb-headline-c1765c13\"><span class=\"gb-icon\"><svg aria-hidden=\"true\" height=\"1em\" width=\"1em\" viewBox=\"0 0 448 512\" xmlns=\"http:\/\/www.w3.org\/2000\/svg\"><path fill=\"currentColor\" d=\"M448 360V24c0-13.3-10.7-24-24-24H96C43 0 0 43 0 96v320c0 53 43 96 96 96h328c13.3 0 24-10.7 24-24v-16c0-7.5-3.5-14.3-8.9-18.7-4.2-15.4-4.2-59.3 0-74.7 5.4-4.3 8.9-11.1 8.9-18.6zM128 134c0-3.3 2.7-6 6-6h212c3.3 0 6 2.7 6 6v20c0 3.3-2.7 6-6 6H134c-3.3 0-6-2.7-6-6v-20zm0 64c0-3.3 2.7-6 6-6h212c3.3 0 6 2.7 6 6v20c0 3.3-2.7 6-6 6H134c-3.3 0-6-2.7-6-6v-20zm253.4 250H96c-17.7 0-32-14.3-32-32 0-17.6 14.4-32 32-32h285.4c-1.9 17.1-1.9 46.9 0 64z\"><\/path><\/svg><\/span><span class=\"gb-headline-text\">Powr\u00f3t. Rzecz o Janie Czochralskim (Wydanie II)<\/span><\/h3>\n\n\n\n<p>Who was Jan Czochralski (1885\u20131953), and what did he achieve to make his name the most frequently cited Polish surname in scientific publications worldwide? Are the titles &#8220;forefather of semiconductor electronics&#8221; and &#8220;father of modern electronic civilization&#8221; justified? Are the details of his cooperation with Polish military intelligence known?<\/p>\n\n\n\n<p>The presented book is the second edition, significantly expanded and updated, of a monograph from 2012 published on the occasion of the Year of Jan Czochralski. The intervening years have allowed for many new discoveries and clarifications regarding some mysteries in the life of this greatest contemporary Polish scientist. <em>Return: The Story of Jan Czochralski<\/em> not only showcases the scientist\u2019s life and the role of his most significant discovery from 1916 (the so-called Czochralski method for producing monocrystals), which became the foundation of today\u2019s electronic civilization, but also recounts the numerous efforts to restore Professor Czochralski\u2019s good name and the initiatives commemorating this fascinating individual and nature researcher.<\/p>\n\n\n\n<h4 class=\"gb-headline gb-headline-2fa47a45 gb-headline-text\"><span style=\"text-decoration: underline;\">Information<\/span>:<\/h4>\n\n\n\n<p>Author: Pawe\u0142 E. Tomaszewski<br>Publisher: Oficyna Wydawnicza ATUT<br>Language: polish<br>Publication Year: 2021<br>Pages: 680<br>Cover type: hardcover<\/p>\n\n\n\n<div class=\"wp-block-buttons is-layout-flex wp-block-buttons-is-layout-flex\">\n<div class=\"wp-block-button\"><a class=\"wp-block-button__link wp-element-button\" href=\"https:\/\/www.atutoficyna.pl\/szukaj?func=productPage&amp;wid=57&amp;pid=1822&amp;cid=0&amp;prid=\" target=\"_blank\" rel=\"noreferrer noopener\">Link to the bookstore<\/a><\/div>\n<\/div>\n\n<\/div><\/div><\/div>\n\n<div class=\"gb-grid-column gb-grid-column-b356b292\"><div class=\"gb-container gb-container-b356b292\"><div class=\"gb-inside-container\">\n\n<figure class=\"wp-block-image size-full is-resized\"><img loading=\"lazy\" decoding=\"async\" width=\"498\" height=\"770\" src=\"http:\/\/janczochralski.com\/wp-content\/uploads\/2025\/07\/Ksiazka-powrot.jpg\" alt=\"\" class=\"wp-image-6211\" style=\"width:270px\" srcset=\"http:\/\/janczochralski.com\/wp-content\/uploads\/2025\/07\/Ksiazka-powrot.jpg 498w, http:\/\/janczochralski.com\/wp-content\/uploads\/2025\/07\/Ksiazka-powrot-194x300.jpg 194w\" sizes=\"auto, (max-width: 498px) 100vw, 498px\" \/><\/figure>\n\n<\/div><\/div><\/div>\n<\/div>\n<\/div>\n<\/div>\n\n\n<hr class=\"wp-block-separator has-text-color has-accent-color has-alpha-channel-opacity has-accent-background-color has-background aligncenter is-style-dots\"\/>\n\n\n<div class=\"gb-container gb-container-db80732f\"><div class=\"gb-inside-container\">\n<div class=\"gb-grid-wrapper gb-grid-wrapper-51080d1c\">\n<div class=\"gb-grid-column gb-grid-column-05f56660\"><div class=\"gb-container gb-container-05f56660\"><div class=\"gb-inside-container\">\n\n<h3 class=\"gb-headline gb-headline-cfc09202\"><span class=\"gb-icon\"><svg aria-hidden=\"true\" height=\"1em\" width=\"1em\" viewBox=\"0 0 448 512\" xmlns=\"http:\/\/www.w3.org\/2000\/svg\"><path fill=\"currentColor\" d=\"M448 360V24c0-13.3-10.7-24-24-24H96C43 0 0 43 0 96v320c0 53 43 96 96 96h328c13.3 0 24-10.7 24-24v-16c0-7.5-3.5-14.3-8.9-18.7-4.2-15.4-4.2-59.3 0-74.7 5.4-4.3 8.9-11.1 8.9-18.6zM128 134c0-3.3 2.7-6 6-6h212c3.3 0 6 2.7 6 6v20c0 3.3-2.7 6-6 6H134c-3.3 0-6-2.7-6-6v-20zm0 64c0-3.3 2.7-6 6-6h212c3.3 0 6 2.7 6 6v20c0 3.3-2.7 6-6 6H134c-3.3 0-6-2.7-6-6v-20zm253.4 250H96c-17.7 0-32-14.3-32-32 0-17.6 14.4-32 32-32h285.4c-1.9 17.1-1.9 46.9 0 64z\"><\/path><\/svg><\/span><span class=\"gb-headline-text\">Powr\u00f3t. Rzecz o Janie Czochralskim<\/span><\/h3>\n\n\n\n<p>Who was Jan Czochralski (1885-1953), and what did he achieve to make his name the most frequently cited Polish surname in scientific publications worldwide? Is the title &#8220;forefather of semiconductor electronics&#8221; justified? Are the details of his cooperation with Polish military intelligence known?<\/p>\n\n\n\n<p>The book presents not only the life of the scientist and the role of his most significant discovery (the so-called Czochralski method for producing monocrystals) in the development of our civilization based on silicon crystals, but also includes an extensive bibliography and a complete list of his publications and patents. It is also a story about the numerous attempts to restore Professor Czochralski&#8217;s good name and the latest discoveries made in Polish (Home Army documents), Czech, and German archives (a film from 1927).<\/p>\n\n\n\n<h4 class=\"gb-headline gb-headline-86d07f08 gb-headline-text\"><span style=\"text-decoration: underline;\">Information<\/span>:<\/h4>\n\n\n\n<p>Author: Pawe\u0142 E. Tomaszewski<br>Publisher: Oficyna Wydawnicza ATUT<br>Language: polish<br>Publication Year: 2012<br>Pages: 308<br>Cover type: hardcover<\/p>\n\n\n\n<div class=\"wp-block-buttons is-layout-flex wp-block-buttons-is-layout-flex\">\n<div class=\"wp-block-button\"><a class=\"wp-block-button__link wp-element-button\" href=\"https:\/\/www.atutoficyna.pl\/szukaj?func=productPage&amp;wid=57&amp;pid=514&amp;cid=0&amp;prid=\" target=\"_blank\" rel=\"noreferrer noopener\">Link to the bookstore<\/a><\/div>\n<\/div>\n\n<\/div><\/div><\/div>\n\n<div class=\"gb-grid-column gb-grid-column-153d9fbe\"><div class=\"gb-container gb-container-153d9fbe\"><div class=\"gb-inside-container\">\n\n<figure class=\"wp-block-image size-large is-resized\"><img loading=\"lazy\" decoding=\"async\" width=\"540\" height=\"770\" src=\"http:\/\/janczochralski.com\/wp-content\/uploads\/2020\/12\/Powrot_Rzecz_o_Janie_Czochralskim.jpg\" alt=\"\" class=\"wp-image-4654\" style=\"width:270px\" srcset=\"http:\/\/janczochralski.com\/wp-content\/uploads\/2020\/12\/Powrot_Rzecz_o_Janie_Czochralskim.jpg 540w, http:\/\/janczochralski.com\/wp-content\/uploads\/2020\/12\/Powrot_Rzecz_o_Janie_Czochralskim-210x300.jpg 210w\" sizes=\"auto, (max-width: 540px) 100vw, 540px\" \/><\/figure>\n\n<\/div><\/div><\/div>\n<\/div>\n<\/div><\/div>\n\n\n<hr class=\"wp-block-separator has-text-color has-accent-color has-alpha-channel-opacity has-accent-background-color has-background aligncenter is-style-dots\"\/>\n\n\n<div class=\"gb-container gb-container-f36e0bed\"><div class=\"gb-inside-container\">\n<div class=\"gb-grid-wrapper gb-grid-wrapper-adb1d802\">\n<div class=\"gb-grid-column gb-grid-column-a16732b5\"><div class=\"gb-container gb-container-a16732b5\"><div class=\"gb-inside-container\">\n\n<h3 class=\"gb-headline gb-headline-aeff3f4c\"><span class=\"gb-icon\"><svg aria-hidden=\"true\" height=\"1em\" width=\"1em\" viewBox=\"0 0 448 512\" xmlns=\"http:\/\/www.w3.org\/2000\/svg\"><path fill=\"currentColor\" d=\"M448 360V24c0-13.3-10.7-24-24-24H96C43 0 0 43 0 96v320c0 53 43 96 96 96h328c13.3 0 24-10.7 24-24v-16c0-7.5-3.5-14.3-8.9-18.7-4.2-15.4-4.2-59.3 0-74.7 5.4-4.3 8.9-11.1 8.9-18.6zM128 134c0-3.3 2.7-6 6-6h212c3.3 0 6 2.7 6 6v20c0 3.3-2.7 6-6 6H134c-3.3 0-6-2.7-6-6v-20zm0 64c0-3.3 2.7-6 6-6h212c3.3 0 6 2.7 6 6v20c0 3.3-2.7 6-6 6H134c-3.3 0-6-2.7-6-6v-20zm253.4 250H96c-17.7 0-32-14.3-32-32 0-17.6 14.4-32 32-32h285.4c-1.9 17.1-1.9 46.9 0 64z\"><\/path><\/svg><\/span><span class=\"gb-headline-text\">Kryszta\u0142owe odkrycie. Powie\u015b\u0107 o Janie Czochralskim<\/span><\/h3>\n\n\n\n<p>Here is a novel about the poor son of a carpenter, a passionate individual who became a professor without a high school diploma. About a man who &#8220;by accident&#8221; made an epochal discovery and, thanks to his inventions, became famous and wealthy.<\/p>\n\n\n\n<p>The book about Jan Czochralski was written with younger readers in mind but can captivate anyone, whether they are 10 or 110 years old.<\/p>\n\n\n\n<p>The book was written as part of a scholarship from the budget of the Minister of Culture and National Heritage. Published in collaboration with Wydawnictwo DEBIT.<\/p>\n\n\n\n<h4 class=\"gb-headline gb-headline-c6d74490 gb-headline-text\"><span style=\"text-decoration: underline;\">Information<\/span>:<\/h4>\n\n\n\n<p>Author: Pawe\u0142 E. Tomaszewski<br>Publisher: Oficyna Wydawnicza ATUT<br>Language: polish<br>Publication Year: 2012<br>Pages: 308<br>Cover type: hardcover<\/p>\n\n\n\n<div class=\"wp-block-buttons is-layout-flex wp-block-buttons-is-layout-flex\">\n<div class=\"wp-block-button\"><a class=\"wp-block-button__link wp-element-button\" href=\"https:\/\/www.atutoficyna.pl\/szukaj?func=productPage&amp;wid=57&amp;pid=514&amp;cid=0&amp;prid=\" target=\"_blank\" rel=\"noreferrer noopener\">Link to the bookstore<\/a><\/div>\n<\/div>\n\n<\/div><\/div><\/div>\n\n<div class=\"gb-grid-column gb-grid-column-f277d61d\"><div class=\"gb-container gb-container-f277d61d\"><div class=\"gb-inside-container\">\n\n<figure class=\"wp-block-image size-large is-resized\"><img loading=\"lazy\" decoding=\"async\" width=\"540\" height=\"770\" src=\"http:\/\/janczochralski.com\/wp-content\/uploads\/2020\/12\/Krysztaowe_odkrycie_czochralski_oklad_2013.jpg\" alt=\"\" class=\"wp-image-4715\" style=\"width:270px\" srcset=\"http:\/\/janczochralski.com\/wp-content\/uploads\/2020\/12\/Krysztaowe_odkrycie_czochralski_oklad_2013.jpg 540w, http:\/\/janczochralski.com\/wp-content\/uploads\/2020\/12\/Krysztaowe_odkrycie_czochralski_oklad_2013-210x300.jpg 210w\" sizes=\"auto, (max-width: 540px) 100vw, 540px\" \/><\/figure>\n\n<\/div><\/div><\/div>\n<\/div>\n<\/div><\/div>\n\n\n<hr class=\"wp-block-separator has-text-color has-accent-color has-alpha-channel-opacity has-accent-background-color has-background aligncenter is-style-dots\"\/>\n\n\n<div class=\"gb-container gb-container-223f69c6\"><div class=\"gb-inside-container\">\n<div class=\"gb-grid-wrapper gb-grid-wrapper-96cf0953\">\n<div class=\"gb-grid-column gb-grid-column-f9a43e74\"><div class=\"gb-container gb-container-f9a43e74\"><div class=\"gb-inside-container\">\n\n<h3 class=\"gb-headline gb-headline-eb13b487\"><span class=\"gb-icon\"><svg aria-hidden=\"true\" height=\"1em\" width=\"1em\" viewBox=\"0 0 448 512\" xmlns=\"http:\/\/www.w3.org\/2000\/svg\"><path fill=\"currentColor\" d=\"M448 360V24c0-13.3-10.7-24-24-24H96C43 0 0 43 0 96v320c0 53 43 96 96 96h328c13.3 0 24-10.7 24-24v-16c0-7.5-3.5-14.3-8.9-18.7-4.2-15.4-4.2-59.3 0-74.7 5.4-4.3 8.9-11.1 8.9-18.6zM128 134c0-3.3 2.7-6 6-6h212c3.3 0 6 2.7 6 6v20c0 3.3-2.7 6-6 6H134c-3.3 0-6-2.7-6-6v-20zm0 64c0-3.3 2.7-6 6-6h212c3.3 0 6 2.7 6 6v20c0 3.3-2.7 6-6 6H134c-3.3 0-6-2.7-6-6v-20zm253.4 250H96c-17.7 0-32-14.3-32-32 0-17.6 14.4-32 32-32h285.4c-1.9 17.1-1.9 46.9 0 64z\"><\/path><\/svg><\/span><span class=\"gb-headline-text\">Maja. Powie\u015b\u0107 mi\u0142osna<\/span><\/h3>\n\n\n\n<p>Professor Jan Czochralski was an outstanding Polish metallurgist and chemist. He is globally renowned as the creator of the so-called Czochralski method for producing monocrystals. Few people know that he was also interested in art and literature and tried his hand at writing. The presented volume of poetry is his earliest known work. It is worth getting to know Jan Czochralski from this spiritual perspective as well.<\/p>\n\n\n\n<h4 class=\"gb-headline gb-headline-07db2034 gb-headline-text\"><span style=\"text-decoration: underline;\">Information:<\/span><\/h4>\n\n\n\n<p>Author: Jan Czochralski<br>Publisher: Oficyna Wydawnicza ATUT<br>Language: polish<br>Publication Year: 2013<br>Pages: 144<br>Cover type: hardcover<\/p>\n\n\n\n<div class=\"wp-block-buttons is-layout-flex wp-block-buttons-is-layout-flex\">\n<div class=\"wp-block-button\"><a class=\"wp-block-button__link wp-element-button\" href=\"https:\/\/www.atutoficyna.pl\/szukaj?func=productPage&amp;wid=57&amp;pid=683&amp;cid=0&amp;prid=\" target=\"_blank\" rel=\"noreferrer noopener\">Link to the bookstore<\/a><\/div>\n<\/div>\n\n<\/div><\/div><\/div>\n\n<div class=\"gb-grid-column gb-grid-column-7f6eb87a\"><div class=\"gb-container gb-container-7f6eb87a\"><div class=\"gb-inside-container\">\n\n<figure class=\"wp-block-image size-large is-resized\"><img loading=\"lazy\" decoding=\"async\" width=\"540\" height=\"770\" src=\"http:\/\/janczochralski.com\/wp-content\/uploads\/2020\/12\/Maja_Czochralski_Powies\u0301c\u0301.jpg\" alt=\"\" class=\"wp-image-4719\" style=\"width:270px\" srcset=\"http:\/\/janczochralski.com\/wp-content\/uploads\/2020\/12\/Maja_Czochralski_Powies\u0301c\u0301.jpg 540w, http:\/\/janczochralski.com\/wp-content\/uploads\/2020\/12\/Maja_Czochralski_Powies\u0301c\u0301-210x300.jpg 210w\" sizes=\"auto, (max-width: 540px) 100vw, 540px\" \/><\/figure>\n\n<\/div><\/div><\/div>\n<\/div>\n<\/div><\/div>\n<\/div><\/div>","protected":false},"excerpt":{"rendered":"<p>Recommended English books about Prof. Jan Czochralski \ud83c\uddec\ud83c\udde7 Recommended Polish books about Prof. Jan Czochralski \ud83c\uddf5\ud83c\uddf1<\/p>\n","protected":false},"author":1,"featured_media":0,"parent":0,"menu_order":0,"comment_status":"closed","ping_status":"closed","template":"","meta":{"footnotes":""},"class_list":["post-5381","page","type-page","status-publish"],"_links":{"self":[{"href":"http:\/\/janczochralski.com\/en\/wp-json\/wp\/v2\/pages\/5381","targetHints":{"allow":["GET"]}}],"collection":[{"href":"http:\/\/janczochralski.com\/en\/wp-json\/wp\/v2\/pages"}],"about":[{"href":"http:\/\/janczochralski.com\/en\/wp-json\/wp\/v2\/types\/page"}],"author":[{"embeddable":true,"href":"http:\/\/janczochralski.com\/en\/wp-json\/wp\/v2\/users\/1"}],"replies":[{"embeddable":true,"href":"http:\/\/janczochralski.com\/en\/wp-json\/wp\/v2\/comments?post=5381"}],"version-history":[{"count":37,"href":"http:\/\/janczochralski.com\/en\/wp-json\/wp\/v2\/pages\/5381\/revisions"}],"predecessor-version":[{"id":7080,"href":"http:\/\/janczochralski.com\/en\/wp-json\/wp\/v2\/pages\/5381\/revisions\/7080"}],"wp:attachment":[{"href":"http:\/\/janczochralski.com\/en\/wp-json\/wp\/v2\/media?parent=5381"}],"curies":[{"name":"wp","href":"https:\/\/api.w.org\/{rel}","templated":true}]}}