{"id":6274,"date":"2025-07-18T12:03:06","date_gmt":"2025-07-18T12:03:06","guid":{"rendered":"https:\/\/janczochralski.com\/?page_id=6274"},"modified":"2025-11-10T15:31:24","modified_gmt":"2025-11-10T15:31:24","slug":"inicio","status":"publish","type":"page","link":"http:\/\/janczochralski.com\/es\/","title":{"rendered":"Inicio"},"content":{"rendered":"\n\n\n\n<div class=\"gb-container gb-container-c7b3b45a\">\n\n<div class=\"wp-block-media-text is-stacked-on-mobile is-vertically-aligned-top\" style=\"grid-template-columns:30% auto\"><figure class=\"wp-block-media-text__media\"><a href=\"http:\/\/www.bylasobiefotka.pl\" target=\"_blank\" rel=\" noreferrer noopener\"><img loading=\"lazy\" decoding=\"async\" width=\"209\" height=\"300\" src=\"https:\/\/janczochralski.com\/wp-content\/uploads\/2025\/11\/Jan-Czochralski-bylasobiefotka-209x300.jpg\" alt=\"www.bylasobiefotka.pl\" class=\"wp-image-7592 size-medium\" srcset=\"http:\/\/janczochralski.com\/wp-content\/uploads\/2025\/11\/Jan-Czochralski-bylasobiefotka-209x300.jpg 209w, http:\/\/janczochralski.com\/wp-content\/uploads\/2025\/11\/Jan-Czochralski-bylasobiefotka-715x1024.jpg 715w, http:\/\/janczochralski.com\/wp-content\/uploads\/2025\/11\/Jan-Czochralski-bylasobiefotka-768x1100.jpg 768w, http:\/\/janczochralski.com\/wp-content\/uploads\/2025\/11\/Jan-Czochralski-bylasobiefotka-1072x1536.jpg 1072w, http:\/\/janczochralski.com\/wp-content\/uploads\/2025\/11\/Jan-Czochralski-bylasobiefotka.jpg 1340w\" sizes=\"auto, (max-width: 209px) 100vw, 209px\" \/><\/a><\/figure><div class=\"wp-block-media-text__content\">\n<h1 class=\"wp-block-heading\"><strong><strong><strong><strong>Bienvenido al sitio web oficial dedicado a Jan Czochralski<\/strong><\/strong><\/strong>\u00a0<\/strong><\/h1>\n\n\n\n<p class=\"has-medium-font-size\">uno de los cient\u00edficos m\u00e1s importantes de Polonia y el inventor del m\u00e9todo Czochralski, una t\u00e9cnica revolucionaria para cultivar silicio monocristalino utilizada en casi todos los microprocesadores y dispositivos semiconductores modernos. Descubre la historia de un qu\u00edmico visionario cuyo trabajo sent\u00f3 las bases de la era digital.<\/p>\n<\/div><\/div>\n\n\n\n<p class=\"gb-text gb-text-cbde5457\">Foto: <a href=\"http:\/\/www.bylasobiefotka.pl\">http:\/\/www.bylasobiefotka.pl<\/a><\/p>\n\n<\/div>","protected":false},"excerpt":{"rendered":"<p>Bienvenido al sitio web oficial dedicado a Jan Czochralski\u00a0 uno de los cient\u00edficos m\u00e1s importantes de Polonia y el inventor del m\u00e9todo Czochralski, una t\u00e9cnica revolucionaria para cultivar silicio monocristalino &#8230; <a title=\"Inicio\" class=\"read-more\" href=\"http:\/\/janczochralski.com\/es\/\" aria-label=\"Leer m\u00e1s sobre Inicio\">Read More<\/a><\/p>\n","protected":false},"author":1,"featured_media":0,"parent":0,"menu_order":0,"comment_status":"closed","ping_status":"closed","template":"","meta":{"footnotes":""},"class_list":["post-6274","page","type-page","status-publish"],"_links":{"self":[{"href":"http:\/\/janczochralski.com\/es\/wp-json\/wp\/v2\/pages\/6274","targetHints":{"allow":["GET"]}}],"collection":[{"href":"http:\/\/janczochralski.com\/es\/wp-json\/wp\/v2\/pages"}],"about":[{"href":"http:\/\/janczochralski.com\/es\/wp-json\/wp\/v2\/types\/page"}],"author":[{"embeddable":true,"href":"http:\/\/janczochralski.com\/es\/wp-json\/wp\/v2\/users\/1"}],"replies":[{"embeddable":true,"href":"http:\/\/janczochralski.com\/es\/wp-json\/wp\/v2\/comments?post=6274"}],"version-history":[{"count":4,"href":"http:\/\/janczochralski.com\/es\/wp-json\/wp\/v2\/pages\/6274\/revisions"}],"predecessor-version":[{"id":7693,"href":"http:\/\/janczochralski.com\/es\/wp-json\/wp\/v2\/pages\/6274\/revisions\/7693"}],"wp:attachment":[{"href":"http:\/\/janczochralski.com\/es\/wp-json\/wp\/v2\/media?parent=6274"}],"curies":[{"name":"wp","href":"https:\/\/api.w.org\/{rel}","templated":true}]}}