{"id":7113,"date":"2025-09-27T18:03:40","date_gmt":"2025-09-27T18:03:40","guid":{"rendered":"https:\/\/janczochralski.com\/?page_id=7113"},"modified":"2025-10-09T20:06:04","modified_gmt":"2025-10-09T20:06:04","slug":"metodo","status":"publish","type":"page","link":"http:\/\/janczochralski.com\/es\/metodo\/","title":{"rendered":"M\u00e9todo"},"content":{"rendered":"<div class=\"gb-container gb-container-7160e655\">\n\n<div class=\"wp-block-group\"><div class=\"wp-block-group__inner-container is-layout-constrained wp-block-group-is-layout-constrained\">\n<div class=\"wp-block-cover alignfull has-medium-font-size\" style=\"margin-top:0;min-height:550px;aspect-ratio:unset;\"><img loading=\"lazy\" decoding=\"async\" width=\"2560\" height=\"1707\" class=\"wp-block-cover__image-background wp-image-5995\" alt=\"\" src=\"http:\/\/janczochralski.com\/wp-content\/uploads\/2025\/06\/inteligentne-tlo-mikroprocesora-na-technologii-zblizenia-plyty-glownej-scaled.jpg\" data-object-fit=\"cover\" srcset=\"http:\/\/janczochralski.com\/wp-content\/uploads\/2025\/06\/inteligentne-tlo-mikroprocesora-na-technologii-zblizenia-plyty-glownej-scaled.jpg 2560w, http:\/\/janczochralski.com\/wp-content\/uploads\/2025\/06\/inteligentne-tlo-mikroprocesora-na-technologii-zblizenia-plyty-glownej-300x200.jpg 300w, http:\/\/janczochralski.com\/wp-content\/uploads\/2025\/06\/inteligentne-tlo-mikroprocesora-na-technologii-zblizenia-plyty-glownej-1024x683.jpg 1024w, http:\/\/janczochralski.com\/wp-content\/uploads\/2025\/06\/inteligentne-tlo-mikroprocesora-na-technologii-zblizenia-plyty-glownej-768x512.jpg 768w, http:\/\/janczochralski.com\/wp-content\/uploads\/2025\/06\/inteligentne-tlo-mikroprocesora-na-technologii-zblizenia-plyty-glownej-1536x1024.jpg 1536w, http:\/\/janczochralski.com\/wp-content\/uploads\/2025\/06\/inteligentne-tlo-mikroprocesora-na-technologii-zblizenia-plyty-glownej-2048x1365.jpg 2048w\" sizes=\"auto, (max-width: 2560px) 100vw, 2560px\" \/><span aria-hidden=\"true\" class=\"wp-block-cover__background has-black-background-color has-background-dim-0 has-background-dim\"><\/span><div class=\"wp-block-cover__inner-container is-layout-flow wp-block-cover-is-layout-flow\">\n<p class=\"has-text-align-center has-large-font-size\"><\/p>\n<\/div><\/div>\n<\/div><\/div>\n\n<\/div>\n\n<div class=\"gb-container gb-container-ace04aff\">\n\n<h2 class=\"gb-headline gb-headline-1d951f75 gb-headline-text\">Introducci\u00f3n<\/h2>\n\n\n\n<p>Pocas personas hoy recuerdan los tiempos antes de internet y la ubicuidad de la electr\u00f3nica de semiconductores. Sin embargo, han pasado solo unas pocas d\u00e9cadas. La pr\u00f3xima etapa de nuestra civilizaci\u00f3n, basada en la inteligencia artificial, est\u00e1 emergiendo ante nuestros ojos. <\/p>\n\n\n\n<p>Pocos saben que la base de esta revoluci\u00f3n fue un descubrimiento sorprendente realizado por un polaco en 1916. Jan Czochralski, de Kcynia, es el creador del llamado m\u00e9todo Czochralski para producir monocristales. Este m\u00e9todo, econ\u00f3mico y brillantemente simple, aplicado a mediados del siglo XX para la producci\u00f3n de monocristales de silicio, dio el impulso para el tremendo desarrollo de la electr\u00f3nica. <\/p>\n\n\n\n<p>Y todo comenz\u00f3 as\u00ed&#8230;<\/p>\n\n<\/div>\n\n<div class=\"gb-container gb-container-140b2f5d\">\n\n<h2 class=\"gb-headline gb-headline-bc15f23b gb-headline-text\">Un Accidente Asombroso<\/h2>\n\n\n<div class=\"wp-block-image is-resized\">\n<figure class=\"alignright size-large\"><img loading=\"lazy\" decoding=\"async\" width=\"312\" height=\"424\" src=\"http:\/\/janczochralski.com\/wp-content\/uploads\/2020\/12\/Rysunek_wynalazek.png\" alt=\"\" class=\"wp-image-4752\" style=\"width:150px;height:auto\" srcset=\"http:\/\/janczochralski.com\/wp-content\/uploads\/2020\/12\/Rysunek_wynalazek.png 312w, http:\/\/janczochralski.com\/wp-content\/uploads\/2020\/12\/Rysunek_wynalazek-221x300.png 221w\" sizes=\"auto, (max-width: 312px) 100vw, 312px\" \/><\/figure>\n<\/div>\n\n\n<p>En 1916, Jan Czochralski, un qu\u00edmico polaco que trabajaba en el laboratorio de Berl\u00edn de la compa\u00f1\u00eda el\u00e9ctrica AEG, hizo un descubrimiento accidental que cambi\u00f3 el curso de la historia. Exhausto por las investigaciones destinadas a encontrar un m\u00e9todo para medir la velocidad de cristalizaci\u00f3n de metales, Czochralski cometi\u00f3 un error aparentemente trivial. Con la intenci\u00f3n de registrar sus observaciones, instintivamente sumergi\u00f3 su pluma no en un tintero, sino en un crisol cercano con esta\u00f1o fundido. Para su sorpresa, al retirar la pluma, un hilo delgado de metal solidificado colgaba de la punta. Esta aparici\u00f3n inesperada de un hilo de metal lo intrig\u00f3. Repiti\u00f3 la acci\u00f3n, sumergiendo la punta en el esta\u00f1o fundido y retir\u00e1ndola lentamente. Observ\u00f3 la formaci\u00f3n de otro hilo. Cuando retir\u00f3 la pluma m\u00e1s r\u00e1pido, el hilo era m\u00e1s corto. Una serie de experimentos sistem\u00e1ticos realizados esa noche confirm\u00f3 que la velocidad con la que se retiraba la pluma del metal fundido afectaba la longitud y la estructura del hilo solidificado. Se dio cuenta de que este fen\u00f3meno pod\u00eda proporcionar informaci\u00f3n clave sobre las propiedades de cristalizaci\u00f3n de los metales.<\/p>\n\n\n\n<p>Czochralski not\u00f3 que la ranura en la punta de la pluma actuaba como un capilar abierto; la cristalizaci\u00f3n en tubos capilares hab\u00eda sido descrita previamente por Gustav Tammann. El cient\u00edfico polaco reemplaz\u00f3 entonces la pluma por un tubo de vidrio y la mano por un mecanismo de relojer\u00eda. Esto le permiti\u00f3 controlar la velocidad de extracci\u00f3n del hilo cristalino.<\/p>\n\n\n\n<p>Este experimento accidental, m\u00e1s tarde nombrado m\u00e9todo Czochralski y publicado por primera vez en 1918, marc\u00f3 un avance en la tecnolog\u00eda para producir monocristales esenciales para la electr\u00f3nica de semiconductores.<\/p>\n\n\n\n<p>En 1950, al otro lado del Atl\u00e1ntico, el cient\u00edfico estadounidense Gordon Teal enfrentaba el desaf\u00edo de obtener monocristales de germanio de alta calidad para transistores. Result\u00f3 que el m\u00e9todo Czochralski, utilizado en laboratorios metal\u00fargicos, era adecuado para este prop\u00f3sito tras las mejoras necesarias. M\u00e1s tarde, Teal aplic\u00f3 el m\u00e9todo para producir cristales de silicio. Sin el m\u00e9todo Czochralski, el desarrollo de microprocesadores, computadoras, tel\u00e9fonos m\u00f3viles y muchos otros dispositivos habr\u00eda sido imposible. La simplicidad y versatilidad del m\u00e9todo lo convirtieron en la base de la revoluci\u00f3n tecnol\u00f3gica, asegurando su lugar en laboratorios y empresas electr\u00f3nicas de todo el mundo.<\/p>\n\n\n<div class=\"wp-block-image is-resized\">\n<figure class=\"alignright size-large\"><img loading=\"lazy\" decoding=\"async\" width=\"1024\" height=\"788\" src=\"http:\/\/janczochralski.com\/wp-content\/uploads\/2025\/07\/Poczatek-oryginalnej-publikacji-o-metodzie-pomiary-szybkosci-krystalizacji-metali-19.08.1916-1024x788.png\" alt=\"\" class=\"wp-image-6221\" style=\"width:499px;height:auto\" srcset=\"http:\/\/janczochralski.com\/wp-content\/uploads\/2025\/07\/Poczatek-oryginalnej-publikacji-o-metodzie-pomiary-szybkosci-krystalizacji-metali-19.08.1916-1024x788.png 1024w, http:\/\/janczochralski.com\/wp-content\/uploads\/2025\/07\/Poczatek-oryginalnej-publikacji-o-metodzie-pomiary-szybkosci-krystalizacji-metali-19.08.1916-300x231.png 300w, http:\/\/janczochralski.com\/wp-content\/uploads\/2025\/07\/Poczatek-oryginalnej-publikacji-o-metodzie-pomiary-szybkosci-krystalizacji-metali-19.08.1916-768x591.png 768w, http:\/\/janczochralski.com\/wp-content\/uploads\/2025\/07\/Poczatek-oryginalnej-publikacji-o-metodzie-pomiary-szybkosci-krystalizacji-metali-19.08.1916-1536x1183.png 1536w, http:\/\/janczochralski.com\/wp-content\/uploads\/2025\/07\/Poczatek-oryginalnej-publikacji-o-metodzie-pomiary-szybkosci-krystalizacji-metali-19.08.1916.png 1774w\" sizes=\"auto, (max-width: 1024px) 100vw, 1024px\" \/><figcaption class=\"wp-element-caption\">El Inicio de la Publicaci\u00f3n Original sobre la Medici\u00f3n de las Tasas de Cristalizaci\u00f3n de Metales (19 de agosto de 1916)<\/figcaption><\/figure>\n<\/div>\n\n\n<p>Jan Czochralski, nacido en 1885 en Kcynia, en una Polonia dividida por las particiones, fue un qu\u00edmico autodidacta que alcanz\u00f3 las alturas de la ciencia. A pesar de carecer de educaci\u00f3n superior formal, trabaj\u00f3 en las industrias qu\u00edmica y metal\u00fargica de Berl\u00edn, liderando el laboratorio de metales en AEG. Su descubrimiento accidental en 1916 no fue solo una casualidad, sino un testimonio de sus habilidades y rigor cient\u00edfico. Tras regresar a Polonia en 1928, se convirti\u00f3 en profesor de la Universidad Tecnol\u00f3gica de Varsovia. Desafortunadamente, en 1945 no se le permiti\u00f3 regresar a la universidad por razones que siguen sin estar claras. Pas\u00f3 sus \u00faltimos a\u00f1os en Kcynia, dirigiendo una peque\u00f1a planta qu\u00edmica llamada BION. Muri\u00f3 en 1953. No fue hasta 2011 que la Universidad Tecnol\u00f3gica de Varsovia reconoci\u00f3 oficialmente sus contribuciones, levantando la infamia impuesta d\u00e9cadas antes.<\/p>\n\n\n\n<p>Czochralski llam\u00f3 a su m\u00e9todo de medici\u00f3n de la velocidad de cristalizaci\u00f3n el \u201cm\u00e9todo capilar\u201d (Capillarverfahren, Capillarmethode), refiri\u00e9ndose a la succi\u00f3n inicial del material fundido a trav\u00e9s de un capilar en el extremo de un gancho. La primera descripci\u00f3n del m\u00e9todo, titulada \u201cEin neues Verfahren zur Messung der Kristallisationgeschwindigkeit der Metalle\u201d (\u201cUn nuevo m\u00e9todo para medir la velocidad de cristalizaci\u00f3n de los metales\u201d), fue publicada en la revista Zeitschrift f\u00fcr physikalische Chemie en 1918. El manuscrito fue recibido por los editores el 19 de agosto de 1916, una fecha considerada el nacimiento del m\u00e9todo. La publicaci\u00f3n detall\u00f3 los aspectos t\u00e9cnicos y los resultados de los experimentos iniciales con esta\u00f1o, zinc y plomo.<\/p>\n\n\n\n<p>La consecuencia natural de este descubrimiento fue la aplicaci\u00f3n del \u201cm\u00e9todo de medici\u00f3n de la velocidad de cristalizaci\u00f3n\u201d para la producci\u00f3n de monocristales. Ya en agosto de 1918, Hans Joachim von Wartenberg utiliz\u00f3 este m\u00e9todo para obtener cristales de zinc, siendo el primero en reemplazar el capilar por una semilla cristalina. Otras modificaciones fueron propuestas por, entre otros, Ervin von Gomperz (1922), H. Mark y colaboradores (1923) y E.G. Linder (1925).<\/p>\n\n<\/div>\n\n<div class=\"gb-container gb-container-f7b66e60\">\n\n<h2 class=\"gb-headline gb-headline-b555a713 gb-headline-text\">M\u00e9todo<\/h2>\n\n\n\n<p>La esencia del m\u00e9todo Czochralski es simple. El material a cristalizar se funde en un crisol, y un capilar o una semilla preparada previamente se introduce en la capa superficial del fundido. Tras extraer una peque\u00f1a cantidad de metal, comienza la cristalizaci\u00f3n, y la semilla se extrae a una velocidad adecuada para mantener el contacto con la sustancia fundida. La tensi\u00f3n superficial sostiene la columna de material l\u00edquido en la salida del capilar o \u201cadherida\u201d a la semilla. El contacto de esta columna con el aire m\u00e1s fr\u00edo provoca su solidificaci\u00f3n lenta por encima de la superficie del l\u00edquido, dando como resultado un monocristal con una estructura at\u00f3mica ordenada.<\/p>\n\n\n\n<p>El m\u00e9todo Czochralski tiene muchas ventajas:<\/p>\n\n\n\n<ul class=\"wp-block-list\">\n<li>La direcci\u00f3n del crecimiento del cristal est\u00e1 determinada por la orientaci\u00f3n de la semilla.<\/li>\n\n\n\n<li>La ausencia de contacto con el crisol asegura un crecimiento sin tensiones.<\/li>\n\n\n\n<li>Permite un control f\u00e1cil de la calidad y la composici\u00f3n qu\u00edmica, incluido el dopaje.<\/li>\n\n\n\n<li>Un cristal defectuoso puede ser total o parcialmente refundido, reduciendo el desperdicio de material y los costos.<\/li>\n\n\n\n<li>Se pueden obtener cristales grandes en diversas condiciones, incluso en atm\u00f3sferas gaseosas espec\u00edficas.<\/li>\n<\/ul>\n\n\n\n<p>Inicialmente, el m\u00e9todo se usaba solo para producir monocristales de metales. Sin embargo, r\u00e1pidamente encontr\u00f3 aplicaci\u00f3n en la producci\u00f3n de monocristales de muchos otros materiales, incluido el silicio, crucial para la electr\u00f3nica. Ning\u00fan otro m\u00e9todo de crecimiento de cristales puede compararse con \u00e9l.<\/p>\n\n\n\n<p>Jan Czochralski no patent\u00f3 su invenci\u00f3n y no obtuvo beneficios financieros de ella. Probablemente nunca imagin\u00f3 que se convertir\u00eda, en cierto sentido, en el \u201cpadre de la electr\u00f3nica de silicio\u201d. Fue precisamente gracias a su descubrimiento que fue posible el desarrollo de transistores de alta calidad y tecnolog\u00edas de semiconductores modernas.<\/p>\n\n\n\n<div style=\"text-align: center;\">\n  <iframe loading=\"lazy\" width=\"853\" height=\"480\" src=\"https:\/\/www.youtube.com\/embed\/TZxD2ePrphY\" title=\"Siltronic Animated Wafer Production Process\" frameborder=\"0\" allow=\"accelerometer; autoplay; clipboard-write; encrypted-media; gyroscope; picture-in-picture; web-share\" referrerpolicy=\"strict-origin-when-cross-origin\" allowfullscreen style=\"display: block; margin: 0 auto;\"><\/iframe>\n<\/div>\n\n<\/div>\n\n<div class=\"gb-container gb-container-4ace3420\">\n\n<h2 class=\"gb-headline gb-headline-9c1db563 gb-headline-text\">Hoy<\/h2>\n\n\n\n<p>Jan Czochralski comenz\u00f3 con monocristales delgados de esta\u00f1o de solo 15 cm de largo. Los primeros cristales de silicio ten\u00edan aproximadamente 2,5 cm de di\u00e1metro y pesaban solo 50\u2013200 gramos. Pronto se comprendi\u00f3 que cultivar cristales m\u00e1s grandes, de los cuales se pod\u00edan fabricar obleas que permitieran la colocaci\u00f3n de m\u00faltiples circuitos integrados, era m\u00e1s rentable. Aumentar el di\u00e1metro tiene una gran importancia econ\u00f3mica: una oblea de 20 cm puede producir 74 microprocesadores de 64 Mb, mientras que una de 30 cm puede producir 170 procesadores de 1 Gb.<\/p>\n\n\n\n<p>La escala del desarrollo del m\u00e9todo es evidente en los par\u00e1metros actuales de los monocristales de silicio, la materia prima principal para los circuitos integrados. Pueden alcanzar longitudes de hasta dos metros, un di\u00e1metro de 30 cm y un peso de m\u00e1s de 250 kg (tales cristales han sido producidos por Wacker-Siltronic GmbH en Freiberg, cerca de Dresde, desde 2002). Para 2006, m\u00e1s de la mitad de la producci\u00f3n ya utilizaba obleas de 30 cm. Tambi\u00e9n es posible producir silicio con un di\u00e1metro de 45 cm y un peso de aproximadamente 800 kg, aunque los costos y la tecnolog\u00eda de producir cristales tan grandes plantean importantes desaf\u00edos econ\u00f3micos.<\/p>\n\n\n\n<p>Actualmente, alrededor del 99 % de todos los dispositivos de semiconductores est\u00e1n hechos de monocristales de silicio, con aproximadamente el 95 % de los cristales producidos utilizando varias variantes del proceso Czochralski. Las f\u00e1bricas operan con docenas de instalaciones a gran escala.<\/p>\n\n\n\n<p>Durante d\u00e9cadas, pocos sab\u00edan qui\u00e9n era el creador del \u201cm\u00e9todo Czochralski\u201d, y fue solo en la d\u00e9cada de 1980 que comenzaron los esfuerzos para restaurar la memoria de este destacado cient\u00edfico polaco. <\/p>\n\n\n\n<p>En la pel\u00edcula documental El Regreso del Qu\u00edmico, el profesor Zbigniew T. Ku\u017anicki enfatiz\u00f3 que Jan Czochralski pertenece al tr\u00edo de los m\u00e1s grandes cient\u00edficos polacos, junto con Nicol\u00e1s Cop\u00e9rnico y Marie Sk\u0142odowska-Curie. El orden puede determinarse por su impacto en la vida diaria, y aqu\u00ed, como se\u00f1al\u00f3 Ku\u017anicki, Jan Czochralski toma la delantera.<\/p>\n\n\n\n<p>Contrario a las expectativas de los optimistas, el silicio seguir\u00e1 siendo el material principal para la electr\u00f3nica durante mucho tiempo, y con \u00e9l, el m\u00e9todo Czochralski continuar\u00e1 siendo necesario y utilizado.<\/p>\n\n<\/div>","protected":false},"excerpt":{"rendered":"<p>Introducci\u00f3n Pocas personas hoy recuerdan los tiempos antes de internet y la ubicuidad de la electr\u00f3nica de semiconductores. Sin embargo, han pasado solo unas pocas d\u00e9cadas. La pr\u00f3xima etapa de &#8230; <a title=\"M\u00e9todo\" class=\"read-more\" href=\"http:\/\/janczochralski.com\/es\/metodo\/\" aria-label=\"Leer m\u00e1s sobre M\u00e9todo\">Read More<\/a><\/p>\n","protected":false},"author":1,"featured_media":0,"parent":0,"menu_order":0,"comment_status":"closed","ping_status":"closed","template":"","meta":{"footnotes":""},"class_list":["post-7113","page","type-page","status-publish"],"_links":{"self":[{"href":"http:\/\/janczochralski.com\/es\/wp-json\/wp\/v2\/pages\/7113","targetHints":{"allow":["GET"]}}],"collection":[{"href":"http:\/\/janczochralski.com\/es\/wp-json\/wp\/v2\/pages"}],"about":[{"href":"http:\/\/janczochralski.com\/es\/wp-json\/wp\/v2\/types\/page"}],"author":[{"embeddable":true,"href":"http:\/\/janczochralski.com\/es\/wp-json\/wp\/v2\/users\/1"}],"replies":[{"embeddable":true,"href":"http:\/\/janczochralski.com\/es\/wp-json\/wp\/v2\/comments?post=7113"}],"version-history":[{"count":3,"href":"http:\/\/janczochralski.com\/es\/wp-json\/wp\/v2\/pages\/7113\/revisions"}],"predecessor-version":[{"id":7261,"href":"http:\/\/janczochralski.com\/es\/wp-json\/wp\/v2\/pages\/7113\/revisions\/7261"}],"wp:attachment":[{"href":"http:\/\/janczochralski.com\/es\/wp-json\/wp\/v2\/media?parent=7113"}],"curies":[{"name":"wp","href":"https:\/\/api.w.org\/{rel}","templated":true}]}}