{"id":7141,"date":"2025-09-27T19:45:22","date_gmt":"2025-09-27T19:45:22","guid":{"rendered":"https:\/\/janczochralski.com\/?page_id=7141"},"modified":"2025-10-09T20:05:44","modified_gmt":"2025-10-09T20:05:44","slug":"metode","status":"publish","type":"page","link":"http:\/\/janczochralski.com\/no\/metode\/","title":{"rendered":"Metode"},"content":{"rendered":"<div class=\"gb-container gb-container-7160e655\">\n\n<div class=\"wp-block-group\"><div class=\"wp-block-group__inner-container is-layout-constrained wp-block-group-is-layout-constrained\">\n<div class=\"wp-block-cover alignfull has-medium-font-size\" style=\"margin-top:0;min-height:550px;aspect-ratio:unset;\"><img loading=\"lazy\" decoding=\"async\" width=\"2560\" height=\"1707\" class=\"wp-block-cover__image-background wp-image-5995\" alt=\"\" src=\"http:\/\/janczochralski.com\/wp-content\/uploads\/2025\/06\/inteligentne-tlo-mikroprocesora-na-technologii-zblizenia-plyty-glownej-scaled.jpg\" data-object-fit=\"cover\" srcset=\"http:\/\/janczochralski.com\/wp-content\/uploads\/2025\/06\/inteligentne-tlo-mikroprocesora-na-technologii-zblizenia-plyty-glownej-scaled.jpg 2560w, http:\/\/janczochralski.com\/wp-content\/uploads\/2025\/06\/inteligentne-tlo-mikroprocesora-na-technologii-zblizenia-plyty-glownej-300x200.jpg 300w, http:\/\/janczochralski.com\/wp-content\/uploads\/2025\/06\/inteligentne-tlo-mikroprocesora-na-technologii-zblizenia-plyty-glownej-1024x683.jpg 1024w, http:\/\/janczochralski.com\/wp-content\/uploads\/2025\/06\/inteligentne-tlo-mikroprocesora-na-technologii-zblizenia-plyty-glownej-768x512.jpg 768w, http:\/\/janczochralski.com\/wp-content\/uploads\/2025\/06\/inteligentne-tlo-mikroprocesora-na-technologii-zblizenia-plyty-glownej-1536x1024.jpg 1536w, http:\/\/janczochralski.com\/wp-content\/uploads\/2025\/06\/inteligentne-tlo-mikroprocesora-na-technologii-zblizenia-plyty-glownej-2048x1365.jpg 2048w\" sizes=\"auto, (max-width: 2560px) 100vw, 2560px\" \/><span aria-hidden=\"true\" class=\"wp-block-cover__background has-black-background-color has-background-dim-0 has-background-dim\"><\/span><div class=\"wp-block-cover__inner-container is-layout-flow wp-block-cover-is-layout-flow\">\n<p class=\"has-text-align-center has-large-font-size\"><\/p>\n<\/div><\/div>\n<\/div><\/div>\n\n<\/div>\n\n<div class=\"gb-container gb-container-ace04aff\">\n\n<h2 class=\"gb-headline gb-headline-1d951f75 gb-headline-text\">Introduksjon<\/h2>\n\n\n\n<p>F\u00e5 mennesker i dag husker tiden f\u00f8r internett og den utbredte bruken av halvlederelektronikk. Likevel har det bare g\u00e5tt noen f\u00e5 ti\u00e5r. Den neste fasen av v\u00e5r sivilisasjon, basert p\u00e5 kunstig intelligens, tar form foran \u00f8ynene v\u00e5re.<\/p>\n\n\n\n<p>F\u00e5 vet at grunnlaget for denne revolusjonen var en overraskende oppdagelse gjort av en polakk i 1916. Jan Czochralski fra Kcynia er skaperen av den s\u00e5kalte Czochralski-metoden for \u00e5 produsere enkeltkrystaller. Denne billige og genialt enkle metoden, som ble brukt p\u00e5 midten av 1900-tallet til produksjon av silisium-enkeltkrystaller, ga drivkraften til den enorme utviklingen av elektronikk.<\/p>\n\n\n\n<p>Og det hele begynte slik\u2026<\/p>\n\n<\/div>\n\n<div class=\"gb-container gb-container-140b2f5d\">\n\n<h2 class=\"gb-headline gb-headline-bc15f23b gb-headline-text\">Et forbl\u00f8ffende uhell<\/h2>\n\n\n<div class=\"wp-block-image is-resized\">\n<figure class=\"alignright size-large\"><img loading=\"lazy\" decoding=\"async\" width=\"312\" height=\"424\" src=\"http:\/\/janczochralski.com\/wp-content\/uploads\/2020\/12\/Rysunek_wynalazek.png\" alt=\"\" class=\"wp-image-4752\" style=\"width:149px;height:auto\" srcset=\"http:\/\/janczochralski.com\/wp-content\/uploads\/2020\/12\/Rysunek_wynalazek.png 312w, http:\/\/janczochralski.com\/wp-content\/uploads\/2020\/12\/Rysunek_wynalazek-221x300.png 221w\" sizes=\"auto, (max-width: 312px) 100vw, 312px\" \/><\/figure>\n<\/div>\n\n\n<p>I 1916 gjorde Jan Czochralski, en polsk kjemiker som jobbet i laboratoriet til det elektriske selskapet AEG i Berlin, en tilfeldig oppdagelse som endret historiens gang. Utmattet av forskning rettet mot \u00e5 finne en metode for \u00e5 m\u00e5le krystallisasjonshastigheten til metaller, gjorde Czochralski en tilsynelatende bagatellmessig feil. Med intensjon om \u00e5 notere observasjonene sine, dyppet han instinktivt pennen sin ikke i et blekkhus, men i en n\u00e6rliggende digel med smeltet tinn. Til hans overraskelse hang en tynn tr\u00e5d av st\u00f8rknet metall fra pennespissen da han trakk den ut. Denne uventede fremtoningen av en metalltr\u00e5d fascinerte ham. Han gjentok handlingen, dyppet spissen i det smeltede tinnet og trakk den sakte ut. Han observerte dannelsen av en ny tr\u00e5d. N\u00e5r han trakk pennen raskere ut, ble tr\u00e5den kortere. En serie systematiske eksperimenter utf\u00f8rt den kvelden bekreftet at hastigheten pennen ble trukket ut fra det smeltede metallet p\u00e5virket lengden og strukturen til den st\u00f8rknede tr\u00e5den. Han inns\u00e5 at dette fenomenet kunne gi n\u00f8kkelinnsikt i krystallisasjonsegenskapene til metaller.<\/p>\n\n\n\n<p>Czochralski bemerket at hakket i pennespissen fungerte som en \u00e5pen kapill\u00e6r; krystallisasjon i kapill\u00e6rr\u00f8r hadde tidligere blitt beskrevet av Gustav Tammann. Den polske forskeren erstattet derfor pennen med et glassr\u00f8r og h\u00e5nden med en klokkemekanisme. Dette gjorde det mulig for ham \u00e5 kontrollere hastigheten p\u00e5 uttrekkingen av den krystallinske tr\u00e5den.<\/p>\n\n\n\n<p>Dette tilfeldige eksperimentet, senere kalt Czochralski-metoden og f\u00f8rst publisert i 1918, markerte et gjennombrudd i teknologien for \u00e5 produsere enkeltkrystaller som er essensielle for halvlederelektronikk.<\/p>\n\n\n\n<p>I 1950, p\u00e5 den andre siden av Atlanteren, slet den amerikanske forskeren Gordon Teal med utfordringen med \u00e5 skaffe store, h\u00f8ykvalitets germanium-enkeltkrystaller for transistorer. Det viste seg at Czochralski-metoden, som ble brukt i metallurgiske laboratorier, var egnet til dette form\u00e5let etter n\u00f8dvendige forbedringer. Senere brukte Teal metoden til \u00e5 produsere silisiumkrystaller. Uten Czochralski-metoden ville utviklingen av mikroprosessorer, datamaskiner, mobiltelefoner og mange andre enheter v\u00e6rt umulig. Metodens enkelhet og allsidighet gjorde den til grunnlaget for den teknologiske revolusjonen, og sikret dens plass i laboratorier og elektronikkselskaper over hele verden.<\/p>\n\n\n<div class=\"wp-block-image is-resized\">\n<figure class=\"alignright size-large\"><img loading=\"lazy\" decoding=\"async\" width=\"1024\" height=\"788\" src=\"http:\/\/janczochralski.com\/wp-content\/uploads\/2025\/07\/Poczatek-oryginalnej-publikacji-o-metodzie-pomiary-szybkosci-krystalizacji-metali-19.08.1916-1024x788.png\" alt=\"\" class=\"wp-image-6221\" style=\"width:559px;height:auto\" srcset=\"http:\/\/janczochralski.com\/wp-content\/uploads\/2025\/07\/Poczatek-oryginalnej-publikacji-o-metodzie-pomiary-szybkosci-krystalizacji-metali-19.08.1916-1024x788.png 1024w, http:\/\/janczochralski.com\/wp-content\/uploads\/2025\/07\/Poczatek-oryginalnej-publikacji-o-metodzie-pomiary-szybkosci-krystalizacji-metali-19.08.1916-300x231.png 300w, http:\/\/janczochralski.com\/wp-content\/uploads\/2025\/07\/Poczatek-oryginalnej-publikacji-o-metodzie-pomiary-szybkosci-krystalizacji-metali-19.08.1916-768x591.png 768w, http:\/\/janczochralski.com\/wp-content\/uploads\/2025\/07\/Poczatek-oryginalnej-publikacji-o-metodzie-pomiary-szybkosci-krystalizacji-metali-19.08.1916-1536x1183.png 1536w, http:\/\/janczochralski.com\/wp-content\/uploads\/2025\/07\/Poczatek-oryginalnej-publikacji-o-metodzie-pomiary-szybkosci-krystalizacji-metali-19.08.1916.png 1774w\" sizes=\"auto, (max-width: 1024px) 100vw, 1024px\" \/><figcaption class=\"wp-element-caption\"><em>Begynnelsen p\u00e5 den opprinnelige publikasjonen om m\u00e5ling av metallkrystallisasjonshastigheter (19. august 1916)<\/em><\/figcaption><\/figure>\n<\/div>\n\n\n<p>Jan Czochralski, f\u00f8dt i 1885 i Kcynia, i et Polen delt av okkupasjonsmakter, var en selvl\u00e6rt kjemiker som n\u00e5dde vitenskapens h\u00f8yder. Til tross for manglende formell h\u00f8yere utdanning, jobbet han i Berlins kjemiske og metallurgiske industrier og ledet metallaboratoriet hos AEG. Hans tilfeldige oppdagelse i 1916 var ikke bare et lykketreff, men et vitnesbyrd om hans evner og vitenskapelige grundighet. Etter at han returnerte til Polen i 1928, ble han professor ved Warszawa teknologiske universitet. Dessverre ble han i 1945 nektet \u00e5 returnere til universitetet av grunner som fortsatt er uklare. Han tilbrakte sine siste \u00e5r i Kcynia, hvor han drev en liten kjemisk fabrikk kalt BION. Han d\u00f8de i 1953. F\u00f8rst i 2011 anerkjente Warszawa teknologiske universitet offisielt hans bidrag og opphevet den van\u00e6ren som ble p\u00e5lagt flere ti\u00e5r tidligere.<\/p>\n\n\n\n<p>Czochralski kalte sin metode for m\u00e5ling av krystallisasjonshastighet for \u201ckapill\u00e6rmetoden\u201d (<em>Capillarverfahren<\/em>, <em>Capillarmethode<\/em>), med henvisning til den innledende sugingen av smeltet materiale gjennom en kapill\u00e6r i enden av en krok. Den f\u00f8rste beskrivelsen av metoden, med tittelen <em>\u201cEin neues Verfahren zur Messung der Kristallisationgeschwindigkeit der Metalle\u201d<\/em> (\u201cEn ny metode for \u00e5 m\u00e5le krystallisasjonshastigheten til metaller\u201d), ble publisert i tidsskriftet <em>Zeitschrift f\u00fcr physikalische Chemie<\/em> i 1918. Manuskriptet ble mottatt av redaksjonen 19. august 1916 \u2013 en dato som regnes som metodens f\u00f8dsel. Publikasjonen detaljerte de tekniske aspektene og resultatene av de innledende eksperimentene med tinn, sink og bly.<\/p>\n\n\n\n<p>Den naturlige konsekvensen av denne oppdagelsen var anvendelsen av \u201cm\u00e5lemetoden for krystallisasjonshastighet\u201d til produksjon av enkeltkrystaller. Allerede i august 1918 brukte Hans Joachim von Wartenberg denne metoden for \u00e5 skaffe sinkkrystaller, og han var den f\u00f8rste til \u00e5 erstatte kapill\u00e6ren med en krystallkime. Ytterligere modifikasjoner ble foresl\u00e5tt av blant andre Ervin von Gomperz (1922), H. Mark og samarbeidspartnere (1923) og E.G. Linder (1925).<\/p>\n\n<\/div>\n\n<div class=\"gb-container gb-container-f7b66e60\">\n\n<h2 class=\"gb-headline gb-headline-b555a713 gb-headline-text\">Metode<\/h2>\n\n\n\n<p>Essensen i Czochralski-metoden er enkel. Materialet som skal krystalliseres, smeltes i en digel, og en kapill\u00e6r eller en forh\u00e5ndsforberedt kime introduseres i overflatelaget av smelten. Etter \u00e5 ha trukket opp en liten mengde metall, begynner krystalliseringen, og kimen trekkes med en passende hastighet for \u00e5 opprettholde kontakt med den smeltede substansen. Overflatespenning holder s\u00f8ylen av flytende materiale ved kapill\u00e6rens utl\u00f8p eller \u201cfestet\u201d til kimen. Kontakten til denne s\u00f8ylen med kaldere luft f\u00e5r den til \u00e5 st\u00f8rkne sakte over v\u00e6skeoverflaten, noe som resulterer i en enkeltkrystall med en ordnet atomstruktur.<\/p>\n\n\n\n<p>Czochralski-metoden har mange fordeler:<\/p>\n\n\n\n<ul class=\"wp-block-list\">\n<li>Krystallvekstens retning bestemmes av kimens orientering.<\/li>\n\n\n\n<li>Mangelen p\u00e5 kontakt med digelen sikrer stressfri vekst.<\/li>\n\n\n\n<li>Den tillater enkel kontroll av kvalitet og kjemisk sammensetning, inkludert doping.<\/li>\n\n\n\n<li>En defekt krystall kan smeltes helt eller delvis p\u00e5 nytt, noe som reduserer materialsvinn og kostnader.<\/li>\n\n\n\n<li>Store krystaller kan produseres under ulike forhold, inkludert i spesifikke gassatmosf\u00e6rer.<\/li>\n<\/ul>\n\n\n\n<p>Opprinnelig ble metoden kun brukt til \u00e5 produsere enkeltkrystaller av metaller. Men den fant raskt anvendelse i produksjonen av enkeltkrystaller av mange andre materialer, inkludert silisium, som er avgj\u00f8rende for elektronikk. Ingen annen metode for krystallvekst kan m\u00e5le seg med den.<\/p>\n\n\n\n<p>Jan Czochralski patenterte ikke sin oppfinnelse og tjente ikke \u00f8konomisk p\u00e5 den. Han forestilte seg sannsynligvis aldri at han p\u00e5 en m\u00e5te skulle bli \u201cfaren til silisiumelektronikk.\u201d Det var nettopp takket v\u00e6re hans oppdagelse at utviklingen av h\u00f8ykvalitets transistorer og moderne halvlederteknologier ble mulig.<\/p>\n\n\n\n<div style=\"text-align: center;\">\n  <iframe loading=\"lazy\" width=\"853\" height=\"480\" src=\"https:\/\/www.youtube.com\/embed\/TZxD2ePrphY\" title=\"Siltronic Animated Wafer Production Process\" frameborder=\"0\" allow=\"accelerometer; autoplay; clipboard-write; encrypted-media; gyroscope; picture-in-picture; web-share\" referrerpolicy=\"strict-origin-when-cross-origin\" allowfullscreen style=\"display: block; margin: 0 auto;\"><\/iframe>\n<\/div>\n\n<\/div>\n\n<div class=\"gb-container gb-container-4ace3420\">\n\n<h2 class=\"gb-headline gb-headline-9c1db563 gb-headline-text\">I dag<\/h2>\n\n\n\n<p>Jan Czochralski startet med tynne tinn-enkeltkrystaller p\u00e5 bare 15 cm lange. De f\u00f8rste silisiumkrystallene var omtrent 2,5 cm i diameter og veide bare 50\u2013200 gram. Det ble snart forst\u00e5tt at dyrking av st\u00f8rre krystaller, som muliggjorde produksjon av wafere for flere integrerte kretser, var mer kostnadseffektivt. \u00d8kning av diameteren har betydelig \u00f8konomisk betydning: en 20 cm wafer kan gi 74 64 Mb mikroprosessorer, mens en 30 cm wafer kan produsere 170 1 Gb prosessorer.<\/p>\n\n\n\n<p>Skalaen p\u00e5 metodens utvikling er tydelig i dagens silisium-enkeltkrystallparametere \u2013 hovedr\u00e5materialet for integrerte kretser. De kan n\u00e5 lengder p\u00e5 opptil to meter, en diameter p\u00e5 30 cm og en vekt p\u00e5 over 250 kg (slike krystaller har blitt produsert av Wacker-Siltronic GmbH i Freiberg n\u00e6r Dresden siden 2002). Innen 2006 brukte over halvparten av produksjonen allerede 30 cm wafere. Det er ogs\u00e5 mulig \u00e5 produsere silisium med en diameter p\u00e5 45 cm og en vekt p\u00e5 omtrent 800 kg, selv om kostnadene og teknologien for \u00e5 produsere s\u00e5 store krystaller utgj\u00f8r betydelige \u00f8konomiske utfordringer.<\/p>\n\n\n\n<p>For tiden er omtrent 99 % av alle halvlederenheter laget av silisium-enkeltkrystaller, med omtrent 95 % av krystallene produsert ved hjelp av ulike varianter av Czochralski-prosessen. Fabrikker driver dusinvis av storskala installasjoner.<\/p>\n\n\n\n<p>I flere ti\u00e5r var det f\u00e5 som visste hvem skaperen av \u201cCzochralski-metoden\u201d var, og det var f\u00f8rst p\u00e5 1980-tallet at arbeidet med \u00e5 gjenopprette minnet om denne fremragende polske forskeren begynte.<\/p>\n\n\n\n<p>I dokumentarfilmen <em>Kjemikerens tilbakekomst<\/em> understreket professor Zbigniew T. Ku\u017anicki at Jan Czochralski h\u00f8rer til trioen av de st\u00f8rste polske forskerne, sammen med Nikolaus Kopernikus og Marie Sk\u0142odowska-Curie. Rekkef\u00f8lgen kan bestemmes av deres innvirkning p\u00e5 dagliglivet \u2013 og her, som Ku\u017anicki bemerket, tar Jan Czochralski ledelsen.<\/p>\n\n\n\n<p>I motsetning til optimistenes forventninger vil silisium forbli hovedmaterialet for elektronikk i lang tid, og med det vil Czochralski-metoden fortsatt v\u00e6re n\u00f8dvendig og brukt.<\/p>\n\n<\/div>","protected":false},"excerpt":{"rendered":"<p>Introduksjon F\u00e5 mennesker i dag husker tiden f\u00f8r internett og den utbredte bruken av halvlederelektronikk. Likevel har det bare g\u00e5tt noen f\u00e5 ti\u00e5r. Den neste fasen av v\u00e5r sivilisasjon, basert &#8230; <a title=\"Metode\" class=\"read-more\" href=\"http:\/\/janczochralski.com\/no\/metode\/\" aria-label=\"Read more about Metode\">Read More<\/a><\/p>\n","protected":false},"author":1,"featured_media":0,"parent":0,"menu_order":0,"comment_status":"closed","ping_status":"closed","template":"","meta":{"footnotes":""},"class_list":["post-7141","page","type-page","status-publish"],"_links":{"self":[{"href":"http:\/\/janczochralski.com\/no\/wp-json\/wp\/v2\/pages\/7141","targetHints":{"allow":["GET"]}}],"collection":[{"href":"http:\/\/janczochralski.com\/no\/wp-json\/wp\/v2\/pages"}],"about":[{"href":"http:\/\/janczochralski.com\/no\/wp-json\/wp\/v2\/types\/page"}],"author":[{"embeddable":true,"href":"http:\/\/janczochralski.com\/no\/wp-json\/wp\/v2\/users\/1"}],"replies":[{"embeddable":true,"href":"http:\/\/janczochralski.com\/no\/wp-json\/wp\/v2\/comments?post=7141"}],"version-history":[{"count":3,"href":"http:\/\/janczochralski.com\/no\/wp-json\/wp\/v2\/pages\/7141\/revisions"}],"predecessor-version":[{"id":7258,"href":"http:\/\/janczochralski.com\/no\/wp-json\/wp\/v2\/pages\/7141\/revisions\/7258"}],"wp:attachment":[{"href":"http:\/\/janczochralski.com\/no\/wp-json\/wp\/v2\/media?parent=7141"}],"curies":[{"name":"wp","href":"https:\/\/api.w.org\/{rel}","templated":true}]}}