{"id":7052,"date":"2025-09-26T21:38:58","date_gmt":"2025-09-26T21:38:58","guid":{"rendered":"https:\/\/janczochralski.com\/?page_id=7052"},"modified":"2025-09-27T10:30:36","modified_gmt":"2025-09-27T10:30:36","slug":"libros","status":"publish","type":"page","link":"http:\/\/janczochralski.com\/pt-br\/libros\/","title":{"rendered":"Libros"},"content":{"rendered":"<div class=\"gb-container gb-container-92611472\"><div class=\"gb-inside-container\">\n<div class=\"gb-container gb-container-f10c4e56\"><div class=\"gb-inside-container\">\n\n<h2 class=\"gb-headline gb-headline-081e007c gb-headline-text\">Livros recomendados em ingl\u00eas sobre o Prof. Jan Czochralski \ud83c\uddec\ud83c\udde7<\/h2>\n\n\n<div class=\"gb-grid-wrapper gb-grid-wrapper-ac135592\">\n<div class=\"gb-grid-column gb-grid-column-eda4a2c5\"><div class=\"gb-container gb-container-eda4a2c5\"><div class=\"gb-inside-container\">\n\n<h3 class=\"gb-headline gb-headline-64ed3410\"><span class=\"gb-icon\"><svg aria-hidden=\"true\" height=\"1em\" width=\"1em\" viewBox=\"0 0 448 512\" xmlns=\"http:\/\/www.w3.org\/2000\/svg\"><path fill=\"currentColor\" d=\"M448 360V24c0-13.3-10.7-24-24-24H96C43 0 0 43 0 96v320c0 53 43 96 96 96h328c13.3 0 24-10.7 24-24v-16c0-7.5-3.5-14.3-8.9-18.7-4.2-15.4-4.2-59.3 0-74.7 5.4-4.3 8.9-11.1 8.9-18.6zM128 134c0-3.3 2.7-6 6-6h212c3.3 0 6 2.7 6 6v20c0 3.3-2.7 6-6 6H134c-3.3 0-6-2.7-6-6v-20zm0 64c0-3.3 2.7-6 6-6h212c3.3 0 6 2.7 6 6v20c0 3.3-2.7 6-6 6H134c-3.3 0-6-2.7-6-6v-20zm253.4 250H96c-17.7 0-32-14.3-32-32 0-17.6 14.4-32 32-32h285.4c-1.9 17.1-1.9 46.9 0 64z\"><\/path><\/svg><\/span><span class=\"gb-headline-text\">Jan Czochralski. Restored<\/span><\/h3>\n\n\n\n<p>A vers\u00e3o em ingl\u00eas do livro publicado anteriormente sob o t\u00edtulo Powr\u00f3t. Rzecz o Janie Czochralskim. A publica\u00e7\u00e3o apresenta n\u00e3o apenas a vida de Jan Czochralski e o papel de sua descoberta mais significativa (o chamado m\u00e9todo Czochralski para produzir monocristais) no desenvolvimento de nossa civiliza\u00e7\u00e3o baseada em cristais de sil\u00edcio, mas tamb\u00e9m inclui uma extensa bibliografia e uma lista completa de suas publica\u00e7\u00f5es e patentes. \u00c9 tamb\u00e9m uma hist\u00f3ria sobre os repetidos esfor\u00e7os para restaurar o bom nome do cientista e as \u00faltimas descobertas feitas em arquivos poloneses (documentos da AK), tchecos e alem\u00e3es (um filme de 1927).<\/p>\n\n\n\n<h4 class=\"gb-headline gb-headline-0c2d52c8 gb-headline-text\"><span style=\"text-decoration: underline;\">Informa\u00e7\u00f5es:<\/span><\/h4>\n\n\n\n<p>Autor: Pawe\u0142 E. Tomaszewski<br>Editora: Oficyna Wydawnicza ATUT<br>Idioma: ingl\u00eas<br>Ano de publica\u00e7\u00e3o: 2013<br>P\u00e1ginas: 298<br>Tipo de capa: capa dura<\/p>\n\n\n\n<div class=\"wp-block-buttons is-layout-flex wp-block-buttons-is-layout-flex\">\n<div class=\"wp-block-button\"><a class=\"wp-block-button__link wp-element-button\" href=\"https:\/\/www.atutoficyna.pl\/szukaj?func=productPage&amp;wid=57&amp;pid=1380&amp;cid=0&amp;prid=\" target=\"_blank\" rel=\"noreferrer noopener\">Link para a livraria<\/a><\/div>\n<\/div>\n\n<\/div><\/div><\/div>\n\n<div class=\"gb-grid-column gb-grid-column-7acb3459\"><div class=\"gb-container gb-container-7acb3459\"><div class=\"gb-inside-container\">\n\n<figure class=\"wp-block-image size-full is-resized\"><img loading=\"lazy\" decoding=\"async\" width=\"540\" height=\"770\" src=\"http:\/\/janczochralski.com\/wp-content\/uploads\/2025\/09\/RESTORED_Czochralski_powrot_ang.jpg\" alt=\"\" class=\"wp-image-7057\" style=\"width:270px\" srcset=\"http:\/\/janczochralski.com\/wp-content\/uploads\/2025\/09\/RESTORED_Czochralski_powrot_ang.jpg 540w, http:\/\/janczochralski.com\/wp-content\/uploads\/2025\/09\/RESTORED_Czochralski_powrot_ang-210x300.jpg 210w\" sizes=\"auto, (max-width: 540px) 100vw, 540px\" \/><\/figure>\n\n<\/div><\/div><\/div>\n<\/div>\n<\/div><\/div>\n\n\n<hr class=\"wp-block-separator has-text-color has-accent-color has-alpha-channel-opacity has-accent-background-color has-background aligncenter is-style-dots\"\/>\n\n\n<div class=\"gb-container gb-container-f840f24d\"><div class=\"gb-inside-container\">\n<div class=\"gb-grid-wrapper gb-grid-wrapper-76c379ff\">\n<div class=\"gb-grid-column gb-grid-column-3c405a99\"><div class=\"gb-container gb-container-3c405a99\"><div class=\"gb-inside-container\">\n\n<h3 class=\"gb-headline gb-headline-788436b8\"><span class=\"gb-icon\"><svg aria-hidden=\"true\" height=\"1em\" width=\"1em\" viewBox=\"0 0 448 512\" xmlns=\"http:\/\/www.w3.org\/2000\/svg\"><path fill=\"currentColor\" d=\"M448 360V24c0-13.3-10.7-24-24-24H96C43 0 0 43 0 96v320c0 53 43 96 96 96h328c13.3 0 24-10.7 24-24v-16c0-7.5-3.5-14.3-8.9-18.7-4.2-15.4-4.2-59.3 0-74.7 5.4-4.3 8.9-11.1 8.9-18.6zM128 134c0-3.3 2.7-6 6-6h212c3.3 0 6 2.7 6 6v20c0 3.3-2.7 6-6 6H134c-3.3 0-6-2.7-6-6v-20zm0 64c0-3.3 2.7-6 6-6h212c3.3 0 6 2.7 6 6v20c0 3.3-2.7 6-6 6H134c-3.3 0-6-2.7-6-6v-20zm253.4 250H96c-17.7 0-32-14.3-32-32 0-17.6 14.4-32 32-32h285.4c-1.9 17.1-1.9 46.9 0 64z\"><\/path><\/svg><\/span><span class=\"gb-headline-text\">Jan Czochralski i jego metoda \/ <br>Jan Czochralski and his method<\/span><\/h3>\n\n\n\n<p>O livro foi publicado por ocasi\u00e3o do 50\u00ba anivers\u00e1rio da morte deste destacado cientista polon\u00eas da primeira metade do s\u00e9culo XX. Ele foi um renomado metal\u00fargico, qu\u00edmico e especialista em materiais.<\/p>\n\n\n\n<p>Desenvolveu uma s\u00e9rie de novos m\u00e9todos de pesquisa, patentes, etc. Hoje, em meio \u00e0 revolu\u00e7\u00e3o eletr\u00f4nica, o professor Czochralski \u00e9 conhecido principalmente por seu famoso e amplamente utilizado m\u00e9todo de crescimento de cristais, chamado \u201cm\u00e9todo Czochralski\u201d, publicado h\u00e1 85 anos.<\/p>\n\n\n\n<h4 class=\"gb-headline gb-headline-08773fb1 gb-headline-text\"><span style=\"text-decoration: underline;\"><span style=\"text-decoration: underline;\">Informa\u00e7\u00f5es:<\/span><\/span><\/h4>\n\n\n\n<p>Autor: Pawe\u0142 E. Tomaszewski<br>Editora: Oficyna Wydawnicza ATUT<br>Idioma: polon\u00eas e ingl\u00eas<br>Ano de publica\u00e7\u00e3o: 2012<br>P\u00e1ginas: 308<br>Tipo de capa: capa mole<\/p>\n\n\n\n<div class=\"wp-block-buttons is-layout-flex wp-block-buttons-is-layout-flex\">\n<div class=\"wp-block-button\"><a class=\"wp-block-button__link wp-element-button\" href=\"https:\/\/www.atutoficyna.pl\/szukaj?func=productPage&amp;wid=57&amp;pid=1023&amp;cid=0&amp;prid=\" target=\"_blank\" rel=\"noreferrer noopener\">Link para a livraria<\/a><\/div>\n<\/div>\n\n<\/div><\/div><\/div>\n\n<div class=\"gb-grid-column gb-grid-column-523fec6f\"><div class=\"gb-container gb-container-523fec6f\">\n\n<figure class=\"wp-block-image size-large is-resized is-style-default\"><img loading=\"lazy\" decoding=\"async\" width=\"549\" height=\"770\" src=\"http:\/\/janczochralski.com\/wp-content\/uploads\/2020\/12\/jan_czochralski_i_jego_metoda.jpg\" alt=\"\" class=\"wp-image-4662\" style=\"aspect-ratio:0.71280276816609;width:270px\" srcset=\"http:\/\/janczochralski.com\/wp-content\/uploads\/2020\/12\/jan_czochralski_i_jego_metoda.jpg 549w, http:\/\/janczochralski.com\/wp-content\/uploads\/2020\/12\/jan_czochralski_i_jego_metoda-214x300.jpg 214w\" sizes=\"auto, (max-width: 549px) 100vw, 549px\" \/><\/figure>\n\n<\/div><\/div>\n<\/div>\n<\/div><\/div>\n\n<div class=\"gb-container gb-container-fc7fac73\">\n<div class=\"gb-container gb-container-6975a3dc\">\n\n<h2 class=\"gb-headline gb-headline-91845337 gb-headline-text\">Livros recomendados em polon\u00eas sobre o Prof. Jan Czochralski \ud83c\uddf5\ud83c\uddf1<\/h2>\n\n\n<div class=\"gb-grid-wrapper gb-grid-wrapper-6fb93e32\">\n<div class=\"gb-grid-column gb-grid-column-32e5e33e\"><div class=\"gb-container gb-container-32e5e33e\"><div class=\"gb-inside-container\">\n\n<h3 class=\"gb-headline gb-headline-c1765c13\"><span class=\"gb-icon\"><svg aria-hidden=\"true\" height=\"1em\" width=\"1em\" viewBox=\"0 0 448 512\" xmlns=\"http:\/\/www.w3.org\/2000\/svg\"><path fill=\"currentColor\" d=\"M448 360V24c0-13.3-10.7-24-24-24H96C43 0 0 43 0 96v320c0 53 43 96 96 96h328c13.3 0 24-10.7 24-24v-16c0-7.5-3.5-14.3-8.9-18.7-4.2-15.4-4.2-59.3 0-74.7 5.4-4.3 8.9-11.1 8.9-18.6zM128 134c0-3.3 2.7-6 6-6h212c3.3 0 6 2.7 6 6v20c0 3.3-2.7 6-6 6H134c-3.3 0-6-2.7-6-6v-20zm0 64c0-3.3 2.7-6 6-6h212c3.3 0 6 2.7 6 6v20c0 3.3-2.7 6-6 6H134c-3.3 0-6-2.7-6-6v-20zm253.4 250H96c-17.7 0-32-14.3-32-32 0-17.6 14.4-32 32-32h285.4c-1.9 17.1-1.9 46.9 0 64z\"><\/path><\/svg><\/span><span class=\"gb-headline-text\">Powr\u00f3t. Rzecz o Janie Czochralskim (Wydanie II)<\/span><\/h3>\n\n\n\n<p>Quem foi Jan Czochralski (1885\u20131953) e o que ele conseguiu para que seu sobrenome seja o mais citado em publica\u00e7\u00f5es cient\u00edficas em todo o mundo? Os t\u00edtulos de &#8220;pai da eletr\u00f4nica de semicondutores&#8221; e &#8220;pai da civiliza\u00e7\u00e3o eletr\u00f4nica moderna&#8221; s\u00e3o justificados? S\u00e3o conhecidos os detalhes de sua coopera\u00e7\u00e3o com a intelig\u00eancia militar polonesa?<\/p>\n\n\n\n<p>O livro apresentado \u00e9 a segunda edi\u00e7\u00e3o, significativamente ampliada e atualizada, de uma monografia de 2012 publicada por ocasi\u00e3o do Ano de Jan Czochralski. Os anos transcorridos permitiram numerosas descobertas e esclarecimentos sobre alguns mist\u00e9rios na vida deste que \u00e9 o maior cientista polon\u00eas contempor\u00e2neo. <em>Regresso: A hist\u00f3ria de Jan Czochralski<\/em> n\u00e3o apenas destaca a vida do cientista e o papel de sua descoberta mais significativa de 1916 (o chamado m\u00e9todo Czochralski para produzir monocristais), que se tornou a base da civiliza\u00e7\u00e3o eletr\u00f4nica atual, mas tamb\u00e9m relata os numerosos esfor\u00e7os para restaurar o bom nome do professor Czochralski e as iniciativas para homenagear essa fascinante figura e estudioso da natureza.<\/p>\n\n\n\n<h4 class=\"gb-headline gb-headline-2fa47a45 gb-headline-text\"><span style=\"text-decoration: underline;\"><span style=\"text-decoration: underline;\">Informa\u00e7\u00f5es<\/span><\/span>:<\/h4>\n\n\n\n<p>Autor: Pawe\u0142 E. Tomaszewski<br>Editora: Oficyna Wydawnicza ATUT<br>Idioma: polon\u00eas<br>Ano de publica\u00e7\u00e3o: 2021<br>P\u00e1ginas: 680<br>Tipo de capa: capa dura<\/p>\n\n\n\n<div class=\"wp-block-buttons is-layout-flex wp-block-buttons-is-layout-flex\">\n<div class=\"wp-block-button\"><a class=\"wp-block-button__link wp-element-button\" href=\"https:\/\/www.atutoficyna.pl\/szukaj?func=productPage&amp;wid=57&amp;pid=1822&amp;cid=0&amp;prid=\" target=\"_blank\" rel=\"noreferrer noopener\">Link para a livraria<\/a><\/div>\n<\/div>\n\n<\/div><\/div><\/div>\n\n<div class=\"gb-grid-column gb-grid-column-b356b292\"><div class=\"gb-container gb-container-b356b292\"><div class=\"gb-inside-container\">\n\n<figure class=\"wp-block-image size-full is-resized\"><img loading=\"lazy\" decoding=\"async\" width=\"498\" height=\"770\" src=\"http:\/\/janczochralski.com\/wp-content\/uploads\/2025\/07\/Ksiazka-powrot.jpg\" alt=\"\" class=\"wp-image-6211\" style=\"width:270px\" srcset=\"http:\/\/janczochralski.com\/wp-content\/uploads\/2025\/07\/Ksiazka-powrot.jpg 498w, http:\/\/janczochralski.com\/wp-content\/uploads\/2025\/07\/Ksiazka-powrot-194x300.jpg 194w\" sizes=\"auto, (max-width: 498px) 100vw, 498px\" \/><\/figure>\n\n<\/div><\/div><\/div>\n<\/div>\n<\/div>\n<\/div>\n\n\n<hr class=\"wp-block-separator has-text-color has-accent-color has-alpha-channel-opacity has-accent-background-color has-background aligncenter is-style-dots\"\/>\n\n\n<div class=\"gb-container gb-container-db80732f\"><div class=\"gb-inside-container\">\n<div class=\"gb-grid-wrapper gb-grid-wrapper-51080d1c\">\n<div class=\"gb-grid-column gb-grid-column-05f56660\"><div class=\"gb-container gb-container-05f56660\"><div class=\"gb-inside-container\">\n\n<h3 class=\"gb-headline gb-headline-cfc09202\"><span class=\"gb-icon\"><svg aria-hidden=\"true\" height=\"1em\" width=\"1em\" viewBox=\"0 0 448 512\" xmlns=\"http:\/\/www.w3.org\/2000\/svg\"><path fill=\"currentColor\" d=\"M448 360V24c0-13.3-10.7-24-24-24H96C43 0 0 43 0 96v320c0 53 43 96 96 96h328c13.3 0 24-10.7 24-24v-16c0-7.5-3.5-14.3-8.9-18.7-4.2-15.4-4.2-59.3 0-74.7 5.4-4.3 8.9-11.1 8.9-18.6zM128 134c0-3.3 2.7-6 6-6h212c3.3 0 6 2.7 6 6v20c0 3.3-2.7 6-6 6H134c-3.3 0-6-2.7-6-6v-20zm0 64c0-3.3 2.7-6 6-6h212c3.3 0 6 2.7 6 6v20c0 3.3-2.7 6-6 6H134c-3.3 0-6-2.7-6-6v-20zm253.4 250H96c-17.7 0-32-14.3-32-32 0-17.6 14.4-32 32-32h285.4c-1.9 17.1-1.9 46.9 0 64z\"><\/path><\/svg><\/span><span class=\"gb-headline-text\">Powr\u00f3t. Rzecz o Janie Czochralskim<\/span><\/h3>\n\n\n\n<p>Quem foi Jan Czochralski (1885-1953) e o que ele conseguiu para que seu sobrenome seja o mais citado em publica\u00e7\u00f5es cient\u00edficas mundialmente? O t\u00edtulo de &#8220;pai da eletr\u00f4nica de semicondutores&#8221; \u00e9 justificado? S\u00e3o conhecidos os detalhes de sua coopera\u00e7\u00e3o com a intelig\u00eancia militar polonesa?<\/p>\n\n\n\n<p>O livro apresenta n\u00e3o apenas a vida do cientista e o papel de sua descoberta mais significativa (o chamado m\u00e9todo Czochralski para produzir monocristais) no desenvolvimento de nossa civiliza\u00e7\u00e3o baseada em cristais de sil\u00edcio, mas tamb\u00e9m inclui uma extensa bibliografia e uma lista completa de suas publica\u00e7\u00f5es e patentes. \u00c9 tamb\u00e9m uma hist\u00f3ria sobre as numerosas tentativas de restaurar o bom nome do professor Czochralski e as \u00faltimas descobertas feitas em arquivos poloneses (documentos do Ex\u00e9rcito Nacional), tchecos e alem\u00e3es (um filme de 1927).<\/p>\n\n\n\n<h4 class=\"gb-headline gb-headline-86d07f08 gb-headline-text\"><span style=\"text-decoration: underline;\"><span style=\"text-decoration: underline;\"><span style=\"text-decoration: underline;\">Informa\u00e7\u00f5es<\/span><\/span><\/span>:<\/h4>\n\n\n\n<p>Autor: Pawe\u0142 E. Tomaszewski<br>Editora: Oficyna Wydawnicza ATUT<br>Idioma: polon\u00eas<br>Ano de publica\u00e7\u00e3o: 2012<br>P\u00e1ginas: 308<br>Tipo de capa: capa dura<\/p>\n\n\n\n<div class=\"wp-block-buttons is-layout-flex wp-block-buttons-is-layout-flex\">\n<div class=\"wp-block-button\"><a class=\"wp-block-button__link wp-element-button\" href=\"https:\/\/www.atutoficyna.pl\/szukaj?func=productPage&amp;wid=57&amp;pid=514&amp;cid=0&amp;prid=\" target=\"_blank\" rel=\"noreferrer noopener\">Link para a livraria<\/a><\/div>\n<\/div>\n\n<\/div><\/div><\/div>\n\n<div class=\"gb-grid-column gb-grid-column-153d9fbe\"><div class=\"gb-container gb-container-153d9fbe\"><div class=\"gb-inside-container\">\n\n<figure class=\"wp-block-image size-large is-resized\"><img loading=\"lazy\" decoding=\"async\" width=\"540\" height=\"770\" src=\"http:\/\/janczochralski.com\/wp-content\/uploads\/2020\/12\/Powrot_Rzecz_o_Janie_Czochralskim.jpg\" alt=\"\" class=\"wp-image-4654\" style=\"width:270px\" srcset=\"http:\/\/janczochralski.com\/wp-content\/uploads\/2020\/12\/Powrot_Rzecz_o_Janie_Czochralskim.jpg 540w, http:\/\/janczochralski.com\/wp-content\/uploads\/2020\/12\/Powrot_Rzecz_o_Janie_Czochralskim-210x300.jpg 210w\" sizes=\"auto, (max-width: 540px) 100vw, 540px\" \/><\/figure>\n\n<\/div><\/div><\/div>\n<\/div>\n<\/div><\/div>\n\n\n<hr class=\"wp-block-separator has-text-color has-accent-color has-alpha-channel-opacity has-accent-background-color has-background aligncenter is-style-dots\"\/>\n\n\n<div class=\"gb-container gb-container-f36e0bed\"><div class=\"gb-inside-container\">\n<div class=\"gb-grid-wrapper gb-grid-wrapper-adb1d802\">\n<div class=\"gb-grid-column gb-grid-column-a16732b5\"><div class=\"gb-container gb-container-a16732b5\"><div class=\"gb-inside-container\">\n\n<h3 class=\"gb-headline gb-headline-aeff3f4c\"><span class=\"gb-icon\"><svg aria-hidden=\"true\" height=\"1em\" width=\"1em\" viewBox=\"0 0 448 512\" xmlns=\"http:\/\/www.w3.org\/2000\/svg\"><path fill=\"currentColor\" d=\"M448 360V24c0-13.3-10.7-24-24-24H96C43 0 0 43 0 96v320c0 53 43 96 96 96h328c13.3 0 24-10.7 24-24v-16c0-7.5-3.5-14.3-8.9-18.7-4.2-15.4-4.2-59.3 0-74.7 5.4-4.3 8.9-11.1 8.9-18.6zM128 134c0-3.3 2.7-6 6-6h212c3.3 0 6 2.7 6 6v20c0 3.3-2.7 6-6 6H134c-3.3 0-6-2.7-6-6v-20zm0 64c0-3.3 2.7-6 6-6h212c3.3 0 6 2.7 6 6v20c0 3.3-2.7 6-6 6H134c-3.3 0-6-2.7-6-6v-20zm253.4 250H96c-17.7 0-32-14.3-32-32 0-17.6 14.4-32 32-32h285.4c-1.9 17.1-1.9 46.9 0 64z\"><\/path><\/svg><\/span><span class=\"gb-headline-text\">Kryszta\u0142owe odkrycie. Powie\u015b\u0107 o Janie Czochralskim<\/span><\/h3>\n\n\n\n<p>Voici une novela sobre el hijo pobre de un carpintero, un apasionado que se convirti\u00f3 en profesor sin haber terminado el bachillerato. Sobre un hombre que \u201cpor casualidad\u201d hizo un descubrimiento \u00e9pico y, gracias a sus inventos, se volvi\u00f3 famoso y rico.<\/p>\n\n\n\n<p>El libro sobre Jan Czochralski fue escrito pensando en un lector joven, pero puede interesar a cualquiera, ya sea que tenga 10 o 110 a\u00f1os.<\/p>\n\n\n\n<p>El libro fue escrito en el marco de una beca del presupuesto del Ministro de Cultura y Patrimonio Nacional. Publicado en colaboraci\u00f3n con la Editorial DEBIT.<\/p>\n\n\n\n<h4 class=\"gb-headline gb-headline-c6d74490 gb-headline-text\"><span style=\"text-decoration: underline;\"><span style=\"text-decoration: underline;\"><span style=\"text-decoration: underline;\"><span style=\"text-decoration: underline;\"><span style=\"text-decoration: underline;\"><span style=\"text-decoration: underline;\"><span style=\"text-decoration: underline;\">Informa\u00e7\u00f5es<\/span><\/span><\/span><\/span><\/span><\/span><\/span>:<\/h4>\n\n\n\n<p>Autor: Pawe\u0142 E. Tomaszewski<br>Editora: Oficyna Wydawnicza ATUT<br>Idioma: polon\u00eas<br>Ano de publica\u00e7\u00e3o: 2012<br>P\u00e1ginas: 308<br>Tipo de capa: capa dura<\/p>\n\n\n\n<div class=\"wp-block-buttons is-layout-flex wp-block-buttons-is-layout-flex\">\n<div class=\"wp-block-button\"><a class=\"wp-block-button__link wp-element-button\" href=\"https:\/\/www.atutoficyna.pl\/szukaj?func=productPage&amp;wid=57&amp;pid=643&amp;cid=0&amp;prid=\" target=\"_blank\" rel=\"noreferrer noopener\">Link para a livraria<\/a><\/div>\n<\/div>\n\n<\/div><\/div><\/div>\n\n<div class=\"gb-grid-column gb-grid-column-f277d61d\"><div class=\"gb-container gb-container-f277d61d\"><div class=\"gb-inside-container\">\n\n<figure class=\"wp-block-image size-large is-resized\"><img loading=\"lazy\" decoding=\"async\" width=\"540\" height=\"770\" src=\"http:\/\/janczochralski.com\/wp-content\/uploads\/2020\/12\/Krysztaowe_odkrycie_czochralski_oklad_2013.jpg\" alt=\"\" class=\"wp-image-4715\" style=\"width:270px\" srcset=\"http:\/\/janczochralski.com\/wp-content\/uploads\/2020\/12\/Krysztaowe_odkrycie_czochralski_oklad_2013.jpg 540w, http:\/\/janczochralski.com\/wp-content\/uploads\/2020\/12\/Krysztaowe_odkrycie_czochralski_oklad_2013-210x300.jpg 210w\" sizes=\"auto, (max-width: 540px) 100vw, 540px\" \/><\/figure>\n\n<\/div><\/div><\/div>\n<\/div>\n<\/div><\/div>\n\n\n<hr class=\"wp-block-separator has-text-color has-accent-color has-alpha-channel-opacity has-accent-background-color has-background aligncenter is-style-dots\"\/>\n\n\n<div class=\"gb-container gb-container-223f69c6\"><div class=\"gb-inside-container\">\n<div class=\"gb-grid-wrapper gb-grid-wrapper-96cf0953\">\n<div class=\"gb-grid-column gb-grid-column-f9a43e74\"><div class=\"gb-container gb-container-f9a43e74\"><div class=\"gb-inside-container\">\n\n<h3 class=\"gb-headline gb-headline-eb13b487\"><span class=\"gb-icon\"><svg aria-hidden=\"true\" height=\"1em\" width=\"1em\" viewBox=\"0 0 448 512\" xmlns=\"http:\/\/www.w3.org\/2000\/svg\"><path fill=\"currentColor\" d=\"M448 360V24c0-13.3-10.7-24-24-24H96C43 0 0 43 0 96v320c0 53 43 96 96 96h328c13.3 0 24-10.7 24-24v-16c0-7.5-3.5-14.3-8.9-18.7-4.2-15.4-4.2-59.3 0-74.7 5.4-4.3 8.9-11.1 8.9-18.6zM128 134c0-3.3 2.7-6 6-6h212c3.3 0 6 2.7 6 6v20c0 3.3-2.7 6-6 6H134c-3.3 0-6-2.7-6-6v-20zm0 64c0-3.3 2.7-6 6-6h212c3.3 0 6 2.7 6 6v20c0 3.3-2.7 6-6 6H134c-3.3 0-6-2.7-6-6v-20zm253.4 250H96c-17.7 0-32-14.3-32-32 0-17.6 14.4-32 32-32h285.4c-1.9 17.1-1.9 46.9 0 64z\"><\/path><\/svg><\/span><span class=\"gb-headline-text\">Maja. Powie\u015b\u0107 mi\u0142osna<\/span><\/h3>\n\n\n\n<p>O professor Jan Czochralski foi um destacado metal\u00fargico e qu\u00edmico polon\u00eas. Ele \u00e9 mundialmente conhecido como o criador do chamado m\u00e9todo Czochralski para produzir monocristais. Poucos sabem que ele tamb\u00e9m se interessava por arte e literatura e que se aventurou na escrita. O volume de poesia apresentado \u00e9 sua obra conhecida mais antiga. Vale a pena conhecer Jan Czochralski tamb\u00e9m sob essa perspectiva espiritual.<\/p>\n\n\n\n<h4 class=\"gb-headline gb-headline-07db2034 gb-headline-text\"><span style=\"text-decoration: underline;\"><span style=\"text-decoration: underline;\"><span style=\"text-decoration: underline;\"><span style=\"text-decoration: underline;\"><span style=\"text-decoration: underline;\"><span style=\"text-decoration: underline;\"><span style=\"text-decoration: underline;\"><span style=\"text-decoration: underline;\"><span style=\"text-decoration: underline;\"><span style=\"text-decoration: underline;\"><span style=\"text-decoration: underline;\"><span style=\"text-decoration: underline;\">Informa\u00e7\u00f5es<\/span><\/span><\/span><\/span><\/span><\/span><\/span><\/span><\/span><\/span><\/span>:<\/span><\/h4>\n\n\n\n<p>Autor: Jan Czochralski<br>Editora: Oficyna Wydawnicza ATUT<br>Idioma: polon\u00eas<br>Ano de publica\u00e7\u00e3o: 2013<br>P\u00e1ginas: 144<br>Tipo de capa: capa dura<\/p>\n\n\n\n<div class=\"wp-block-buttons is-layout-flex wp-block-buttons-is-layout-flex\">\n<div class=\"wp-block-button\"><a class=\"wp-block-button__link wp-element-button\" href=\"https:\/\/www.atutoficyna.pl\/szukaj?func=productPage&amp;wid=57&amp;pid=683&amp;cid=0&amp;prid=https:\/\/www.atutoficyna.pl\/szukaj?func=productPage&amp;wid=57&amp;pid=683&amp;cid=0&amp;prid=https:\/\/www.atutoficyna.pl\/szukaj?func=productPage&amp;wid=57&amp;pid=683&amp;cid=0&amp;prid=\" target=\"_blank\" rel=\"noreferrer noopener\">Link para a livraria<\/a><\/div>\n<\/div>\n\n<\/div><\/div><\/div>\n\n<div class=\"gb-grid-column gb-grid-column-7f6eb87a\"><div class=\"gb-container gb-container-7f6eb87a\"><div class=\"gb-inside-container\">\n\n<figure class=\"wp-block-image size-large is-resized\"><img loading=\"lazy\" decoding=\"async\" width=\"540\" height=\"770\" src=\"http:\/\/janczochralski.com\/wp-content\/uploads\/2020\/12\/Maja_Czochralski_Powies\u0301c\u0301.jpg\" alt=\"\" class=\"wp-image-4719\" style=\"width:270px\" srcset=\"http:\/\/janczochralski.com\/wp-content\/uploads\/2020\/12\/Maja_Czochralski_Powies\u0301c\u0301.jpg 540w, http:\/\/janczochralski.com\/wp-content\/uploads\/2020\/12\/Maja_Czochralski_Powies\u0301c\u0301-210x300.jpg 210w\" sizes=\"auto, (max-width: 540px) 100vw, 540px\" \/><\/figure>\n\n<\/div><\/div><\/div>\n<\/div>\n<\/div><\/div>\n<\/div><\/div>","protected":false},"excerpt":{"rendered":"<p>Livros recomendados em ingl\u00eas sobre o Prof. Jan Czochralski \ud83c\uddec\ud83c\udde7 Livros recomendados em polon\u00eas sobre o Prof. Jan Czochralski \ud83c\uddf5\ud83c\uddf1<\/p>\n","protected":false},"author":1,"featured_media":0,"parent":0,"menu_order":0,"comment_status":"closed","ping_status":"closed","template":"","meta":{"footnotes":""},"class_list":["post-7052","page","type-page","status-publish"],"_links":{"self":[{"href":"http:\/\/janczochralski.com\/pt-br\/wp-json\/wp\/v2\/pages\/7052","targetHints":{"allow":["GET"]}}],"collection":[{"href":"http:\/\/janczochralski.com\/pt-br\/wp-json\/wp\/v2\/pages"}],"about":[{"href":"http:\/\/janczochralski.com\/pt-br\/wp-json\/wp\/v2\/types\/page"}],"author":[{"embeddable":true,"href":"http:\/\/janczochralski.com\/pt-br\/wp-json\/wp\/v2\/users\/1"}],"replies":[{"embeddable":true,"href":"http:\/\/janczochralski.com\/pt-br\/wp-json\/wp\/v2\/comments?post=7052"}],"version-history":[{"count":7,"href":"http:\/\/janczochralski.com\/pt-br\/wp-json\/wp\/v2\/pages\/7052\/revisions"}],"predecessor-version":[{"id":7081,"href":"http:\/\/janczochralski.com\/pt-br\/wp-json\/wp\/v2\/pages\/7052\/revisions\/7081"}],"wp:attachment":[{"href":"http:\/\/janczochralski.com\/pt-br\/wp-json\/wp\/v2\/media?parent=7052"}],"curies":[{"name":"wp","href":"https:\/\/api.w.org\/{rel}","templated":true}]}}