{"id":6276,"date":"2025-07-18T12:04:10","date_gmt":"2025-07-18T12:04:10","guid":{"rendered":"https:\/\/janczochralski.com\/?page_id=6276"},"modified":"2025-11-10T16:51:41","modified_gmt":"2025-11-10T16:51:41","slug":"startsida","status":"publish","type":"page","link":"http:\/\/janczochralski.com\/sv\/","title":{"rendered":"Startsida"},"content":{"rendered":"\n\n\n\n<div class=\"gb-container gb-container-c7b3b45a\">\n\n<div class=\"wp-block-media-text is-stacked-on-mobile is-vertically-aligned-top\" style=\"grid-template-columns:30% auto\"><figure class=\"wp-block-media-text__media\"><a href=\"http:\/\/www.bylasobiefotka.pl\" target=\"_blank\" rel=\" noreferrer noopener\"><img loading=\"lazy\" decoding=\"async\" width=\"209\" height=\"300\" src=\"https:\/\/janczochralski.com\/wp-content\/uploads\/2025\/11\/Jan-Czochralski-bylasobiefotka-209x300.jpg\" alt=\"www.bylasobiefotka.pl\" class=\"wp-image-7592 size-medium\" srcset=\"http:\/\/janczochralski.com\/wp-content\/uploads\/2025\/11\/Jan-Czochralski-bylasobiefotka-209x300.jpg 209w, http:\/\/janczochralski.com\/wp-content\/uploads\/2025\/11\/Jan-Czochralski-bylasobiefotka-715x1024.jpg 715w, http:\/\/janczochralski.com\/wp-content\/uploads\/2025\/11\/Jan-Czochralski-bylasobiefotka-768x1100.jpg 768w, http:\/\/janczochralski.com\/wp-content\/uploads\/2025\/11\/Jan-Czochralski-bylasobiefotka-1072x1536.jpg 1072w, http:\/\/janczochralski.com\/wp-content\/uploads\/2025\/11\/Jan-Czochralski-bylasobiefotka.jpg 1340w\" sizes=\"auto, (max-width: 209px) 100vw, 209px\" \/><\/a><\/figure><div class=\"wp-block-media-text__content\">\n<h1 class=\"wp-block-heading\"><strong><strong><strong><strong>V\u00e4lkommen till den officiella webbplatsen till\u00e4gnad Jan Czochralski<\/strong><\/strong><\/strong>\u00a0<\/strong><\/h1>\n\n\n\n<p class=\"has-medium-font-size\">en av Polens fr\u00e4msta vetenskapsm\u00e4n och uppfinnaren av Czochralski-metoden \u2014 en banbrytande teknik f\u00f6r att odla monokristallint kisel som anv\u00e4nds i n\u00e4stan alla moderna mikroprocessorer och halvledarenheter. Uppt\u00e4ck historien om en vision\u00e4r kemist vars arbete lade grunden till den digitala eran.<\/p>\n<\/div><\/div>\n\n\n\n<p class=\"gb-text gb-text-cbde5457\">Foto: <a href=\"http:\/\/www.bylasobiefotka.pl\">http:\/\/www.bylasobiefotka.pl<\/a><\/p>\n\n<\/div>","protected":false},"excerpt":{"rendered":"<p>V\u00e4lkommen till den officiella webbplatsen till\u00e4gnad Jan Czochralski\u00a0 en av Polens fr\u00e4msta vetenskapsm\u00e4n och uppfinnaren av Czochralski-metoden \u2014 en banbrytande teknik f\u00f6r att odla monokristallint kisel som anv\u00e4nds i n\u00e4stan &#8230; <a title=\"Startsida\" class=\"read-more\" href=\"http:\/\/janczochralski.com\/sv\/\" aria-label=\"L\u00e4s mer om Startsida\">Read More<\/a><\/p>\n","protected":false},"author":1,"featured_media":0,"parent":0,"menu_order":0,"comment_status":"closed","ping_status":"closed","template":"","meta":{"footnotes":""},"class_list":["post-6276","page","type-page","status-publish"],"_links":{"self":[{"href":"http:\/\/janczochralski.com\/sv\/wp-json\/wp\/v2\/pages\/6276","targetHints":{"allow":["GET"]}}],"collection":[{"href":"http:\/\/janczochralski.com\/sv\/wp-json\/wp\/v2\/pages"}],"about":[{"href":"http:\/\/janczochralski.com\/sv\/wp-json\/wp\/v2\/types\/page"}],"author":[{"embeddable":true,"href":"http:\/\/janczochralski.com\/sv\/wp-json\/wp\/v2\/users\/1"}],"replies":[{"embeddable":true,"href":"http:\/\/janczochralski.com\/sv\/wp-json\/wp\/v2\/comments?post=6276"}],"version-history":[{"count":3,"href":"http:\/\/janczochralski.com\/sv\/wp-json\/wp\/v2\/pages\/6276\/revisions"}],"predecessor-version":[{"id":7699,"href":"http:\/\/janczochralski.com\/sv\/wp-json\/wp\/v2\/pages\/6276\/revisions\/7699"}],"wp:attachment":[{"href":"http:\/\/janczochralski.com\/sv\/wp-json\/wp\/v2\/media?parent=6276"}],"curies":[{"name":"wp","href":"https:\/\/api.w.org\/{rel}","templated":true}]}}