{"id":7152,"date":"2025-09-27T20:05:14","date_gmt":"2025-09-27T20:05:14","guid":{"rendered":"https:\/\/janczochralski.com\/?page_id=7152"},"modified":"2025-10-09T20:06:13","modified_gmt":"2025-10-09T20:06:13","slug":"metod","status":"publish","type":"page","link":"http:\/\/janczochralski.com\/sv\/metod\/","title":{"rendered":"Metoden"},"content":{"rendered":"<div class=\"gb-container gb-container-7160e655\">\n\n<div class=\"wp-block-group\"><div class=\"wp-block-group__inner-container is-layout-constrained wp-block-group-is-layout-constrained\">\n<div class=\"wp-block-cover alignfull has-medium-font-size\" style=\"margin-top:0;min-height:550px;aspect-ratio:unset;\"><img loading=\"lazy\" decoding=\"async\" width=\"2560\" height=\"1707\" class=\"wp-block-cover__image-background wp-image-5995\" alt=\"\" src=\"http:\/\/janczochralski.com\/wp-content\/uploads\/2025\/06\/inteligentne-tlo-mikroprocesora-na-technologii-zblizenia-plyty-glownej-scaled.jpg\" data-object-fit=\"cover\" srcset=\"http:\/\/janczochralski.com\/wp-content\/uploads\/2025\/06\/inteligentne-tlo-mikroprocesora-na-technologii-zblizenia-plyty-glownej-scaled.jpg 2560w, http:\/\/janczochralski.com\/wp-content\/uploads\/2025\/06\/inteligentne-tlo-mikroprocesora-na-technologii-zblizenia-plyty-glownej-300x200.jpg 300w, http:\/\/janczochralski.com\/wp-content\/uploads\/2025\/06\/inteligentne-tlo-mikroprocesora-na-technologii-zblizenia-plyty-glownej-1024x683.jpg 1024w, http:\/\/janczochralski.com\/wp-content\/uploads\/2025\/06\/inteligentne-tlo-mikroprocesora-na-technologii-zblizenia-plyty-glownej-768x512.jpg 768w, http:\/\/janczochralski.com\/wp-content\/uploads\/2025\/06\/inteligentne-tlo-mikroprocesora-na-technologii-zblizenia-plyty-glownej-1536x1024.jpg 1536w, http:\/\/janczochralski.com\/wp-content\/uploads\/2025\/06\/inteligentne-tlo-mikroprocesora-na-technologii-zblizenia-plyty-glownej-2048x1365.jpg 2048w\" sizes=\"auto, (max-width: 2560px) 100vw, 2560px\" \/><span aria-hidden=\"true\" class=\"wp-block-cover__background has-black-background-color has-background-dim-0 has-background-dim\"><\/span><div class=\"wp-block-cover__inner-container is-layout-flow wp-block-cover-is-layout-flow\">\n<p class=\"has-text-align-center has-large-font-size\"><\/p>\n<\/div><\/div>\n<\/div><\/div>\n\n<\/div>\n\n<div class=\"gb-container gb-container-ace04aff\">\n\n<h2 class=\"gb-headline gb-headline-1d951f75 gb-headline-text\">Introduktion<\/h2>\n\n\n\n<p>F\u00e5 m\u00e4nniskor idag minns tiden f\u00f6re internet och den utbredda anv\u00e4ndningen av halvledarelektronik. \u00c4nd\u00e5 har det bara g\u00e5tt n\u00e5gra decennier. N\u00e4sta fas av v\u00e5r civilisation, baserad p\u00e5 artificiell intelligens, v\u00e4xer fram inf\u00f6r v\u00e5ra \u00f6gon.<\/p>\n\n\n\n<p>F\u00e5 vet att grunden f\u00f6r denna revolution var en \u00f6verraskande uppt\u00e4ckt gjord av en polack 1916. Jan Czochralski fr\u00e5n Kcynia \u00e4r skaparen av den s\u00e5 kallade Czochralski-metoden f\u00f6r att producera enkristaller. Denna billiga och genialiskt enkla metod, som till\u00e4mpades p\u00e5 mitten av 1900-talet f\u00f6r produktion av silikonenenkristaller, gav drivkraften till den enorma utvecklingen av elektronik.<\/p>\n\n\n\n<p>Och det hela b\u00f6rjade s\u00e5 h\u00e4r\u2026<\/p>\n\n<\/div>\n\n<div class=\"gb-container gb-container-140b2f5d\">\n\n<h2 class=\"gb-headline gb-headline-bc15f23b gb-headline-text\">Ett h\u00e4pnadsv\u00e4ckande misstag<\/h2>\n\n\n<div class=\"wp-block-image is-resized\">\n<figure class=\"alignright size-large\"><img loading=\"lazy\" decoding=\"async\" width=\"312\" height=\"424\" src=\"http:\/\/janczochralski.com\/wp-content\/uploads\/2020\/12\/Rysunek_wynalazek.png\" alt=\"\" class=\"wp-image-4752\" style=\"width:151px;height:auto\" srcset=\"http:\/\/janczochralski.com\/wp-content\/uploads\/2020\/12\/Rysunek_wynalazek.png 312w, http:\/\/janczochralski.com\/wp-content\/uploads\/2020\/12\/Rysunek_wynalazek-221x300.png 221w\" sizes=\"auto, (max-width: 312px) 100vw, 312px\" \/><\/figure>\n<\/div>\n\n\n<p>\u00c5r 1916 gjorde Jan Czochralski, en polsk kemist som arbetade i laboratoriet hos det elektriska f\u00f6retaget AEG i Berlin, en oavsiktlig uppt\u00e4ckt som f\u00f6r\u00e4ndrade historiens g\u00e5ng. Utmattad av forskning som syftade till att hitta en metod f\u00f6r att m\u00e4ta kristallisationshastigheten hos metaller gjorde Czochralski ett till synes trivialt misstag. Med avsikt att anteckna sina observationer doppade han instinktivt sin penna inte i ett bl\u00e4ckhorn, utan i en n\u00e4rliggande degel med sm\u00e4lt tenn. Till hans f\u00f6rv\u00e5ning h\u00e4ngde en tunn tr\u00e5d av stelnat metall fr\u00e5n pennspetsen n\u00e4r han drog ut den. Denna ov\u00e4ntade uppkomst av en metalltr\u00e5d fascinerade honom. Han upprepade handlingen, doppade spetsen i det sm\u00e4lta tennet och drog ut den l\u00e5ngsamt. Han observerade bildandet av en ny tr\u00e5d. N\u00e4r han drog ut pennan snabbare blev tr\u00e5den kortare. En serie systematiska experiment som utf\u00f6rdes den kv\u00e4llen bekr\u00e4ftade att hastigheten med vilken pennan drogs ut ur det sm\u00e4lta metallet p\u00e5verkade l\u00e4ngden och strukturen hos den stelnade tr\u00e5den. Han ins\u00e5g att detta fenomen kunde ge viktig insikt i kristallisationsegenskaperna hos metaller.<\/p>\n\n\n\n<p>Czochralski noterade att sk\u00e5ran i pennspetsen fungerade som en \u00f6ppen kapill\u00e4r; kristallisation i kapill\u00e4r r\u00f6r hade tidigare beskrivits av Gustav Tammann. Den polske forskaren ersatte d\u00e4rf\u00f6r pennan med ett glasr\u00f6r och handen med en urverksmekanism. Detta gjorde det m\u00f6jligt f\u00f6r honom att kontrollera hastigheten f\u00f6r utdragningen av den kristallina tr\u00e5den.<\/p>\n\n\n\n<p>Detta oavsiktliga experiment, senare kallat Czochralski-metoden och f\u00f6rst publicerat 1918, markerade ett genombrott i teknologin f\u00f6r att producera enkristaller som \u00e4r v\u00e4sentliga f\u00f6r halvledarelektronik.<\/p>\n\n\n\n<p>\u00c5r 1950, p\u00e5 andra sidan Atlanten, k\u00e4mpade den amerikanske forskaren Gordon Teal med utmaningen att f\u00e5 fram stora, h\u00f6gkvalitativa germaniumenkristaller f\u00f6r transistorer. Det visade sig att Czochralski-metoden, som anv\u00e4ndes i metallurgiska laboratorier, var l\u00e4mplig f\u00f6r detta \u00e4ndam\u00e5l efter n\u00f6dv\u00e4ndiga f\u00f6rb\u00e4ttringar. Senare till\u00e4mpade Teal metoden f\u00f6r att producera silikonkristaller. Utan Czochralski-metoden skulle utvecklingen av mikroprocessorer, datorer, mobiltelefoner och m\u00e5nga andra enheter ha varit om\u00f6jlig. Metodens enkelhet och m\u00e5ngsidighet gjorde den till grunden f\u00f6r den teknologiska revolutionen och s\u00e4krade dess plats i laboratorier och elektronikf\u00f6retag v\u00e4rlden \u00f6ver.<\/p>\n\n\n<div class=\"wp-block-image is-resized\">\n<figure class=\"alignright size-large\"><img loading=\"lazy\" decoding=\"async\" width=\"1024\" height=\"788\" src=\"http:\/\/janczochralski.com\/wp-content\/uploads\/2025\/07\/Poczatek-oryginalnej-publikacji-o-metodzie-pomiary-szybkosci-krystalizacji-metali-19.08.1916-1024x788.png\" alt=\"\" class=\"wp-image-6221\" style=\"width:595px;height:auto\" srcset=\"http:\/\/janczochralski.com\/wp-content\/uploads\/2025\/07\/Poczatek-oryginalnej-publikacji-o-metodzie-pomiary-szybkosci-krystalizacji-metali-19.08.1916-1024x788.png 1024w, http:\/\/janczochralski.com\/wp-content\/uploads\/2025\/07\/Poczatek-oryginalnej-publikacji-o-metodzie-pomiary-szybkosci-krystalizacji-metali-19.08.1916-300x231.png 300w, http:\/\/janczochralski.com\/wp-content\/uploads\/2025\/07\/Poczatek-oryginalnej-publikacji-o-metodzie-pomiary-szybkosci-krystalizacji-metali-19.08.1916-768x591.png 768w, http:\/\/janczochralski.com\/wp-content\/uploads\/2025\/07\/Poczatek-oryginalnej-publikacji-o-metodzie-pomiary-szybkosci-krystalizacji-metali-19.08.1916-1536x1183.png 1536w, http:\/\/janczochralski.com\/wp-content\/uploads\/2025\/07\/Poczatek-oryginalnej-publikacji-o-metodzie-pomiary-szybkosci-krystalizacji-metali-19.08.1916.png 1774w\" sizes=\"auto, (max-width: 1024px) 100vw, 1024px\" \/><figcaption class=\"wp-element-caption\">The Beginning of the Original Publication on the Measurement of Metal Crystallization Rates (August 19, 1916)<\/figcaption><\/figure>\n<\/div>\n\n\n<p>Jan Czochralski, f\u00f6dd 1885 i Kcynia, i ett Polen delat av ockupationsmakter, var en sj\u00e4lvl\u00e4rd kemist som n\u00e5dde vetenskapens h\u00f6jder. Trots avsaknad av formell h\u00f6gre utbildning arbetade han i Berlins kemiska och metallurgiska industrier och ledde metallaboratoriet hos AEG. Hans oavsiktliga uppt\u00e4ckt 1916 var inte bara en lycktr\u00e4ff, utan ett bevis p\u00e5 hans f\u00f6rm\u00e5gor och vetenskapliga noggrannhet. Efter att ha \u00e5terv\u00e4nt till Polen 1928 blev han professor vid Warszawas tekniska universitet. Tyv\u00e4rr fick han 1945 inte \u00e5terv\u00e4nda till universitetet av sk\u00e4l som fortfarande \u00e4r oklara. Han tillbringade sina sista \u00e5r i Kcynia, d\u00e4r han drev en liten kemisk fabrik kallad BION. Han dog 1953. F\u00f6rst 2011 erk\u00e4ndes hans bidrag officiellt av Warszawas tekniska universitet, vilket upph\u00e4vde den van\u00e4ra som \u00e5lagts decennier tidigare.<\/p>\n\n\n\n<p>Czochralski kallade sin metod f\u00f6r m\u00e4tning av kristallisationshastighet f\u00f6r \u201ckapill\u00e4rmetoden\u201d (<em>Capillarverfahren<\/em>, <em>Capillarmethode<\/em>), med h\u00e4nvisning till den initiala sugningen av sm\u00e4lt material genom en kapill\u00e4r i \u00e4nden av en krok. Den f\u00f6rsta beskrivningen av metoden, med titeln <em>\u201cEin neues Verfahren zur Messung der Kristallisationgeschwindigkeit der Metalle\u201d<\/em> (\u201cEn ny metod f\u00f6r att m\u00e4ta kristallisationshastigheten hos metaller\u201d), publicerades i tidskriften <em>Zeitschrift f\u00fcr physikalische Chemie<\/em> 1918. Manuskriptet mottogs av redaktionen den 19 augusti 1916 \u2013 ett datum som anses vara metodens f\u00f6delse. Publikationen beskrev de tekniska aspekterna och resultaten av de initiala experimenten med tenn, zink och bly.<\/p>\n\n\n\n<p>Den naturliga konsekvensen av denna uppt\u00e4ckt var till\u00e4mpningen av \u201cmetoden f\u00f6r m\u00e4tning av kristallisationshastighet\u201d f\u00f6r produktion av enkristaller. Redan i augusti 1918 anv\u00e4nde Hans Joachim von Wartenberg denna metod f\u00f6r att f\u00e5 fram zinkkristaller och var den f\u00f6rsta att ers\u00e4tta kapill\u00e4ren med en kristallk\u00e4rna. Ytterligare modifieringar f\u00f6reslogs av bland andra Ervin von Gomperz (1922), H. Mark och medarbetare (1923) samt E.G. Linder (1925).<\/p>\n\n<\/div>\n\n<div class=\"gb-container gb-container-f7b66e60\">\n\n<h2 class=\"gb-headline gb-headline-b555a713 gb-headline-text\">Metoden<\/h2>\n\n\n\n<p>K\u00e4rnan i Czochralski-metoden \u00e4r enkel. Materialet som ska kristalliseras sm\u00e4lts i en degel, och en kapill\u00e4r eller en f\u00f6rberedd k\u00e4rna f\u00f6rs in i ytskiktet av sm\u00e4ltan. Efter att ha dragit upp en liten m\u00e4ngd metall b\u00f6rjar kristallisationen, och k\u00e4rnan dras ut med en l\u00e4mplig hastighet f\u00f6r att bibeh\u00e5lla kontakt med den sm\u00e4lta substansen. Ytsp\u00e4nningen h\u00e5ller kolumnen av flytande material vid kapill\u00e4rens utlopp eller \u201cf\u00e4st\u201d vid k\u00e4rnan. Kontakten mellan denna kolumn och kallare luft g\u00f6r att den stelnar l\u00e5ngsamt \u00f6ver v\u00e4tskeytan, vilket resulterar i en enkristall med en ordnad atomstruktur.<\/p>\n\n\n\n<p>Czochralski-metoden har m\u00e5nga f\u00f6rdelar:<\/p>\n\n\n\n<ul class=\"wp-block-list\">\n<li>Kristallens tillv\u00e4xtriktning best\u00e4ms av k\u00e4rnans orientering.<\/li>\n\n\n\n<li>Avsaknaden av kontakt med degeln s\u00e4kerst\u00e4ller stressfri tillv\u00e4xt.<\/li>\n\n\n\n<li>Den m\u00f6jligg\u00f6r enkel kontroll av kvalitet och kemisk sammans\u00e4ttning, inklusive dopning.<\/li>\n\n\n\n<li>En defekt kristall kan helt eller delvis sm\u00e4ltas om, vilket minskar materialspill och kostnader.<\/li>\n\n\n\n<li>Stora kristaller kan erh\u00e5llas under olika f\u00f6rh\u00e5llanden, inklusive i specifika gasatmosf\u00e4rer.<\/li>\n<\/ul>\n\n\n\n<p>Ursprungligen anv\u00e4ndes metoden endast f\u00f6r att producera enkristaller av metaller. Men den fann snabbt till\u00e4mpning i produktionen av enkristaller av m\u00e5nga andra material, inklusive silikon, som \u00e4r avg\u00f6rande f\u00f6r elektronik. Ingen annan metod f\u00f6r kristalltillv\u00e4xt kan m\u00e4ta sig med den.<\/p>\n\n\n\n<p>Jan Czochralski patenterade inte sin uppfinning och fick inga ekonomiska f\u00f6rdelar av den. Han f\u00f6rest\u00e4llde sig f\u00f6rmodligen aldrig att han p\u00e5 s\u00e4tt och vis skulle bli \u201cfadern till silikonelektronik\u201d. Det var just tack vare hans uppt\u00e4ckt som utvecklingen av h\u00f6gkvalitativa transistorer och moderna halvledarteknologier blev m\u00f6jlig.<\/p>\n\n\n\n<div style=\"text-align: center;\">\n  <iframe loading=\"lazy\" width=\"853\" height=\"480\" src=\"https:\/\/www.youtube.com\/embed\/TZxD2ePrphY\" title=\"Siltronic Animated Wafer Production Process\" frameborder=\"0\" allow=\"accelerometer; autoplay; clipboard-write; encrypted-media; gyroscope; picture-in-picture; web-share\" referrerpolicy=\"strict-origin-when-cross-origin\" allowfullscreen style=\"display: block; margin: 0 auto;\"><\/iframe>\n<\/div>\n\n<\/div>\n\n<div class=\"gb-container gb-container-4ace3420\">\n\n<h2 class=\"gb-headline gb-headline-9c1db563 gb-headline-text\">Idag<\/h2>\n\n\n\n<p>Jan Czochralski b\u00f6rjade med tunna tennenkristaller som bara var 15 cm l\u00e5nga. De f\u00f6rsta silikonkristallerna var cirka 2,5 cm i diameter och v\u00e4gde endast 50\u2013200 gram. Det ins\u00e5gs snart att odling av st\u00f6rre kristaller, fr\u00e5n vilka wafer som m\u00f6jligg\u00f6r placering av flera integrerade kretsar kunde tillverkas, var mer kostnadseffektivt. Att \u00f6ka diametern har betydande ekonomisk betydelse: en 20 cm wafer kan ge 74 64 Mb mikroprocessorer, medan en 30 cm wafer kan producera 170 1 Gb processorer.<\/p>\n\n\n\n<p>Skalan p\u00e5 metodens utveckling \u00e4r tydlig i dagens silikonenenkristallparametrar \u2013 det prim\u00e4ra r\u00e5materialet f\u00f6r integrerade kretsar. De kan n\u00e5 l\u00e4ngder p\u00e5 upp till tv\u00e5 meter, en diameter p\u00e5 30 cm och en vikt p\u00e5 \u00f6ver 250 kg (s\u00e5dana kristaller har producerats av Wacker-Siltronic GmbH i Freiberg n\u00e4ra Dresden sedan 2002). \u00c5r 2006 anv\u00e4nde \u00f6ver h\u00e4lften av produktionen redan 30 cm wafers. Det \u00e4r ocks\u00e5 m\u00f6jligt att producera silikon med en diameter p\u00e5 45 cm och en vikt p\u00e5 cirka 800 kg, \u00e4ven om kostnaderna och teknologin f\u00f6r att producera s\u00e5 stora kristaller inneb\u00e4r betydande ekonomiska utmaningar.<\/p>\n\n\n\n<p>F\u00f6r n\u00e4rvarande \u00e4r cirka 99 % av alla halvledarenheter tillverkade av silikonenenkristaller, med cirka 95 % av kristallerna producerade med olika varianter av Czochralski-processen. Fabriker driver dussintals storskaliga installationer.<\/p>\n\n\n\n<p>Under decennier var det f\u00e5 som visste vem skaparen av \u201cCzochralski-metoden\u201d var, och det var f\u00f6rst p\u00e5 1980-talet som anstr\u00e4ngningarna f\u00f6r att \u00e5teruppr\u00e4tta minnet av denna framst\u00e5ende polske forskare b\u00f6rjade.<\/p>\n\n\n\n<p>I dokument\u00e4rfilmen <em>Kemistens \u00e5terkomst<\/em> betonade professor Zbigniew T. Ku\u017anicki att Jan Czochralski h\u00f6r till trion av de st\u00f6rsta polska forskarna, tillsammans med Nicolaus Copernicus och Marie Sk\u0142odowska-Curie. Ordningen kan best\u00e4mmas av deras p\u00e5verkan p\u00e5 det dagliga livet \u2013 och h\u00e4r, som Ku\u017anicki noterade, tar Jan Czochralski ledningen.<\/p>\n\n\n\n<p>I motsats till optimisternas f\u00f6rv\u00e4ntningar kommer silikon att f\u00f6rbli det prim\u00e4ra materialet f\u00f6r elektronik under l\u00e5ng tid, och med det kommer Czochralski-metoden forts\u00e4tta att vara n\u00f6dv\u00e4ndig och anv\u00e4ndas.<\/p>\n\n<\/div>","protected":false},"excerpt":{"rendered":"<p>Introduktion F\u00e5 m\u00e4nniskor idag minns tiden f\u00f6re internet och den utbredda anv\u00e4ndningen av halvledarelektronik. \u00c4nd\u00e5 har det bara g\u00e5tt n\u00e5gra decennier. N\u00e4sta fas av v\u00e5r civilisation, baserad p\u00e5 artificiell intelligens, &#8230; <a title=\"Metoden\" class=\"read-more\" href=\"http:\/\/janczochralski.com\/sv\/metod\/\" aria-label=\"L\u00e4s mer om Metoden\">Read More<\/a><\/p>\n","protected":false},"author":1,"featured_media":0,"parent":0,"menu_order":0,"comment_status":"closed","ping_status":"closed","template":"","meta":{"footnotes":""},"class_list":["post-7152","page","type-page","status-publish"],"_links":{"self":[{"href":"http:\/\/janczochralski.com\/sv\/wp-json\/wp\/v2\/pages\/7152","targetHints":{"allow":["GET"]}}],"collection":[{"href":"http:\/\/janczochralski.com\/sv\/wp-json\/wp\/v2\/pages"}],"about":[{"href":"http:\/\/janczochralski.com\/sv\/wp-json\/wp\/v2\/types\/page"}],"author":[{"embeddable":true,"href":"http:\/\/janczochralski.com\/sv\/wp-json\/wp\/v2\/users\/1"}],"replies":[{"embeddable":true,"href":"http:\/\/janczochralski.com\/sv\/wp-json\/wp\/v2\/comments?post=7152"}],"version-history":[{"count":5,"href":"http:\/\/janczochralski.com\/sv\/wp-json\/wp\/v2\/pages\/7152\/revisions"}],"predecessor-version":[{"id":7262,"href":"http:\/\/janczochralski.com\/sv\/wp-json\/wp\/v2\/pages\/7152\/revisions\/7262"}],"wp:attachment":[{"href":"http:\/\/janczochralski.com\/sv\/wp-json\/wp\/v2\/media?parent=7152"}],"curies":[{"name":"wp","href":"https:\/\/api.w.org\/{rel}","templated":true}]}}