{"id":6979,"date":"2025-09-26T14:48:48","date_gmt":"2025-09-26T14:48:48","guid":{"rendered":"https:\/\/janczochralski.com\/?page_id=6979"},"modified":"2025-09-27T10:30:55","modified_gmt":"2025-09-27T10:30:55","slug":"books","status":"publish","type":"page","link":"https:\/\/janczochralski.com\/es\/books\/","title":{"rendered":"Libros"},"content":{"rendered":"<div class=\"gb-container gb-container-92611472\"><div class=\"gb-inside-container\">\n<div class=\"gb-container gb-container-f10c4e56\"><div class=\"gb-inside-container\">\n\n<h2 class=\"gb-headline gb-headline-081e007c gb-headline-text\">Libros en ingl\u00e9s recomendados sobre el Prof. Jan Czochralski \ud83c\uddec\ud83c\udde7<\/h2>\n\n\n<div class=\"gb-grid-wrapper gb-grid-wrapper-ac135592\">\n<div class=\"gb-grid-column gb-grid-column-eda4a2c5\"><div class=\"gb-container gb-container-eda4a2c5\"><div class=\"gb-inside-container\">\n\n<h3 class=\"gb-headline gb-headline-64ed3410\"><span class=\"gb-icon\"><svg aria-hidden=\"true\" height=\"1em\" width=\"1em\" viewBox=\"0 0 448 512\" xmlns=\"http:\/\/www.w3.org\/2000\/svg\"><path fill=\"currentColor\" d=\"M448 360V24c0-13.3-10.7-24-24-24H96C43 0 0 43 0 96v320c0 53 43 96 96 96h328c13.3 0 24-10.7 24-24v-16c0-7.5-3.5-14.3-8.9-18.7-4.2-15.4-4.2-59.3 0-74.7 5.4-4.3 8.9-11.1 8.9-18.6zM128 134c0-3.3 2.7-6 6-6h212c3.3 0 6 2.7 6 6v20c0 3.3-2.7 6-6 6H134c-3.3 0-6-2.7-6-6v-20zm0 64c0-3.3 2.7-6 6-6h212c3.3 0 6 2.7 6 6v20c0 3.3-2.7 6-6 6H134c-3.3 0-6-2.7-6-6v-20zm253.4 250H96c-17.7 0-32-14.3-32-32 0-17.6 14.4-32 32-32h285.4c-1.9 17.1-1.9 46.9 0 64z\"><\/path><\/svg><\/span><span class=\"gb-headline-text\">Jan Czochralski. Restored<\/span><\/h3>\n\n\n\n<p>La versi\u00f3n en ingl\u00e9s del libro publicado anteriormente bajo el t\u00edtulo Powr\u00f3t. Rzecz o Janie Czochralskim. La publicaci\u00f3n presenta no solo la vida de Jan Czochralski y el papel de su descubrimiento m\u00e1s significativo (el llamado m\u00e9todo Czochralski para producir monocristales) en el desarrollo de nuestra civilizaci\u00f3n basada en cristales de silicio, sino que tambi\u00e9n incluye una extensa bibliograf\u00eda y una lista completa de sus publicaciones y patentes. Tambi\u00e9n es una historia de los repetidos esfuerzos por restaurar el buen nombre del cient\u00edfico y los \u00faltimos descubrimientos realizados en archivos polacos (documentos de AK), checos y alemanes (una pel\u00edcula de 1927).<\/p>\n\n\n\n<h4 class=\"gb-headline gb-headline-0c2d52c8 gb-headline-text\"><span style=\"text-decoration: underline;\">Informaci\u00f3n<\/span><\/h4>\n\n\n\n<p>Autor: Pawe\u0142 E. Tomaszewski<br>Editorial: Oficyna Wydawnicza ATUT<br>Idioma: ingl\u00e9s<br>A\u00f1o de publicaci\u00f3n: 2013<br>P\u00e1ginas: 298<br>Tipo de cubierta: tapa dura<\/p>\n\n\n\n<div class=\"wp-block-buttons is-layout-flex wp-block-buttons-is-layout-flex\">\n<div class=\"wp-block-button\"><a class=\"wp-block-button__link wp-element-button\" href=\"https:\/\/www.atutoficyna.pl\/szukaj?func=productPage&amp;wid=57&amp;pid=1380&amp;cid=0&amp;prid=\" target=\"_blank\" rel=\"noreferrer noopener\">Enlace a la librer\u00eda<\/a><\/div>\n<\/div>\n\n<\/div><\/div><\/div>\n\n<div class=\"gb-grid-column gb-grid-column-7acb3459\"><div class=\"gb-container gb-container-7acb3459\"><div class=\"gb-inside-container\">\n\n<figure class=\"wp-block-image size-full is-resized\"><img loading=\"lazy\" decoding=\"async\" width=\"540\" height=\"770\" src=\"http:\/\/janczochralski.com\/wp-content\/uploads\/2025\/09\/RESTORED_Czochralski_powrot_ang.jpg\" alt=\"\" class=\"wp-image-7061\" style=\"width:270px\" srcset=\"https:\/\/janczochralski.com\/wp-content\/uploads\/2025\/09\/RESTORED_Czochralski_powrot_ang.jpg 540w, https:\/\/janczochralski.com\/wp-content\/uploads\/2025\/09\/RESTORED_Czochralski_powrot_ang-210x300.jpg 210w\" sizes=\"auto, (max-width: 540px) 100vw, 540px\" \/><\/figure>\n\n<\/div><\/div><\/div>\n<\/div>\n<\/div><\/div>\n\n\n<hr class=\"wp-block-separator has-text-color has-accent-color has-alpha-channel-opacity has-accent-background-color has-background aligncenter is-style-dots\"\/>\n\n\n<div class=\"gb-container gb-container-f840f24d\"><div class=\"gb-inside-container\">\n<div class=\"gb-grid-wrapper gb-grid-wrapper-76c379ff\">\n<div class=\"gb-grid-column gb-grid-column-3c405a99\"><div class=\"gb-container gb-container-3c405a99\"><div class=\"gb-inside-container\">\n\n<h3 class=\"gb-headline gb-headline-788436b8\"><span class=\"gb-icon\"><svg aria-hidden=\"true\" height=\"1em\" width=\"1em\" viewBox=\"0 0 448 512\" xmlns=\"http:\/\/www.w3.org\/2000\/svg\"><path fill=\"currentColor\" d=\"M448 360V24c0-13.3-10.7-24-24-24H96C43 0 0 43 0 96v320c0 53 43 96 96 96h328c13.3 0 24-10.7 24-24v-16c0-7.5-3.5-14.3-8.9-18.7-4.2-15.4-4.2-59.3 0-74.7 5.4-4.3 8.9-11.1 8.9-18.6zM128 134c0-3.3 2.7-6 6-6h212c3.3 0 6 2.7 6 6v20c0 3.3-2.7 6-6 6H134c-3.3 0-6-2.7-6-6v-20zm0 64c0-3.3 2.7-6 6-6h212c3.3 0 6 2.7 6 6v20c0 3.3-2.7 6-6 6H134c-3.3 0-6-2.7-6-6v-20zm253.4 250H96c-17.7 0-32-14.3-32-32 0-17.6 14.4-32 32-32h285.4c-1.9 17.1-1.9 46.9 0 64z\"><\/path><\/svg><\/span><span class=\"gb-headline-text\">Jan Czochralski i jego metoda \/ <br>Jan Czochralski and his method<\/span><\/h3>\n\n\n\n<p>El libro fue publicado con motivo del 50.\u00ba aniversario de la muerte de este destacado cient\u00edfico polaco de la primera mitad del siglo XX. Fue un reconocido metal\u00fargico, qu\u00edmico y experto en materiales.<\/p>\n\n\n\n<p>Desarroll\u00f3 una serie de nuevos m\u00e9todos de investigaci\u00f3n, patentes, etc. Hoy, en plena revoluci\u00f3n electr\u00f3nica, el profesor Czochralski es conocido principalmente por su famosa y ampliamente utilizada en el mundo m\u00e9todo de crecimiento de cristales, llamado \u00abm\u00e9todo Czochralski\u00bb, publicado hace 85 a\u00f1os.<\/p>\n\n\n\n<h4 class=\"gb-headline gb-headline-08773fb1 gb-headline-text\"><span style=\"text-decoration: underline;\"><span style=\"text-decoration: underline;\">Informaci\u00f3n<\/span><\/span>:<\/h4>\n\n\n\n<p>Autor: Pawe\u0142 E. Tomaszewski<br>Editorial: Oficyna Wydawnicza ATUT<br>Idioma: polaco e ingl\u00e9s<br>A\u00f1o de publicaci\u00f3n: 2012<br>P\u00e1ginas: 308<br>Tipo de cubierta: tapa blanda<\/p>\n\n\n\n<div class=\"wp-block-buttons is-layout-flex wp-block-buttons-is-layout-flex\">\n<div class=\"wp-block-button\"><a class=\"wp-block-button__link wp-element-button\" href=\"https:\/\/www.atutoficyna.pl\/szukaj?func=productPage&amp;wid=57&amp;pid=1023&amp;cid=0&amp;prid=\" target=\"_blank\" rel=\"noreferrer noopener\">Enlace a la librer\u00eda<\/a><\/div>\n<\/div>\n\n<\/div><\/div><\/div>\n\n<div class=\"gb-grid-column gb-grid-column-523fec6f\"><div class=\"gb-container gb-container-523fec6f\">\n\n<figure class=\"wp-block-image size-large is-resized is-style-default\"><img loading=\"lazy\" decoding=\"async\" width=\"549\" height=\"770\" src=\"http:\/\/janczochralski.com\/wp-content\/uploads\/2020\/12\/jan_czochralski_i_jego_metoda.jpg\" alt=\"\" class=\"wp-image-4662\" style=\"aspect-ratio:0.71280276816609;width:270px\" srcset=\"https:\/\/janczochralski.com\/wp-content\/uploads\/2020\/12\/jan_czochralski_i_jego_metoda.jpg 549w, https:\/\/janczochralski.com\/wp-content\/uploads\/2020\/12\/jan_czochralski_i_jego_metoda-214x300.jpg 214w\" sizes=\"auto, (max-width: 549px) 100vw, 549px\" \/><\/figure>\n\n<\/div><\/div>\n<\/div>\n<\/div><\/div>\n\n<div class=\"gb-container gb-container-fc7fac73\">\n<div class=\"gb-container gb-container-6975a3dc\">\n\n<h2 class=\"gb-headline gb-headline-91845337 gb-headline-text\">Libros en polaco recomendados sobre el Prof. Jan Czochralski \ud83c\uddf5\ud83c\uddf1<\/h2>\n\n\n<div class=\"gb-grid-wrapper gb-grid-wrapper-6fb93e32\">\n<div class=\"gb-grid-column gb-grid-column-32e5e33e\"><div class=\"gb-container gb-container-32e5e33e\"><div class=\"gb-inside-container\">\n\n<h3 class=\"gb-headline gb-headline-c1765c13\"><span class=\"gb-icon\"><svg aria-hidden=\"true\" height=\"1em\" width=\"1em\" viewBox=\"0 0 448 512\" xmlns=\"http:\/\/www.w3.org\/2000\/svg\"><path fill=\"currentColor\" d=\"M448 360V24c0-13.3-10.7-24-24-24H96C43 0 0 43 0 96v320c0 53 43 96 96 96h328c13.3 0 24-10.7 24-24v-16c0-7.5-3.5-14.3-8.9-18.7-4.2-15.4-4.2-59.3 0-74.7 5.4-4.3 8.9-11.1 8.9-18.6zM128 134c0-3.3 2.7-6 6-6h212c3.3 0 6 2.7 6 6v20c0 3.3-2.7 6-6 6H134c-3.3 0-6-2.7-6-6v-20zm0 64c0-3.3 2.7-6 6-6h212c3.3 0 6 2.7 6 6v20c0 3.3-2.7 6-6 6H134c-3.3 0-6-2.7-6-6v-20zm253.4 250H96c-17.7 0-32-14.3-32-32 0-17.6 14.4-32 32-32h285.4c-1.9 17.1-1.9 46.9 0 64z\"><\/path><\/svg><\/span><span class=\"gb-headline-text\">Powr\u00f3t. Rzecz o Janie Czochralskim (Wydanie II)<\/span><\/h3>\n\n\n\n<p>\u00bfQui\u00e9n fue Jan Czochralski (1885\u20131953) y qu\u00e9 logr\u00f3 para que su apellido sea el m\u00e1s citado en publicaciones cient\u00edficas a nivel mundial? \u00bfEst\u00e1n justificados los t\u00edtulos de \u00abpadre de la electr\u00f3nica de semiconductores\u00bb y \u00abpadre de la civilizaci\u00f3n electr\u00f3nica moderna\u00bb? \u00bfSe conocen los detalles de su cooperaci\u00f3n con la inteligencia militar polaca?<\/p>\n\n\n\n<p>El libro presentado es la segunda edici\u00f3n, significativamente ampliada y actualizada, de una monograf\u00eda de 2012 publicada con motivo del A\u00f1o de Jan Czochralski. Los a\u00f1os transcurridos han permitido numerosos descubrimientos y aclaraciones sobre algunos misterios en la vida de este, el mayor cient\u00edfico polaco contempor\u00e1neo. <em>Regreso: La historia de Jan Czochralski<\/em> no solo destaca la vida del cient\u00edfico y el papel de su descubrimiento m\u00e1s significativo de 1916 (el llamado m\u00e9todo Czochralski para producir monocristales), que se convirti\u00f3 en la base de la civilizaci\u00f3n electr\u00f3nica actual, sino que tambi\u00e9n relata los numerosos esfuerzos para restaurar el buen nombre del profesor Czochralski y las iniciativas para conmemorar a esta fascinante figura y estudioso de la naturaleza.<\/p>\n\n\n\n<h4 class=\"gb-headline gb-headline-2fa47a45 gb-headline-text\"><span style=\"text-decoration: underline;\"><span style=\"text-decoration: underline;\">Informaci\u00f3n<\/span><\/span>:<\/h4>\n\n\n\n<p>Autor: Pawe\u0142 E. Tomaszewski<br>Editorial: Oficyna Wydawnicza ATUT<br>Idioma: polaco<br>A\u00f1o de publicaci\u00f3n: 2021<br>P\u00e1ginas: 680<br>Tipo de cubierta: tapa dura<\/p>\n\n\n\n<div class=\"wp-block-buttons is-layout-flex wp-block-buttons-is-layout-flex\">\n<div class=\"wp-block-button\"><a class=\"wp-block-button__link wp-element-button\" href=\"https:\/\/www.atutoficyna.pl\/szukaj?func=productPage&amp;wid=57&amp;pid=1822&amp;cid=0&amp;prid=\" target=\"_blank\" rel=\"noreferrer noopener\">Enlace a la librer\u00eda<\/a><\/div>\n<\/div>\n\n<\/div><\/div><\/div>\n\n<div class=\"gb-grid-column gb-grid-column-b356b292\"><div class=\"gb-container gb-container-b356b292\"><div class=\"gb-inside-container\">\n\n<figure class=\"wp-block-image size-full is-resized\"><img loading=\"lazy\" decoding=\"async\" width=\"498\" height=\"770\" src=\"http:\/\/janczochralski.com\/wp-content\/uploads\/2025\/07\/Ksiazka-powrot.jpg\" alt=\"\" class=\"wp-image-6211\" style=\"width:270px\" srcset=\"https:\/\/janczochralski.com\/wp-content\/uploads\/2025\/07\/Ksiazka-powrot.jpg 498w, https:\/\/janczochralski.com\/wp-content\/uploads\/2025\/07\/Ksiazka-powrot-194x300.jpg 194w\" sizes=\"auto, (max-width: 498px) 100vw, 498px\" \/><\/figure>\n\n<\/div><\/div><\/div>\n<\/div>\n<\/div>\n<\/div>\n\n\n<hr class=\"wp-block-separator has-text-color has-accent-color has-alpha-channel-opacity has-accent-background-color has-background aligncenter is-style-dots\"\/>\n\n\n<div class=\"gb-container gb-container-db80732f\"><div class=\"gb-inside-container\">\n<div class=\"gb-grid-wrapper gb-grid-wrapper-51080d1c\">\n<div class=\"gb-grid-column gb-grid-column-05f56660\"><div class=\"gb-container gb-container-05f56660\"><div class=\"gb-inside-container\">\n\n<h3 class=\"gb-headline gb-headline-cfc09202\"><span class=\"gb-icon\"><svg aria-hidden=\"true\" height=\"1em\" width=\"1em\" viewBox=\"0 0 448 512\" xmlns=\"http:\/\/www.w3.org\/2000\/svg\"><path fill=\"currentColor\" d=\"M448 360V24c0-13.3-10.7-24-24-24H96C43 0 0 43 0 96v320c0 53 43 96 96 96h328c13.3 0 24-10.7 24-24v-16c0-7.5-3.5-14.3-8.9-18.7-4.2-15.4-4.2-59.3 0-74.7 5.4-4.3 8.9-11.1 8.9-18.6zM128 134c0-3.3 2.7-6 6-6h212c3.3 0 6 2.7 6 6v20c0 3.3-2.7 6-6 6H134c-3.3 0-6-2.7-6-6v-20zm0 64c0-3.3 2.7-6 6-6h212c3.3 0 6 2.7 6 6v20c0 3.3-2.7 6-6 6H134c-3.3 0-6-2.7-6-6v-20zm253.4 250H96c-17.7 0-32-14.3-32-32 0-17.6 14.4-32 32-32h285.4c-1.9 17.1-1.9 46.9 0 64z\"><\/path><\/svg><\/span><span class=\"gb-headline-text\">Powr\u00f3t. Rzecz o Janie Czochralskim<\/span><\/h3>\n\n\n\n<p>\u00bfQui\u00e9n fue Jan Czochralski (1885-1953) y qu\u00e9 logr\u00f3 para que su apellido sea el m\u00e1s citado en publicaciones cient\u00edficas a nivel mundial? \u00bfEst\u00e1 justificado el t\u00edtulo de \u00abpadre de la electr\u00f3nica de semiconductores\u00bb? \u00bfSe conocen los detalles de su cooperaci\u00f3n con la inteligencia militar polaca?<\/p>\n\n\n\n<p>El libro presenta no solo la vida del cient\u00edfico y el papel de su descubrimiento m\u00e1s significativo (el llamado m\u00e9todo Czochralski para producir monocristales) en el desarrollo de nuestra civilizaci\u00f3n basada en cristales de silicio, sino que tambi\u00e9n incluye una extensa bibliograf\u00eda y una lista completa de sus publicaciones y patentes. Tambi\u00e9n es una historia sobre los numerosos intentos de restaurar el buen nombre del profesor Czochralski y los \u00faltimos descubrimientos realizados en archivos polacos (documentos del Ej\u00e9rcito Nacional), checos y alemanes (una pel\u00edcula de 1927).<\/p>\n\n\n\n<h4 class=\"gb-headline gb-headline-86d07f08 gb-headline-text\"><span style=\"text-decoration: underline;\"><span style=\"text-decoration: underline;\"><span style=\"text-decoration: underline;\">Informaci\u00f3n<\/span><\/span><\/span>:<\/h4>\n\n\n\n<p>Autor: Pawe\u0142 E. Tomaszewski<br>Editorial: Oficyna Wydawnicza ATUT<br>Idioma: polaco<br>A\u00f1o de publicaci\u00f3n: 2012<br>P\u00e1ginas: 308<br>Tipo de cubierta: tapa dura<\/p>\n\n\n\n<div class=\"wp-block-buttons is-layout-flex wp-block-buttons-is-layout-flex\">\n<div class=\"wp-block-button\"><a class=\"wp-block-button__link wp-element-button\" href=\"https:\/\/www.atutoficyna.pl\/szukaj?func=productPage&amp;wid=57&amp;pid=514&amp;cid=0&amp;prid=\" target=\"_blank\" rel=\"noreferrer noopener\">Enlace a la librer\u00eda<\/a><\/div>\n<\/div>\n\n<\/div><\/div><\/div>\n\n<div class=\"gb-grid-column gb-grid-column-153d9fbe\"><div class=\"gb-container gb-container-153d9fbe\"><div class=\"gb-inside-container\">\n\n<figure class=\"wp-block-image size-large is-resized\"><img loading=\"lazy\" decoding=\"async\" width=\"540\" height=\"770\" src=\"http:\/\/janczochralski.com\/wp-content\/uploads\/2020\/12\/Powrot_Rzecz_o_Janie_Czochralskim.jpg\" alt=\"\" class=\"wp-image-4654\" style=\"width:270px\" srcset=\"https:\/\/janczochralski.com\/wp-content\/uploads\/2020\/12\/Powrot_Rzecz_o_Janie_Czochralskim.jpg 540w, https:\/\/janczochralski.com\/wp-content\/uploads\/2020\/12\/Powrot_Rzecz_o_Janie_Czochralskim-210x300.jpg 210w\" sizes=\"auto, (max-width: 540px) 100vw, 540px\" \/><\/figure>\n\n<\/div><\/div><\/div>\n<\/div>\n<\/div><\/div>\n\n\n<hr class=\"wp-block-separator has-text-color has-accent-color has-alpha-channel-opacity has-accent-background-color has-background aligncenter is-style-dots\"\/>\n\n\n<div class=\"gb-container gb-container-f36e0bed\"><div class=\"gb-inside-container\">\n<div class=\"gb-grid-wrapper gb-grid-wrapper-adb1d802\">\n<div class=\"gb-grid-column gb-grid-column-a16732b5\"><div class=\"gb-container gb-container-a16732b5\"><div class=\"gb-inside-container\">\n\n<h3 class=\"gb-headline gb-headline-aeff3f4c\"><span class=\"gb-icon\"><svg aria-hidden=\"true\" height=\"1em\" width=\"1em\" viewBox=\"0 0 448 512\" xmlns=\"http:\/\/www.w3.org\/2000\/svg\"><path fill=\"currentColor\" d=\"M448 360V24c0-13.3-10.7-24-24-24H96C43 0 0 43 0 96v320c0 53 43 96 96 96h328c13.3 0 24-10.7 24-24v-16c0-7.5-3.5-14.3-8.9-18.7-4.2-15.4-4.2-59.3 0-74.7 5.4-4.3 8.9-11.1 8.9-18.6zM128 134c0-3.3 2.7-6 6-6h212c3.3 0 6 2.7 6 6v20c0 3.3-2.7 6-6 6H134c-3.3 0-6-2.7-6-6v-20zm0 64c0-3.3 2.7-6 6-6h212c3.3 0 6 2.7 6 6v20c0 3.3-2.7 6-6 6H134c-3.3 0-6-2.7-6-6v-20zm253.4 250H96c-17.7 0-32-14.3-32-32 0-17.6 14.4-32 32-32h285.4c-1.9 17.1-1.9 46.9 0 64z\"><\/path><\/svg><\/span><span class=\"gb-headline-text\">Kryszta\u0142owe odkrycie. Powie\u015b\u0107 o Janie Czochralskim<\/span><\/h3>\n\n\n\n<p>Esta es una novela sobre el hijo pobre de un carpintero, un apasionado que se convirti\u00f3 en profesor sin haber terminado el bachillerato. Sobre un hombre que \u201cpor casualidad\u201d hizo un descubrimiento \u00e9pico y, gracias a sus inventos, se volvi\u00f3 famoso y rico.<\/p>\n\n\n\n<p>El libro sobre Jan Czochralski fue escrito pensando en un lector joven, pero puede interesar a cualquiera, ya sea que tenga 10 o 110 a\u00f1os.<\/p>\n\n\n\n<p>El libro fue escrito en el marco de una beca del presupuesto del Ministro de Cultura y Patrimonio Nacional. Publicado en colaboraci\u00f3n con la Editorial DEBIT.<\/p>\n\n\n\n<h4 class=\"gb-headline gb-headline-c6d74490 gb-headline-text\"><span style=\"text-decoration: underline;\"><span style=\"text-decoration: underline;\"><span style=\"text-decoration: underline;\"><span style=\"text-decoration: underline;\">Informaci\u00f3n<\/span><\/span><\/span><\/span>:<\/h4>\n\n\n\n<p>Autor: Pawe\u0142 E. Tomaszewski<br>Editorial: Oficyna Wydawnicza ATUT<br>Idioma: polaco<br>A\u00f1o de publicaci\u00f3n: 2012<br>P\u00e1ginas: 308<br>Tipo de cubierta: tapa dura<\/p>\n\n\n\n<div class=\"wp-block-buttons is-layout-flex wp-block-buttons-is-layout-flex\">\n<div class=\"wp-block-button\"><a class=\"wp-block-button__link wp-element-button\" href=\"https:\/\/www.atutoficyna.pl\/szukaj?func=productPage&amp;wid=57&amp;pid=643&amp;cid=0&amp;prid=\" target=\"_blank\" rel=\"noreferrer noopener\">Enlace a la librer\u00eda<\/a><\/div>\n<\/div>\n\n<\/div><\/div><\/div>\n\n<div class=\"gb-grid-column gb-grid-column-f277d61d\"><div class=\"gb-container gb-container-f277d61d\"><div class=\"gb-inside-container\">\n\n<figure class=\"wp-block-image size-large is-resized\"><img loading=\"lazy\" decoding=\"async\" width=\"540\" height=\"770\" src=\"http:\/\/janczochralski.com\/wp-content\/uploads\/2020\/12\/Krysztaowe_odkrycie_czochralski_oklad_2013.jpg\" alt=\"\" class=\"wp-image-4715\" style=\"width:270px\" srcset=\"https:\/\/janczochralski.com\/wp-content\/uploads\/2020\/12\/Krysztaowe_odkrycie_czochralski_oklad_2013.jpg 540w, https:\/\/janczochralski.com\/wp-content\/uploads\/2020\/12\/Krysztaowe_odkrycie_czochralski_oklad_2013-210x300.jpg 210w\" sizes=\"auto, (max-width: 540px) 100vw, 540px\" \/><\/figure>\n\n<\/div><\/div><\/div>\n<\/div>\n<\/div><\/div>\n\n\n<hr class=\"wp-block-separator has-text-color has-accent-color has-alpha-channel-opacity has-accent-background-color has-background aligncenter is-style-dots\"\/>\n\n\n<div class=\"gb-container gb-container-223f69c6\"><div class=\"gb-inside-container\">\n<div class=\"gb-grid-wrapper gb-grid-wrapper-96cf0953\">\n<div class=\"gb-grid-column gb-grid-column-f9a43e74\"><div class=\"gb-container gb-container-f9a43e74\"><div class=\"gb-inside-container\">\n\n<h3 class=\"gb-headline gb-headline-eb13b487\"><span class=\"gb-icon\"><svg aria-hidden=\"true\" height=\"1em\" width=\"1em\" viewBox=\"0 0 448 512\" xmlns=\"http:\/\/www.w3.org\/2000\/svg\"><path fill=\"currentColor\" d=\"M448 360V24c0-13.3-10.7-24-24-24H96C43 0 0 43 0 96v320c0 53 43 96 96 96h328c13.3 0 24-10.7 24-24v-16c0-7.5-3.5-14.3-8.9-18.7-4.2-15.4-4.2-59.3 0-74.7 5.4-4.3 8.9-11.1 8.9-18.6zM128 134c0-3.3 2.7-6 6-6h212c3.3 0 6 2.7 6 6v20c0 3.3-2.7 6-6 6H134c-3.3 0-6-2.7-6-6v-20zm0 64c0-3.3 2.7-6 6-6h212c3.3 0 6 2.7 6 6v20c0 3.3-2.7 6-6 6H134c-3.3 0-6-2.7-6-6v-20zm253.4 250H96c-17.7 0-32-14.3-32-32 0-17.6 14.4-32 32-32h285.4c-1.9 17.1-1.9 46.9 0 64z\"><\/path><\/svg><\/span><span class=\"gb-headline-text\">Maja. Powie\u015b\u0107 mi\u0142osna<\/span><\/h3>\n\n\n\n<p>El profesor Jan Czochralski fue un destacado metal\u00fargico y qu\u00edmico polaco. Es mundialmente conocido como el creador del llamado m\u00e9todo Czochralski para producir monocristales. Pocos saben que tambi\u00e9n se interesaba por el arte y la literatura, y que incursion\u00f3 en la escritura. El volumen de poes\u00eda presentado es su obra conocida m\u00e1s temprana. Vale la pena conocer a Jan Czochralski tambi\u00e9n desde esta perspectiva espiritual.<\/p>\n\n\n\n<h4 class=\"gb-headline gb-headline-07db2034 gb-headline-text\"><span style=\"text-decoration: underline;\"><span style=\"text-decoration: underline;\"><span style=\"text-decoration: underline;\"><span style=\"text-decoration: underline;\"><span style=\"text-decoration: underline;\">Informaci\u00f3n<\/span><\/span><\/span><\/span>:<\/span><\/h4>\n\n\n\n<p>Autor: Jan Czochralski<br>Editorial: Oficyna Wydawnicza ATUT<br>Idioma: polaco<br>A\u00f1o de publicaci\u00f3n: 2013<br>P\u00e1ginas: 144<br>Tipo de cubierta: tapa dura<\/p>\n\n\n\n<div class=\"wp-block-buttons is-layout-flex wp-block-buttons-is-layout-flex\">\n<div class=\"wp-block-button\"><a class=\"wp-block-button__link wp-element-button\" href=\"https:\/\/www.atutoficyna.pl\/szukaj?func=productPage&amp;wid=57&amp;pid=683&amp;cid=0&amp;prid=\" target=\"_blank\" rel=\"noreferrer noopener\">Enlace a la librer\u00eda<\/a><\/div>\n<\/div>\n\n<\/div><\/div><\/div>\n\n<div class=\"gb-grid-column gb-grid-column-7f6eb87a\"><div class=\"gb-container gb-container-7f6eb87a\"><div class=\"gb-inside-container\">\n\n<figure class=\"wp-block-image size-large is-resized\"><img loading=\"lazy\" decoding=\"async\" width=\"540\" height=\"770\" src=\"http:\/\/janczochralski.com\/wp-content\/uploads\/2020\/12\/Maja_Czochralski_Powies\u0301c\u0301.jpg\" alt=\"\" class=\"wp-image-4719\" style=\"width:270px\" srcset=\"https:\/\/janczochralski.com\/wp-content\/uploads\/2020\/12\/Maja_Czochralski_Powies\u0301c\u0301.jpg 540w, https:\/\/janczochralski.com\/wp-content\/uploads\/2020\/12\/Maja_Czochralski_Powies\u0301c\u0301-210x300.jpg 210w\" sizes=\"auto, (max-width: 540px) 100vw, 540px\" \/><\/figure>\n\n<\/div><\/div><\/div>\n<\/div>\n<\/div><\/div>\n<\/div><\/div>","protected":false},"excerpt":{"rendered":"<p>Libros en ingl\u00e9s recomendados sobre el Prof. Jan Czochralski \ud83c\uddec\ud83c\udde7 Libros en polaco recomendados sobre el Prof. Jan Czochralski \ud83c\uddf5\ud83c\uddf1<\/p>\n","protected":false},"author":1,"featured_media":0,"parent":0,"menu_order":0,"comment_status":"closed","ping_status":"closed","template":"","meta":{"footnotes":""},"class_list":["post-6979","page","type-page","status-publish"],"_links":{"self":[{"href":"https:\/\/janczochralski.com\/es\/wp-json\/wp\/v2\/pages\/6979","targetHints":{"allow":["GET"]}}],"collection":[{"href":"https:\/\/janczochralski.com\/es\/wp-json\/wp\/v2\/pages"}],"about":[{"href":"https:\/\/janczochralski.com\/es\/wp-json\/wp\/v2\/types\/page"}],"author":[{"embeddable":true,"href":"https:\/\/janczochralski.com\/es\/wp-json\/wp\/v2\/users\/1"}],"replies":[{"embeddable":true,"href":"https:\/\/janczochralski.com\/es\/wp-json\/wp\/v2\/comments?post=6979"}],"version-history":[{"count":8,"href":"https:\/\/janczochralski.com\/es\/wp-json\/wp\/v2\/pages\/6979\/revisions"}],"predecessor-version":[{"id":7082,"href":"https:\/\/janczochralski.com\/es\/wp-json\/wp\/v2\/pages\/6979\/revisions\/7082"}],"wp:attachment":[{"href":"https:\/\/janczochralski.com\/es\/wp-json\/wp\/v2\/media?parent=6979"}],"curies":[{"name":"wp","href":"https:\/\/api.w.org\/{rel}","templated":true}]}}