{"id":7125,"date":"2025-09-27T18:11:52","date_gmt":"2025-09-27T18:11:52","guid":{"rendered":"https:\/\/janczochralski.com\/?page_id=7125"},"modified":"2025-10-09T20:05:54","modified_gmt":"2025-10-09T20:05:54","slug":"metodo","status":"publish","type":"page","link":"https:\/\/janczochralski.com\/pt-br\/metodo\/","title":{"rendered":"M\u00e9todo"},"content":{"rendered":"<div class=\"gb-container gb-container-7160e655\">\n\n<div class=\"wp-block-group\"><div class=\"wp-block-group__inner-container is-layout-constrained wp-block-group-is-layout-constrained\">\n<div class=\"wp-block-cover alignfull has-medium-font-size\" style=\"margin-top:0;min-height:550px;aspect-ratio:unset;\"><img loading=\"lazy\" decoding=\"async\" width=\"2560\" height=\"1707\" class=\"wp-block-cover__image-background wp-image-5995\" alt=\"\" src=\"http:\/\/janczochralski.com\/wp-content\/uploads\/2025\/06\/inteligentne-tlo-mikroprocesora-na-technologii-zblizenia-plyty-glownej-scaled.jpg\" data-object-fit=\"cover\" srcset=\"https:\/\/janczochralski.com\/wp-content\/uploads\/2025\/06\/inteligentne-tlo-mikroprocesora-na-technologii-zblizenia-plyty-glownej-scaled.jpg 2560w, https:\/\/janczochralski.com\/wp-content\/uploads\/2025\/06\/inteligentne-tlo-mikroprocesora-na-technologii-zblizenia-plyty-glownej-300x200.jpg 300w, https:\/\/janczochralski.com\/wp-content\/uploads\/2025\/06\/inteligentne-tlo-mikroprocesora-na-technologii-zblizenia-plyty-glownej-1024x683.jpg 1024w, https:\/\/janczochralski.com\/wp-content\/uploads\/2025\/06\/inteligentne-tlo-mikroprocesora-na-technologii-zblizenia-plyty-glownej-768x512.jpg 768w, https:\/\/janczochralski.com\/wp-content\/uploads\/2025\/06\/inteligentne-tlo-mikroprocesora-na-technologii-zblizenia-plyty-glownej-1536x1024.jpg 1536w, https:\/\/janczochralski.com\/wp-content\/uploads\/2025\/06\/inteligentne-tlo-mikroprocesora-na-technologii-zblizenia-plyty-glownej-2048x1365.jpg 2048w\" sizes=\"auto, (max-width: 2560px) 100vw, 2560px\" \/><span aria-hidden=\"true\" class=\"wp-block-cover__background has-black-background-color has-background-dim-0 has-background-dim\"><\/span><div class=\"wp-block-cover__inner-container is-layout-flow wp-block-cover-is-layout-flow\">\n<p class=\"has-text-align-center has-large-font-size\"><\/p>\n<\/div><\/div>\n<\/div><\/div>\n\n<\/div>\n\n<div class=\"gb-container gb-container-ace04aff\">\n\n<h2 class=\"gb-headline gb-headline-1d951f75 gb-headline-text\">Introdu\u00e7\u00e3o<\/h2>\n\n\n\n<p>Poucas pessoas hoje lembram dos tempos antes da internet e da onipresen\u00e7a da eletr\u00f4nica de semicondutores. No entanto, apenas algumas d\u00e9cadas se passaram. A pr\u00f3xima etapa de nossa civiliza\u00e7\u00e3o, baseada em intelig\u00eancia artificial, est\u00e1 surgindo diante de nossos olhos. <\/p>\n\n\n\n<p>Poucos sabem que a base dessa revolu\u00e7\u00e3o foi uma descoberta surpreendente feita por um polon\u00eas em 1916. Jan Czochralski, de Kcynia, \u00e9 o criador do chamado m\u00e9todo Czochralski para produzir monocristais. Esse m\u00e9todo, econ\u00f4mico e brilhantemente simples, aplicado em meados do s\u00e9culo XX para a produ\u00e7\u00e3o de monocristais de sil\u00edcio, deu o impulso para o tremendo desenvolvimento da eletr\u00f4nica. <\/p>\n\n\n\n<p>E tudo come\u00e7ou assim&#8230;<\/p>\n\n<\/div>\n\n<div class=\"gb-container gb-container-140b2f5d\">\n\n<h2 class=\"gb-headline gb-headline-bc15f23b gb-headline-text\">Um Acidente Surpreendente<\/h2>\n\n\n<div class=\"wp-block-image is-resized\">\n<figure class=\"alignright size-large\"><img loading=\"lazy\" decoding=\"async\" width=\"312\" height=\"424\" src=\"http:\/\/janczochralski.com\/wp-content\/uploads\/2020\/12\/Rysunek_wynalazek.png\" alt=\"\" class=\"wp-image-4752\" style=\"width:149px;height:auto\" srcset=\"https:\/\/janczochralski.com\/wp-content\/uploads\/2020\/12\/Rysunek_wynalazek.png 312w, https:\/\/janczochralski.com\/wp-content\/uploads\/2020\/12\/Rysunek_wynalazek-221x300.png 221w\" sizes=\"auto, (max-width: 312px) 100vw, 312px\" \/><\/figure>\n<\/div>\n\n\n<p>Em 1916, Jan Czochralski, um qu\u00edmico polon\u00eas que trabalhava no laborat\u00f3rio de Berlim da empresa el\u00e9trica AEG, fez uma descoberta acidental que mudou o curso da hist\u00f3ria. Exausto pelas pesquisas destinadas a encontrar um m\u00e9todo para medir a velocidade de cristaliza\u00e7\u00e3o de metais, Czochralski cometeu um erro aparentemente trivial. Com a inten\u00e7\u00e3o de registrar suas observa\u00e7\u00f5es, ele instintivamente mergulhou sua caneta n\u00e3o em um tinteiro, mas em um cadinho pr\u00f3ximo com estanho fundido. Para sua surpresa, ao retirar a caneta, um fio fino de metal solidificado pendia da ponta. Essa apari\u00e7\u00e3o inesperada de um fio de metal o intrigou. Ele repetiu a a\u00e7\u00e3o, mergulhando a ponta no estanho fundido e retirando-a lentamente. Observou a forma\u00e7\u00e3o de outro fio. Quando retirou a caneta mais r\u00e1pido, o fio era mais curto. Uma s\u00e9rie de experimentos sistem\u00e1ticos realizados naquela noite confirmou que a velocidade com que a caneta era retirada do metal fundido afetava o comprimento e a estrutura do fio solidificado. Ele percebeu que esse fen\u00f4meno poderia fornecer informa\u00e7\u00f5es cruciais sobre as propriedades de cristaliza\u00e7\u00e3o dos metais.<\/p>\n\n\n\n<p>Czochralski notou que a ranhura na ponta da caneta funcionava como um capilar aberto; a cristaliza\u00e7\u00e3o em tubos capilares j\u00e1 havia sido descrita por Gustav Tammann. O cientista polon\u00eas ent\u00e3o substituiu a caneta por um tubo de vidro e a m\u00e3o por um mecanismo de rel\u00f3gio. Isso lhe permitiu controlar a velocidade de extra\u00e7\u00e3o do fio cristalino.<\/p>\n\n\n\n<p>Esse experimento acidental, mais tarde chamado de m\u00e9todo Czochralski e publicado pela primeira vez em 1918, marcou um avan\u00e7o na tecnologia para produzir monocristais essenciais para a eletr\u00f4nica de semicondutores.<\/p>\n\n\n\n<p>Em 1950, do outro lado do Atl\u00e2ntico, o cientista americano Gordon Teal enfrentava o desafio de obter monocristais de germ\u00e2nio de alta qualidade para transistores. Descobriu-se que o m\u00e9todo Czochralski, usado em laborat\u00f3rios metal\u00fargicos, era adequado para esse fim ap\u00f3s as melhorias necess\u00e1rias. Mais tarde, Teal aplicou o m\u00e9todo para produzir cristais de sil\u00edcio. Sem o m\u00e9todo Czochralski, o desenvolvimento de microprocessadores, computadores, telefones celulares e muitos outros dispositivos teria sido imposs\u00edvel. A simplicidade e versatilidade do m\u00e9todo o tornaram a base da revolu\u00e7\u00e3o tecnol\u00f3gica, garantindo seu lugar em laborat\u00f3rios e empresas eletr\u00f4nicas em todo o mundo.<\/p>\n\n\n<div class=\"wp-block-image is-resized\">\n<figure class=\"alignright size-large\"><img loading=\"lazy\" decoding=\"async\" width=\"1024\" height=\"788\" src=\"http:\/\/janczochralski.com\/wp-content\/uploads\/2025\/07\/Poczatek-oryginalnej-publikacji-o-metodzie-pomiary-szybkosci-krystalizacji-metali-19.08.1916-1024x788.png\" alt=\"\" class=\"wp-image-6221\" style=\"width:534px;height:auto\" srcset=\"https:\/\/janczochralski.com\/wp-content\/uploads\/2025\/07\/Poczatek-oryginalnej-publikacji-o-metodzie-pomiary-szybkosci-krystalizacji-metali-19.08.1916-1024x788.png 1024w, https:\/\/janczochralski.com\/wp-content\/uploads\/2025\/07\/Poczatek-oryginalnej-publikacji-o-metodzie-pomiary-szybkosci-krystalizacji-metali-19.08.1916-300x231.png 300w, https:\/\/janczochralski.com\/wp-content\/uploads\/2025\/07\/Poczatek-oryginalnej-publikacji-o-metodzie-pomiary-szybkosci-krystalizacji-metali-19.08.1916-768x591.png 768w, https:\/\/janczochralski.com\/wp-content\/uploads\/2025\/07\/Poczatek-oryginalnej-publikacji-o-metodzie-pomiary-szybkosci-krystalizacji-metali-19.08.1916-1536x1183.png 1536w, https:\/\/janczochralski.com\/wp-content\/uploads\/2025\/07\/Poczatek-oryginalnej-publikacji-o-metodzie-pomiary-szybkosci-krystalizacji-metali-19.08.1916.png 1774w\" sizes=\"auto, (max-width: 1024px) 100vw, 1024px\" \/><figcaption class=\"wp-element-caption\"><em>The Beginning of the Original Publication on the Measurement of Metal Crystallization Rates (August 19, 1916)O In\u00edcio da Publica\u00e7\u00e3o Original sobre a Medi\u00e7\u00e3o das Taxas de Cristaliza\u00e7\u00e3o de Metais (19 de agosto de 1916)<\/em><\/figcaption><\/figure>\n<\/div>\n\n\n<p>Jan Czochralski, nascido em 1885 em Kcynia, em uma Pol\u00f4nia dividida por parti\u00e7\u00f5es, foi um qu\u00edmico autodidata que alcan\u00e7ou o topo da ci\u00eancia. Apesar da falta de educa\u00e7\u00e3o superior formal, ele trabalhou nas ind\u00fastrias qu\u00edmica e metal\u00fargica de Berlim, liderando o laborat\u00f3rio de metais na AEG. Sua descoberta acidental em 1916 n\u00e3o foi apenas uma coincid\u00eancia, mas um testemunho de suas habilidades e rigor cient\u00edfico. Ap\u00f3s retornar \u00e0 Pol\u00f4nia em 1928, ele se tornou professor da Universidade Tecnol\u00f3gica de Vars\u00f3via. Infelizmente, em 1945, ele n\u00e3o foi autorizado a retornar \u00e0 universidade por raz\u00f5es que permanecem pouco claras. Ele passou seus \u00faltimos anos em Kcynia, administrando uma pequena f\u00e1brica qu\u00edmica chamada BION. Morreu em 1953. Somente em 2011 a Universidade Tecnol\u00f3gica de Vars\u00f3via reconheceu oficialmente suas contribui\u00e7\u00f5es, levantando a inf\u00e2mia imposta d\u00e9cadas antes.<\/p>\n\n\n\n<p>Czochralski nomeou seu m\u00e9todo de medi\u00e7\u00e3o da velocidade de cristaliza\u00e7\u00e3o de \u201cm\u00e9todo capilar\u201d (Capillarverfahren, Capillarmethode), referindo-se \u00e0 suc\u00e7\u00e3o inicial do material fundido por um capilar na extremidade de um gancho. A primeira descri\u00e7\u00e3o do m\u00e9todo, intitulada \u201cEin neues Verfahren zur Messung der Kristallisationgeschwindigkeit der Metalle\u201d (\u201cUm novo m\u00e9todo para medir a velocidade de cristaliza\u00e7\u00e3o dos metais\u201d), foi publicada na revista Zeitschrift f\u00fcr physikalische Chemie em 1918. O manuscrito foi recebido pelos editores em 19 de agosto de 1916, uma data considerada o nascimento do m\u00e9todo. A publica\u00e7\u00e3o detalhou os aspectos t\u00e9cnicos e os resultados dos experimentos iniciais com estanho, zinco e chumbo.<\/p>\n\n\n\n<p>A consequ\u00eancia natural dessa descoberta foi a aplica\u00e7\u00e3o do \u201cm\u00e9todo de medi\u00e7\u00e3o da velocidade de cristaliza\u00e7\u00e3o\u201d para a produ\u00e7\u00e3o de monocristais. J\u00e1 em agosto de 1918, Hans Joachim von Wartenberg usou esse m\u00e9todo para obter cristais de zinco, sendo o primeiro a substituir o capilar por uma semente cristalina. Outras modifica\u00e7\u00f5es foram propostas por, entre outros, Ervin von Gomperz (1922), H. Mark e colaboradores (1923) e E.G. Linder (1925).<\/p>\n\n<\/div>\n\n<div class=\"gb-container gb-container-f7b66e60\">\n\n<h2 class=\"gb-headline gb-headline-b555a713 gb-headline-text\">M\u00e9todo<\/h2>\n\n\n\n<p>A ess\u00eancia do m\u00e9todo Czochralski \u00e9 simples. O material a ser cristalizado \u00e9 fundido em um cadinho, e um capilar ou uma semente preparada previamente \u00e9 introduzido na camada superficial do fundido. Ap\u00f3s extrair uma pequena quantidade de metal, a cristaliza\u00e7\u00e3o come\u00e7a, e a semente \u00e9 puxada a uma velocidade adequada para manter o contato com a subst\u00e2ncia fundida. A tens\u00e3o superficial sustenta a coluna de material l\u00edquido na sa\u00edda do capilar ou \u201caderida\u201d \u00e0 semente. O contato dessa coluna com o ar mais frio provoca sua solidifica\u00e7\u00e3o lenta acima da superf\u00edcie do l\u00edquido, resultando em um monocristal com uma estrutura at\u00f4mica ordenada.<\/p>\n\n\n\n<p>O m\u00e9todo Czochralski tem muitas vantagens:<\/p>\n\n\n\n<ul class=\"wp-block-list\">\n<li>A dire\u00e7\u00e3o do crescimento do cristal \u00e9 determinada pela orienta\u00e7\u00e3o da semente.<\/li>\n\n\n\n<li>A aus\u00eancia de contato com o cadinho garante um crescimento sem tens\u00f5es.<\/li>\n\n\n\n<li>Permite um controle f\u00e1cil da qualidade e da composi\u00e7\u00e3o qu\u00edmica, incluindo dopagem.<\/li>\n\n\n\n<li>Um cristal defeituoso pode ser total ou parcialmente refundido, reduzindo o desperd\u00edcio de material e os custos.<\/li>\n\n\n\n<li>Cristais grandes podem ser obtidos em v\u00e1rias condi\u00e7\u00f5es, incluindo em atmosferas gasosas espec\u00edficas.<\/li>\n<\/ul>\n\n\n\n<p>Inicialmente, o m\u00e9todo era usado apenas para produzir monocristais de metais. No entanto, rapidamente encontrou aplica\u00e7\u00e3o na produ\u00e7\u00e3o de monocristais de muitos outros materiais, incluindo o sil\u00edcio, crucial para a eletr\u00f4nica. Nenhum outro m\u00e9todo de crescimento de cristais pode se comparar a ele.<\/p>\n\n\n\n<p>Inicialmente, o m\u00e9todo era usado apenas para produzir monocristais de metais. No entanto, rapidamente encontrou aplica\u00e7\u00e3o na produ\u00e7\u00e3o de monocristais de muitos outros materiais, incluindo o sil\u00edcio, crucial para a eletr\u00f4nica. Nenhum outro m\u00e9todo de crescimento de cristais pode se comparar a ele.<\/p>\n\n\n\n<div style=\"text-align: center;\">\n  <iframe loading=\"lazy\" width=\"853\" height=\"480\" src=\"https:\/\/www.youtube.com\/embed\/TZxD2ePrphY\" title=\"Siltronic Animated Wafer Production Process\" frameborder=\"0\" allow=\"accelerometer; autoplay; clipboard-write; encrypted-media; gyroscope; picture-in-picture; web-share\" referrerpolicy=\"strict-origin-when-cross-origin\" allowfullscreen style=\"display: block; margin: 0 auto;\"><\/iframe>\n<\/div>\n\n<\/div>\n\n<div class=\"gb-container gb-container-4ace3420\">\n\n<h2 class=\"gb-headline gb-headline-9c1db563 gb-headline-text\">Agora<\/h2>\n\n\n\n<p>Jan Czochralski come\u00e7ou com monocristais finos de estanho com apenas 15 cm de comprimento. Os primeiros cristais de sil\u00edcio tinham cerca de 2,5 cm de di\u00e2metro e pesavam apenas 50\u2013200 gramas. Logo se percebeu que cultivar cristais maiores, dos quais poderiam ser feitas bolachas que permitissem a coloca\u00e7\u00e3o de m\u00faltiplos circuitos integrados, era mais econ\u00f4mico. Aumentar o di\u00e2metro tem uma grande import\u00e2ncia econ\u00f4mica: uma bolacha de 20 cm pode produzir 74 microprocessadores de 64 Mb, enquanto uma de 30 cm pode produzir 170 processadores de 1 Gb.<\/p>\n\n\n\n<p>A escala do desenvolvimento do m\u00e9todo \u00e9 evidente nos par\u00e2metros atuais dos monocristais de sil\u00edcio, a principal mat\u00e9ria-prima para circuitos integrados. Eles podem atingir comprimentos de at\u00e9 dois metros, um di\u00e2metro de 30 cm e um peso superior a 250 kg (tais cristais t\u00eam sido produzidos pela Wacker-Siltronic GmbH em Freiberg, perto de Dresden, desde 2002). At\u00e9 2006, mais da metade da produ\u00e7\u00e3o j\u00e1 utilizava bolachas de 30 cm. Tamb\u00e9m \u00e9 poss\u00edvel produzir sil\u00edcio com um di\u00e2metro de 45 cm e um peso de cerca de 800 kg, embora os custos e a tecnologia de produ\u00e7\u00e3o de cristais t\u00e3o grandes apresentem desafios econ\u00f4micos significativos.<\/p>\n\n\n\n<p>Atualmente, cerca de 99% de todos os dispositivos de semicondutores s\u00e3o feitos de monocristais de sil\u00edcio, com aproximadamente 95% dos cristais produzidos usando v\u00e1rias variantes do processo Czochralski. As f\u00e1bricas operam com dezenas de instala\u00e7\u00f5es em grande escala.<\/p>\n\n\n\n<p>Por d\u00e9cadas, poucos sabiam quem era o criador do \u201cm\u00e9todo Czochralski\u201d, e foi somente na d\u00e9cada de 1980 que come\u00e7aram os esfor\u00e7os para restaurar a mem\u00f3ria desse destacado cientista polon\u00eas.<\/p>\n\n\n\n<p>No filme document\u00e1rio <em>O Retorno do Qu\u00edmico<\/em>, o professor Zbigniew T. Ku\u017anicki enfatizou que Jan Czochralski pertence ao trio dos maiores cientistas poloneses, ao lado de Nicolau Cop\u00e9rnico e Marie Sk\u0142odowska-Curie. A ordem pode ser determinada pelo impacto na vida di\u00e1ria, e aqui, como observou Ku\u017anicki, Jan Czochralski assume a lideran\u00e7a.<\/p>\n\n\n\n<p>Ao contr\u00e1rio das expectativas dos otimistas, o sil\u00edcio permanecer\u00e1 como o principal material para a eletr\u00f4nica por muito tempo, e com ele, o m\u00e9todo Czochralski continuar\u00e1 sendo necess\u00e1rio e utilizado.<\/p>\n\n<\/div>","protected":false},"excerpt":{"rendered":"<p>Introdu\u00e7\u00e3o Poucas pessoas hoje lembram dos tempos antes da internet e da onipresen\u00e7a da eletr\u00f4nica de semicondutores. No entanto, apenas algumas d\u00e9cadas se passaram. A pr\u00f3xima etapa de nossa civiliza\u00e7\u00e3o, &#8230; <a title=\"M\u00e9todo\" class=\"read-more\" href=\"https:\/\/janczochralski.com\/pt-br\/metodo\/\" aria-label=\"Read more about M\u00e9todo\">Read More<\/a><\/p>\n","protected":false},"author":1,"featured_media":0,"parent":0,"menu_order":0,"comment_status":"closed","ping_status":"closed","template":"","meta":{"footnotes":""},"class_list":["post-7125","page","type-page","status-publish"],"_links":{"self":[{"href":"https:\/\/janczochralski.com\/pt-br\/wp-json\/wp\/v2\/pages\/7125","targetHints":{"allow":["GET"]}}],"collection":[{"href":"https:\/\/janczochralski.com\/pt-br\/wp-json\/wp\/v2\/pages"}],"about":[{"href":"https:\/\/janczochralski.com\/pt-br\/wp-json\/wp\/v2\/types\/page"}],"author":[{"embeddable":true,"href":"https:\/\/janczochralski.com\/pt-br\/wp-json\/wp\/v2\/users\/1"}],"replies":[{"embeddable":true,"href":"https:\/\/janczochralski.com\/pt-br\/wp-json\/wp\/v2\/comments?post=7125"}],"version-history":[{"count":3,"href":"https:\/\/janczochralski.com\/pt-br\/wp-json\/wp\/v2\/pages\/7125\/revisions"}],"predecessor-version":[{"id":7260,"href":"https:\/\/janczochralski.com\/pt-br\/wp-json\/wp\/v2\/pages\/7125\/revisions\/7260"}],"wp:attachment":[{"href":"https:\/\/janczochralski.com\/pt-br\/wp-json\/wp\/v2\/media?parent=7125"}],"curies":[{"name":"wp","href":"https:\/\/api.w.org\/{rel}","templated":true}]}}