{"id":4649,"date":"2020-12-19T18:45:36","date_gmt":"2020-12-19T18:45:36","guid":{"rendered":"http:\/\/newpage.janczochralski.com\/?page_id=4649"},"modified":"2025-10-09T20:09:44","modified_gmt":"2025-10-09T20:09:44","slug":"ksiazki","status":"publish","type":"page","link":"https:\/\/janczochralski.com\/sv\/ksiazki\/","title":{"rendered":"Ksi\u0105\u017cki"},"content":{"rendered":"<div class=\"gb-container gb-container-92611472\"><div class=\"gb-inside-container\">\n<div class=\"gb-container gb-container-fc7fac73\"><div class=\"gb-inside-container\">\n\n<h2 class=\"gb-headline gb-headline-081e007c gb-headline-text\">Polecane ksi\u0105\u017cki o prof. Janie Czochralskim<\/h2>\n\n\n<div class=\"gb-grid-wrapper gb-grid-wrapper-6fb93e32\">\n<div class=\"gb-grid-column gb-grid-column-32e5e33e\"><div class=\"gb-container gb-container-32e5e33e\"><div class=\"gb-inside-container\">\n\n<h3 class=\"gb-headline gb-headline-c1765c13\"><span class=\"gb-icon\"><svg aria-hidden=\"true\" height=\"1em\" width=\"1em\" viewBox=\"0 0 448 512\" xmlns=\"http:\/\/www.w3.org\/2000\/svg\"><path fill=\"currentColor\" d=\"M448 360V24c0-13.3-10.7-24-24-24H96C43 0 0 43 0 96v320c0 53 43 96 96 96h328c13.3 0 24-10.7 24-24v-16c0-7.5-3.5-14.3-8.9-18.7-4.2-15.4-4.2-59.3 0-74.7 5.4-4.3 8.9-11.1 8.9-18.6zM128 134c0-3.3 2.7-6 6-6h212c3.3 0 6 2.7 6 6v20c0 3.3-2.7 6-6 6H134c-3.3 0-6-2.7-6-6v-20zm0 64c0-3.3 2.7-6 6-6h212c3.3 0 6 2.7 6 6v20c0 3.3-2.7 6-6 6H134c-3.3 0-6-2.7-6-6v-20zm253.4 250H96c-17.7 0-32-14.3-32-32 0-17.6 14.4-32 32-32h285.4c-1.9 17.1-1.9 46.9 0 64z\"><\/path><\/svg><\/span><span class=\"gb-headline-text\">Powr\u00f3t. Rzecz o Janie Czochralskim (Wydanie II)<\/span><\/h3>\n\n\n\n<p>Kim by\u0142 i czego dokona\u0142 Jan Czochralski (1885\u20131953), \u017ce jego nazwisko jest najcz\u0119\u015bciej w \u015bwiecie wymienianym w publikacjach naukowych nazwiskiem Polaka? Czy tytu\u0142y \u201epraojca elektroniki p\u00f3\u0142przewodnikowej\u201d i \u201eojca wsp\u00f3\u0142czesnej cywilizacji elektronicznej\u201d s\u0105 uzasadnione? Czy znamy kulisy jego wsp\u00f3\u0142pracy z polskim wywiadem wojskowym?<br><\/p>\n\n\n\n<p>Prezentowana ksi\u0105\u017cka jest drugim wydaniem, powa\u017cnie poszerzonym i uzupe\u0142nionym, monografii z 2012 r. wydanej z okazji Roku Jana Czochralskiego. Minione lata pozwoli\u0142y na dokonanie wielu nowych odkry\u0107 i wyja\u015bni\u0107 niekt\u00f3re zagadki z \u017cycia tego najwi\u0119kszego wsp\u00f3\u0142czesnego polskiego uczonego.<br><em>Powr\u00f3t. Rzecz o Janie Czochralskim<\/em>&nbsp;pokazuje nie tylko \u017cycie uczonego i rol\u0119 jego najwa\u017cniejszego odkrycia z 1916 r. (tzw. metody Czochralskiego otrzymywania monokryszta\u0142\u00f3w), kt\u00f3re sta\u0142o si\u0119 podstaw\u0105 dla dzisiejszej cywilizacji elektronicznej, ale tak\u017ce opowiada o wielokrotnie podejmowanych pr\u00f3bach przywr\u00f3cenia dobrego imienia prof. Czochralskiemu i o inicjatywach upami\u0119tniaj\u0105cych posta\u0107 tego ciekawego cz\u0142owieka i badacza przyrody.<\/p>\n\n\n\n<h4 class=\"gb-headline gb-headline-bc057ee8 gb-headline-text\">Informacje o ksi\u0105\u017cce:<\/h4>\n\n\n\n<p>Autor: Pawe\u0142 E. Tomaszewski<br>Wydawnictwo: Oficyna Wydawnicza ATUT<br>J\u0119zyk: polski<br>Rok wydania: 2021<br>Ilo\u015b\u0107 stron: 680<br>Oprawa: twarda<\/p>\n\n\n\n<div class=\"wp-block-buttons is-layout-flex wp-block-buttons-is-layout-flex\">\n<div class=\"wp-block-button\"><a class=\"wp-block-button__link wp-element-button\" href=\"https:\/\/www.atutoficyna.pl\/szukaj?func=productPage&amp;wid=57&amp;pid=1822&amp;cid=0&amp;prid=\" target=\"_blank\" rel=\"noreferrer noopener\">Link do sklepu<\/a><\/div>\n<\/div>\n\n<\/div><\/div><\/div>\n\n<div class=\"gb-grid-column gb-grid-column-b356b292\"><div class=\"gb-container gb-container-b356b292\"><div class=\"gb-inside-container\">\n\n<figure class=\"wp-block-image size-full is-resized\"><img loading=\"lazy\" decoding=\"async\" width=\"498\" height=\"770\" src=\"http:\/\/janczochralski.com\/wp-content\/uploads\/2025\/07\/Ksiazka-powrot.jpg\" alt=\"\" class=\"wp-image-6211\" style=\"width:270px\" srcset=\"https:\/\/janczochralski.com\/wp-content\/uploads\/2025\/07\/Ksiazka-powrot.jpg 498w, https:\/\/janczochralski.com\/wp-content\/uploads\/2025\/07\/Ksiazka-powrot-194x300.jpg 194w\" sizes=\"auto, (max-width: 498px) 100vw, 498px\" \/><\/figure>\n\n<\/div><\/div><\/div>\n<\/div>\n<\/div><\/div>\n\n\n<hr class=\"wp-block-separator has-text-color has-accent-color has-alpha-channel-opacity has-accent-background-color has-background aligncenter is-style-dots\"\/>\n\n\n<div class=\"gb-container gb-container-db80732f\"><div class=\"gb-inside-container\">\n<div class=\"gb-grid-wrapper gb-grid-wrapper-51080d1c\">\n<div class=\"gb-grid-column gb-grid-column-05f56660\"><div class=\"gb-container gb-container-05f56660\"><div class=\"gb-inside-container\">\n\n<h3 class=\"gb-headline gb-headline-cfc09202\"><span class=\"gb-icon\"><svg aria-hidden=\"true\" height=\"1em\" width=\"1em\" viewBox=\"0 0 448 512\" xmlns=\"http:\/\/www.w3.org\/2000\/svg\"><path fill=\"currentColor\" d=\"M448 360V24c0-13.3-10.7-24-24-24H96C43 0 0 43 0 96v320c0 53 43 96 96 96h328c13.3 0 24-10.7 24-24v-16c0-7.5-3.5-14.3-8.9-18.7-4.2-15.4-4.2-59.3 0-74.7 5.4-4.3 8.9-11.1 8.9-18.6zM128 134c0-3.3 2.7-6 6-6h212c3.3 0 6 2.7 6 6v20c0 3.3-2.7 6-6 6H134c-3.3 0-6-2.7-6-6v-20zm0 64c0-3.3 2.7-6 6-6h212c3.3 0 6 2.7 6 6v20c0 3.3-2.7 6-6 6H134c-3.3 0-6-2.7-6-6v-20zm253.4 250H96c-17.7 0-32-14.3-32-32 0-17.6 14.4-32 32-32h285.4c-1.9 17.1-1.9 46.9 0 64z\"><\/path><\/svg><\/span><span class=\"gb-headline-text\">Powr\u00f3t. Rzecz o Janie Czochralskim<\/span><\/h3>\n\n\n\n<p>Kim by\u0142 i co zdzia\u0142a\u0142 Jan Czochralski (1885-1953), \u017ce jego nazwisko jest najcz\u0119\u015bciej na \u015bwiecie wymienianym w publikacjach naukowych nazwiskiem Polaka? Czy tytu\u0142 \u201epraojca elektroniki p\u00f3\u0142przewodnikowej\u201d jest uzasadniony? Czy znamy kulisy wsp\u00f3\u0142pracy z polskim wywiadem wojskowym?<\/p>\n\n\n\n<p>W ksi\u0105\u017cce przedstawiono nie tylko \u017cycie uczonego i role jego najwa\u017cniejszego odkrycia (tzw. metoda Czochralskiego otrzymywania monokryszta\u0142\u00f3w) w rozwoju naszej cywilizacji opartej na kryszta\u0142ach krzemu, lecz tak\u017ce zaprezentowano bogat\u0105 bibliografi\u0119 i pe\u0142ny wykaz jego publikacji i patent\u00f3w. To r\u00f3wnie\u017c opowie\u015b\u0107 o wielokrotnie podejmowanych pr\u00f3bach przywr\u00f3cenia dobrego imienia prof. Czochralskiemu i o najnowszych odkryciach dokonanych w archiwach polskich (dokumenty AK), czeskich i niemieckich (film z 1927 r.).<\/p>\n\n\n\n<h4 class=\"gb-headline gb-headline-94b31843 gb-headline-text\">Informacje o ksi\u0105\u017cce:<\/h4>\n\n\n\n<p>Autor: Pawe\u0142 E. Tomaszewski<br>Wydawnictwo: Oficyna Wydawnicza ATUT<br>J\u0119zyk: polski<br>Rok wydania: 2012<br>Ilo\u015b\u0107 stron: 308<br>Oprawa: twarda<\/p>\n\n\n\n<div class=\"wp-block-buttons is-layout-flex wp-block-buttons-is-layout-flex\">\n<div class=\"wp-block-button\"><a class=\"wp-block-button__link wp-element-button\" href=\"https:\/\/www.atutoficyna.pl\/szukaj?func=productPage&amp;wid=57&amp;pid=514&amp;cid=0&amp;prid=\" target=\"_blank\" rel=\"noreferrer noopener\">Link do sklepu<\/a><\/div>\n<\/div>\n\n<\/div><\/div><\/div>\n\n<div class=\"gb-grid-column gb-grid-column-153d9fbe\"><div class=\"gb-container gb-container-153d9fbe\"><div class=\"gb-inside-container\">\n\n<figure class=\"wp-block-image size-large is-resized\"><img loading=\"lazy\" decoding=\"async\" width=\"540\" height=\"770\" src=\"http:\/\/janczochralski.com\/wp-content\/uploads\/2020\/12\/Powrot_Rzecz_o_Janie_Czochralskim.jpg\" alt=\"\" class=\"wp-image-4654\" style=\"width:270px\" srcset=\"https:\/\/janczochralski.com\/wp-content\/uploads\/2020\/12\/Powrot_Rzecz_o_Janie_Czochralskim.jpg 540w, https:\/\/janczochralski.com\/wp-content\/uploads\/2020\/12\/Powrot_Rzecz_o_Janie_Czochralskim-210x300.jpg 210w\" sizes=\"auto, (max-width: 540px) 100vw, 540px\" \/><\/figure>\n\n<\/div><\/div><\/div>\n<\/div>\n<\/div><\/div>\n\n\n<hr class=\"wp-block-separator has-text-color has-accent-color has-alpha-channel-opacity has-accent-background-color has-background aligncenter is-style-dots\"\/>\n\n\n<div class=\"gb-container gb-container-f10c4e56\"><div class=\"gb-inside-container\">\n<div class=\"gb-grid-wrapper gb-grid-wrapper-ac135592\">\n<div class=\"gb-grid-column gb-grid-column-eda4a2c5\"><div class=\"gb-container gb-container-eda4a2c5\"><div class=\"gb-inside-container\">\n\n<h3 class=\"gb-headline gb-headline-64ed3410\"><span class=\"gb-icon\"><svg aria-hidden=\"true\" height=\"1em\" width=\"1em\" viewBox=\"0 0 448 512\" xmlns=\"http:\/\/www.w3.org\/2000\/svg\"><path fill=\"currentColor\" d=\"M448 360V24c0-13.3-10.7-24-24-24H96C43 0 0 43 0 96v320c0 53 43 96 96 96h328c13.3 0 24-10.7 24-24v-16c0-7.5-3.5-14.3-8.9-18.7-4.2-15.4-4.2-59.3 0-74.7 5.4-4.3 8.9-11.1 8.9-18.6zM128 134c0-3.3 2.7-6 6-6h212c3.3 0 6 2.7 6 6v20c0 3.3-2.7 6-6 6H134c-3.3 0-6-2.7-6-6v-20zm0 64c0-3.3 2.7-6 6-6h212c3.3 0 6 2.7 6 6v20c0 3.3-2.7 6-6 6H134c-3.3 0-6-2.7-6-6v-20zm253.4 250H96c-17.7 0-32-14.3-32-32 0-17.6 14.4-32 32-32h285.4c-1.9 17.1-1.9 46.9 0 64z\"><\/path><\/svg><\/span><span class=\"gb-headline-text\">Jan Czochralski. Restored<\/span><\/h3>\n\n\n\n<p>Angloj\u0119zyczna wersja ksi\u0105\u017cki wydanej wcze\u015bniej pod tytu\u0142em&nbsp;<em>Powr\u00f3t<\/em>. Rzecz o Janie Czochralskim. W publikacji przedstawiono nie tylko \u017cycie Jana Czochralskiego i rol\u0119 jego najwa\u017cniejszego odkrycia (tzw. metody Czochralskiego otrzymywania monokryszta\u0142\u00f3w) w rozwoju naszej cywilizacji opartej na kryszta\u0142ach krzemu, lecz tak\u017ce zaprezentowano bogat\u0105 bibliografi\u0119 i pe\u0142ny wykaz jego publikacji i patent\u00f3w. To r\u00f3wnie\u017c opowie\u015b\u0107 o wielokrotnie podejmowanych pr\u00f3bach przywr\u00f3cenia dobrego imienia uczonemu i o najnowszych odkryciach dokonanych w archiwach polskich (dokumenty AK), czeskich i niemieckich (film z 1927 r.).<\/p>\n\n\n\n<h4 class=\"gb-headline gb-headline-0c2d52c8 gb-headline-text\"><span style=\"text-decoration: underline;\">Informacje o ksi\u0105\u017cce:<\/span><\/h4>\n\n\n\n<p>Autor: Pawe\u0142 E. Tomaszewski<br>Wydawnictwo: Oficyna Wydawnicza ATUT<br>J\u0119zyk: angielski<br>Rok wydania: 2013<br>Ilo\u015b\u0107 stron: 298<br>Oprawa: twarda<\/p>\n\n\n\n<div class=\"wp-block-buttons is-layout-flex wp-block-buttons-is-layout-flex\">\n<div class=\"wp-block-button\"><a class=\"wp-block-button__link wp-element-button\" href=\"https:\/\/www.atutoficyna.pl\/szukaj?func=productPage&amp;wid=57&amp;pid=1380&amp;cid=0&amp;prid=\">Link do sklepu<\/a><\/div>\n<\/div>\n\n<\/div><\/div><\/div>\n\n<div class=\"gb-grid-column gb-grid-column-7acb3459\"><div class=\"gb-container gb-container-7acb3459\"><div class=\"gb-inside-container\">\n\n<figure class=\"wp-block-image size-full is-resized\"><img loading=\"lazy\" decoding=\"async\" width=\"540\" height=\"770\" src=\"http:\/\/janczochralski.com\/wp-content\/uploads\/2025\/09\/RESTORED_Czochralski_powrot_ang.jpg\" alt=\"\" class=\"wp-image-7060\" style=\"width:270px\" srcset=\"https:\/\/janczochralski.com\/wp-content\/uploads\/2025\/09\/RESTORED_Czochralski_powrot_ang.jpg 540w, https:\/\/janczochralski.com\/wp-content\/uploads\/2025\/09\/RESTORED_Czochralski_powrot_ang-210x300.jpg 210w\" sizes=\"auto, (max-width: 540px) 100vw, 540px\" \/><\/figure>\n\n<\/div><\/div><\/div>\n<\/div>\n<\/div><\/div>\n\n\n<hr class=\"wp-block-separator has-text-color has-accent-color has-alpha-channel-opacity has-accent-background-color has-background aligncenter is-style-dots\"\/>\n\n\n<div class=\"gb-container gb-container-f840f24d\"><div class=\"gb-inside-container\">\n<div class=\"gb-grid-wrapper gb-grid-wrapper-76c379ff\">\n<div class=\"gb-grid-column gb-grid-column-3c405a99\"><div class=\"gb-container gb-container-3c405a99\"><div class=\"gb-inside-container\">\n\n<h3 class=\"gb-headline gb-headline-788436b8\"><span class=\"gb-icon\"><svg aria-hidden=\"true\" height=\"1em\" width=\"1em\" viewBox=\"0 0 448 512\" xmlns=\"http:\/\/www.w3.org\/2000\/svg\"><path fill=\"currentColor\" d=\"M448 360V24c0-13.3-10.7-24-24-24H96C43 0 0 43 0 96v320c0 53 43 96 96 96h328c13.3 0 24-10.7 24-24v-16c0-7.5-3.5-14.3-8.9-18.7-4.2-15.4-4.2-59.3 0-74.7 5.4-4.3 8.9-11.1 8.9-18.6zM128 134c0-3.3 2.7-6 6-6h212c3.3 0 6 2.7 6 6v20c0 3.3-2.7 6-6 6H134c-3.3 0-6-2.7-6-6v-20zm0 64c0-3.3 2.7-6 6-6h212c3.3 0 6 2.7 6 6v20c0 3.3-2.7 6-6 6H134c-3.3 0-6-2.7-6-6v-20zm253.4 250H96c-17.7 0-32-14.3-32-32 0-17.6 14.4-32 32-32h285.4c-1.9 17.1-1.9 46.9 0 64z\"><\/path><\/svg><\/span><span class=\"gb-headline-text\">Jan Czochralski i jego metoda \/ <br>Jan Czochralski and his method<\/span><\/h3>\n\n\n\n<p>Ksi\u0105\u017cka wydana z okazji 50. rocznicy \u015bmierci tego wybitnego polskiego uczonego pierwszej po\u0142owy XX w. By\u0142 znanym metalurgiem, chemikiem i metaloznawc\u0105.<\/p>\n\n\n\n<p>Opracowa\u0142 szereg nowych metod badawczych, patent\u00f3w itp. Dzi\u015b, w czasie rewolucji elektronicznej, prof. Czochralski jest znany przede wszystkim ze swojej s\u0142ynnej i szeroko na \u015bwiecie stosowanej metody wzrostu kryszta\u0142\u00f3w nazwanej \u201emetod\u0105 Czochralskiego\u201d, a opublikowanej przed 85 laty.<\/p>\n\n\n\n<p>Do ksi\u0105\u017cki do\u0142\u0105czona jest p\u0142yta CD<\/p>\n\n\n\n<h4 class=\"gb-headline gb-headline-7222a9eb gb-headline-text\"><span style=\"text-decoration: underline;\">Informacje o ksi\u0105\u017cce:<\/span><\/h4>\n\n\n\n<p>Autor: Pawe\u0142 E. Tomaszewski<br>Wydawnictwo: Oficyna Wydawnicza ATUT<br>J\u0119zyk: polski, angielski<br>Rok wydania: 2003<br>Ilo\u015b\u0107 stron: 94<br>Oprawa: mi\u0119kka<\/p>\n\n\n\n<div class=\"wp-block-buttons is-layout-flex wp-block-buttons-is-layout-flex\">\n<div class=\"wp-block-button\"><a class=\"wp-block-button__link wp-element-button\" href=\"https:\/\/www.atutoficyna.pl\/szukaj?func=productPage&amp;wid=57&amp;pid=1023&amp;cid=0&amp;prid=\" target=\"_blank\" rel=\"noreferrer noopener\">Link do sklepu<\/a><\/div>\n<\/div>\n\n<\/div><\/div><\/div>\n\n<div class=\"gb-grid-column gb-grid-column-523fec6f\"><div class=\"gb-container gb-container-523fec6f\"><div class=\"gb-inside-container\">\n\n<figure class=\"wp-block-image size-large is-resized\"><img loading=\"lazy\" decoding=\"async\" width=\"549\" height=\"770\" src=\"http:\/\/janczochralski.com\/wp-content\/uploads\/2020\/12\/jan_czochralski_i_jego_metoda.jpg\" alt=\"\" class=\"wp-image-4662\" style=\"width:270px\" srcset=\"https:\/\/janczochralski.com\/wp-content\/uploads\/2020\/12\/jan_czochralski_i_jego_metoda.jpg 549w, https:\/\/janczochralski.com\/wp-content\/uploads\/2020\/12\/jan_czochralski_i_jego_metoda-214x300.jpg 214w\" sizes=\"auto, (max-width: 549px) 100vw, 549px\" \/><\/figure>\n\n<\/div><\/div><\/div>\n<\/div>\n<\/div><\/div>\n\n\n<hr class=\"wp-block-separator has-text-color has-accent-color has-alpha-channel-opacity has-accent-background-color has-background aligncenter is-style-dots\"\/>\n\n\n<div class=\"gb-container gb-container-f36e0bed\"><div class=\"gb-inside-container\">\n<div class=\"gb-grid-wrapper gb-grid-wrapper-adb1d802\">\n<div class=\"gb-grid-column gb-grid-column-a16732b5\"><div class=\"gb-container gb-container-a16732b5\"><div class=\"gb-inside-container\">\n\n<h3 class=\"gb-headline gb-headline-aeff3f4c\"><span class=\"gb-icon\"><svg aria-hidden=\"true\" height=\"1em\" width=\"1em\" viewBox=\"0 0 448 512\" xmlns=\"http:\/\/www.w3.org\/2000\/svg\"><path fill=\"currentColor\" d=\"M448 360V24c0-13.3-10.7-24-24-24H96C43 0 0 43 0 96v320c0 53 43 96 96 96h328c13.3 0 24-10.7 24-24v-16c0-7.5-3.5-14.3-8.9-18.7-4.2-15.4-4.2-59.3 0-74.7 5.4-4.3 8.9-11.1 8.9-18.6zM128 134c0-3.3 2.7-6 6-6h212c3.3 0 6 2.7 6 6v20c0 3.3-2.7 6-6 6H134c-3.3 0-6-2.7-6-6v-20zm0 64c0-3.3 2.7-6 6-6h212c3.3 0 6 2.7 6 6v20c0 3.3-2.7 6-6 6H134c-3.3 0-6-2.7-6-6v-20zm253.4 250H96c-17.7 0-32-14.3-32-32 0-17.6 14.4-32 32-32h285.4c-1.9 17.1-1.9 46.9 0 64z\"><\/path><\/svg><\/span><span class=\"gb-headline-text\">Kryszta\u0142owe odkrycie. Powie\u015b\u0107 o Janie Czochralskim<\/span><\/h3>\n\n\n\n<p>Oto powie\u015b\u0107 o ubogim synu stolarza, pasjonacie, kt\u00f3ry zosta\u0142 profesorem, nie maj\u0105c matury. O cz\u0142owieku, kt\u00f3ry \u201eprzez przypadek\u201d dokona\u0142 epokowego odkrycia, a dzi\u0119ki swoim wynalazkom sta\u0142 si\u0119 s\u0142awny i bogaty.<\/p>\n\n\n\n<p>Ksi\u0105\u017cka o Janie Czochralskim napisana zosta\u0142a z my\u015bl\u0105 o m\u0142odszym czytelniku, ale mo\u017ce zaciekawi\u0107 ka\u017cdego, bez wzgl\u0119du na to, czy ma on lat 10, czy 110.<br><br>Ksi\u0105\u017cka napisana w ramach stypendium z bud\u017cetu Ministra Kultury i Dziedzictwa Narodowego. Wydana we wsp\u00f3\u0142pracy z Wydawnictwem DEBIT.<\/p>\n\n\n\n<h4 class=\"gb-headline gb-headline-35defb5c gb-headline-text\"><span style=\"text-decoration: underline;\">Informacje o ksi\u0105\u017cce:<\/span><\/h4>\n\n\n\n<p>Autor: Anna Czerwi\u0144ska-Rydel<br>Wydawnictwo: Oficyna Wydawnicza ATUT<br>J\u0119zyk: polski<br>Rok wydania: 2013<br>Ilo\u015b\u0107 stron: 90<br>Oprawa: twarda<\/p>\n\n\n\n<div class=\"wp-block-buttons is-layout-flex wp-block-buttons-is-layout-flex\">\n<div class=\"wp-block-button\"><a class=\"wp-block-button__link wp-element-button\" href=\"https:\/\/www.atutoficyna.pl\/szukaj?func=productPage&amp;wid=57&amp;pid=643&amp;cid=0&amp;prid=\" target=\"_blank\" rel=\"noreferrer noopener\">Link do sklepu<\/a><\/div>\n<\/div>\n\n<\/div><\/div><\/div>\n\n<div class=\"gb-grid-column gb-grid-column-f277d61d\"><div class=\"gb-container gb-container-f277d61d\"><div class=\"gb-inside-container\">\n\n<figure class=\"wp-block-image size-large is-resized\"><img loading=\"lazy\" decoding=\"async\" width=\"540\" height=\"770\" src=\"http:\/\/janczochralski.com\/wp-content\/uploads\/2020\/12\/Krysztaowe_odkrycie_czochralski_oklad_2013.jpg\" alt=\"\" class=\"wp-image-4715\" style=\"width:270px\" srcset=\"https:\/\/janczochralski.com\/wp-content\/uploads\/2020\/12\/Krysztaowe_odkrycie_czochralski_oklad_2013.jpg 540w, https:\/\/janczochralski.com\/wp-content\/uploads\/2020\/12\/Krysztaowe_odkrycie_czochralski_oklad_2013-210x300.jpg 210w\" sizes=\"auto, (max-width: 540px) 100vw, 540px\" \/><\/figure>\n\n<\/div><\/div><\/div>\n<\/div>\n<\/div><\/div>\n\n\n<hr class=\"wp-block-separator has-text-color has-accent-color has-alpha-channel-opacity has-accent-background-color has-background aligncenter is-style-dots\"\/>\n\n\n<div class=\"gb-container gb-container-223f69c6\"><div class=\"gb-inside-container\">\n<div class=\"gb-grid-wrapper gb-grid-wrapper-96cf0953\">\n<div class=\"gb-grid-column gb-grid-column-f9a43e74\"><div class=\"gb-container gb-container-f9a43e74\"><div class=\"gb-inside-container\">\n\n<h3 class=\"gb-headline gb-headline-eb13b487\"><span class=\"gb-icon\"><svg aria-hidden=\"true\" height=\"1em\" width=\"1em\" viewBox=\"0 0 448 512\" xmlns=\"http:\/\/www.w3.org\/2000\/svg\"><path fill=\"currentColor\" d=\"M448 360V24c0-13.3-10.7-24-24-24H96C43 0 0 43 0 96v320c0 53 43 96 96 96h328c13.3 0 24-10.7 24-24v-16c0-7.5-3.5-14.3-8.9-18.7-4.2-15.4-4.2-59.3 0-74.7 5.4-4.3 8.9-11.1 8.9-18.6zM128 134c0-3.3 2.7-6 6-6h212c3.3 0 6 2.7 6 6v20c0 3.3-2.7 6-6 6H134c-3.3 0-6-2.7-6-6v-20zm0 64c0-3.3 2.7-6 6-6h212c3.3 0 6 2.7 6 6v20c0 3.3-2.7 6-6 6H134c-3.3 0-6-2.7-6-6v-20zm253.4 250H96c-17.7 0-32-14.3-32-32 0-17.6 14.4-32 32-32h285.4c-1.9 17.1-1.9 46.9 0 64z\"><\/path><\/svg><\/span><span class=\"gb-headline-text\">Maja. Powie\u015b\u0107 mi\u0142osna<\/span><\/h3>\n\n\n\n<p>Profesor Jan Czochralski by\u0142 wybitnym polskim metaloznawc\u0105 i chemikiem. Na ca\u0142ym \u015bwiecie znany jest jako tw\u00f3rca tzw. metody Czochralskiego otrzymywania monokryszta\u0142\u00f3w. Ma\u0142o kto wie, \u017ce interesowa\u0142 si\u0119 r\u00f3wnie\u017c sztuk\u0105 i literatur\u0105 i pr\u00f3bowa\u0142 swoich si\u0142 w pisaniu. Prezentowany tom liryk\u00f3w jest jego najstarszym znanym dzie\u0142em. Warto pozna\u0107 Jana Czochralskiego i od tej duchowej strony.<\/p>\n\n\n\n<h4 class=\"gb-headline gb-headline-f0777ab6 gb-headline-text\"><span style=\"text-decoration: underline;\">Informacje o ksi\u0105\u017cce:<\/span><\/h4>\n\n\n\n<p>Autor: Jan Czochralski<br>Wydawnictwo: Oficyna Wydawnicza ATUT<br>J\u0119zyk: polski<br>Rok wydania: 2013<br>Ilo\u015b\u0107 stron: 144<br>Oprawa: twarda<\/p>\n\n\n\n<div class=\"wp-block-buttons is-layout-flex wp-block-buttons-is-layout-flex\">\n<div class=\"wp-block-button\"><a class=\"wp-block-button__link wp-element-button\" href=\"https:\/\/www.atutoficyna.pl\/szukaj?func=productPage&amp;wid=57&amp;pid=683&amp;cid=0&amp;prid=\" target=\"_blank\" rel=\"noreferrer noopener\">Link do sklepu<\/a><\/div>\n<\/div>\n\n<\/div><\/div><\/div>\n\n<div class=\"gb-grid-column gb-grid-column-7f6eb87a\"><div class=\"gb-container gb-container-7f6eb87a\"><div class=\"gb-inside-container\">\n\n<figure class=\"wp-block-image size-large is-resized\"><img loading=\"lazy\" decoding=\"async\" width=\"540\" height=\"770\" src=\"http:\/\/janczochralski.com\/wp-content\/uploads\/2020\/12\/Maja_Czochralski_Powies\u0301c\u0301.jpg\" alt=\"\" class=\"wp-image-4719\" style=\"width:270px\" srcset=\"https:\/\/janczochralski.com\/wp-content\/uploads\/2020\/12\/Maja_Czochralski_Powies\u0301c\u0301.jpg 540w, https:\/\/janczochralski.com\/wp-content\/uploads\/2020\/12\/Maja_Czochralski_Powies\u0301c\u0301-210x300.jpg 210w\" sizes=\"auto, (max-width: 540px) 100vw, 540px\" \/><\/figure>\n\n<\/div><\/div><\/div>\n<\/div>\n<\/div><\/div>\n<\/div><\/div>","protected":false},"excerpt":{"rendered":"<p>Polecane ksi\u0105\u017cki o prof. Janie Czochralskim<\/p>\n","protected":false},"author":1,"featured_media":0,"parent":0,"menu_order":0,"comment_status":"closed","ping_status":"closed","template":"","meta":{"footnotes":""},"class_list":["post-4649","page","type-page","status-publish"],"_links":{"self":[{"href":"https:\/\/janczochralski.com\/sv\/wp-json\/wp\/v2\/pages\/4649","targetHints":{"allow":["GET"]}}],"collection":[{"href":"https:\/\/janczochralski.com\/sv\/wp-json\/wp\/v2\/pages"}],"about":[{"href":"https:\/\/janczochralski.com\/sv\/wp-json\/wp\/v2\/types\/page"}],"author":[{"embeddable":true,"href":"https:\/\/janczochralski.com\/sv\/wp-json\/wp\/v2\/users\/1"}],"replies":[{"embeddable":true,"href":"https:\/\/janczochralski.com\/sv\/wp-json\/wp\/v2\/comments?post=4649"}],"version-history":[{"count":55,"href":"https:\/\/janczochralski.com\/sv\/wp-json\/wp\/v2\/pages\/4649\/revisions"}],"predecessor-version":[{"id":7264,"href":"https:\/\/janczochralski.com\/sv\/wp-json\/wp\/v2\/pages\/4649\/revisions\/7264"}],"wp:attachment":[{"href":"https:\/\/janczochralski.com\/sv\/wp-json\/wp\/v2\/media?parent=4649"}],"curies":[{"name":"wp","href":"https:\/\/api.w.org\/{rel}","templated":true}]}}